{"id":12401,"date":"2025-03-24T16:59:03","date_gmt":"2025-03-24T16:59:03","guid":{"rendered":"https:\/\/ayaneo.co\/?post_type=product&#038;p=12401"},"modified":"2025-12-09T00:34:25","modified_gmt":"2025-12-09T00:34:25","slug":"ayaneo-pocket-evo-skarmskydd-copy","status":"publish","type":"product","link":"https:\/\/ayaneo.co\/sv\/product\/ayaneo-pocket-evo-skarmskydd-copy\/","title":{"rendered":"AYANEO 3 Screen Protector - kristallklart skydd f\u00f6r din sk\u00e4rm!"},"content":{"rendered":"\n<p>H\u00e5ll din <strong>AYANEO 3<\/strong> sk\u00e4rm felfri med detta <strong>h\u00f6gkvalitativa sk\u00e4rmskydd<\/strong>! Det h\u00e4r skyddet \u00e4r utformat f\u00f6r att ge <strong>maximal klarhet, rept\u00e5lighet och enkel applicering<\/strong> och s\u00e4kerst\u00e4ller att din spelupplevelse f\u00f6rblir smidig och oavbruten.<\/p>\n\n<h2 class=\"wp-block-heading\"><strong>Viktiga egenskaper:<\/strong><\/h2>\n\n<p><strong>Ultraklar HD-sk\u00e4rm<\/strong> - Bibeh\u00e5ller <strong>\u00e4kta f\u00e4rg\u00e5tergivning<\/strong> och skarpa bilder f\u00f6r en uppslukande upplevelse.<\/p>\n\n<p><strong>Rep- och st\u00f6tt\u00e5lig<\/strong> - Skyddar din sk\u00e4rm fr\u00e5n repor, fall och vardagligt slitage.  <\/p>\n\n<p><strong>Exakt passform och enkel installation<\/strong> - Utformad speciellt f\u00f6r <strong>AYANEO 3<\/strong>, vilket garanterar en s\u00f6ml\u00f6s, bubbelfri applicering.<\/p>\n\n<p><strong>Motst\u00e5ndskraftig mot fingeravtryck<\/strong> och fl\u00e4ckar - Oleofob bel\u00e4ggning avvisar fingeravtryck och fl\u00e4ckar f\u00f6r ett rent utseende.<\/p>\n\n<p><strong>Bubbelfri vidh\u00e4ftning<\/strong> - L\u00e4tt att applicera utan luftbubblor, vilket ger en <strong>j\u00e4mn finish<\/strong> varje g\u00e5ng.<\/p>\n\n<p>Skydda din <strong>AYANEO 3<\/strong> med detta <strong>f\u00f6rstklassiga sk\u00e4rmskydd<\/strong> och <strong>spela<\/strong> med tillf\u00f6rsikt!<\/p>\n\n<p><\/p>\n","protected":false},"excerpt":{"rendered":"<ul>\n<li><strong>Officiellt<\/strong> AYANEO 3-sk\u00e4rmskydd<\/li>\n<li><strong>Ultra-Clear HD<\/strong> - bevarar sk\u00e4rmens kvalitet och f\u00e4rgprecision.<\/li>\n<li><strong>Rep- och st\u00f6tt\u00e5lig<\/strong> - Skyddar mot skador.<\/li>\n<li><strong>Smuts- och fingeravtrycksresistent<\/strong> - h\u00e5ller sk\u00e4rmen ren.<\/li>\n<li><strong>Perfekt passform<\/strong> - Utformad exklusivt f\u00f6r AYANEO 3.<\/li>\n<\/ul>\n[cg_accordion title=\"BETALNINGSINFORMATION\"]<\/p>\n<p>Vi anv\u00e4nder den senaste tekniken f\u00f6r betalningshantering, vilket g\u00f6r att du kan checka ut via Apple Pay, Google Pay, ditt betalkort\/kreditkort, PayPal eller BNPL-metoder som Klarna, Affirm eller AfterPay f\u00f6r en snabb och s\u00e4ker upplevelse.[\/cg_accordion]\n[cg_accordion title=\"GARANTI\"]<\/p>\n<p>1 \u00e5rs garanti fr\u00e5n <a href=\"https:\/\/droix.net\/\" target=\"_blank\" rel=\"nofollow noopener\">DROIX Global<\/a> f\u00f6r att du ska k\u00e4nna dig trygg[\/cg_accordion]\n[cg_accordion title=\"KVALITETSS\u00c4KRING OCH TESTNING F\u00d6RE AVS\u00c4NDNING\"]<\/p>\n<p>S\u00e4kerst\u00e4ller kundn\u00f6jdhet p\u00e5 h\u00f6gsta niv\u00e5: Varje enhet genomg\u00e5r rigor\u00f6s testning och en kvalitetss\u00e4kringskontroll i flera punkter innan den skickas. V\u00e5rt dedikerade team verifierar prestanda, funktionalitet och komponentintegritet f\u00f6r att garantera att din AYANEO-enhet \u00e4r i perfekt skick vid ankomst, vilket ger dig f\u00f6rtroende och sinnesfrid. [\/cg_accordion]\n[cg_accordion title=\"PRISER, SKATTER OCH FRAKT\"]<\/p>\n<p><strong><u>Obs!<\/u><\/strong><\/p>\n<ul>\n<li>Kunder i F\u00f6renta staterna: Det visade priset inkluderar INTE SKATT eller tullar. Ansvaret f\u00f6r att tullklarera och betala eventuell tillh\u00f6rande skatt\/avgift ligger p\u00e5 kunden. <\/li>\n<li>EU-kunder: Det visade priset inkluderar till\u00e4mplig skatt, som kan vara upp till 25% beroende p\u00e5 ditt land.<\/li>\n<li>Kunder i Kanada: Det visade priset inkluderar till\u00e4mpliga skatter, vilket kan inkludera 5% GST och ytterligare Provincial Sales Taxes (PST), Harmonized Sales Tax (HST) eller Quebec Sales Tax (QST), beroende p\u00e5 din provins.<\/li>\n<\/ul>\n<p><strong>ENDAST f\u00f6r EU-kunder:<\/strong> Express DDP (Delivered Duty Paid). Detta betyder: <\/p>\n<ul>\n<li>Alla tullavgifter och skatter ing\u00e5r i det pris som visas p\u00e5 produktsidan.<\/li>\n<li>Du beh\u00f6ver inte betala n\u00e5gra extra avgifter vid leverans.<\/li>\n<li>I s\u00e4llsynta fall av tullrelaterade problem kommer v\u00e5rt team att hantera tullklareringsprocessen f\u00f6r din r\u00e4kning f\u00f6r att s\u00e4kerst\u00e4lla en smidig leveransupplevelse.<\/li>\n<p>Viktig information om returer:<\/p>\n<li>Om du best\u00e4mmer dig f\u00f6r att returnera din best\u00e4llning eller beg\u00e4ra \u00e5terbetalning ska du vara medveten om att skatter och avgifter som betalats f\u00f6r din r\u00e4kning enligt DDP-villkoren inte kan \u00e5terbetalas.<\/li>\n<p>F\u00f6r detaljerad information h\u00e4nvisas till v\u00e5ra allm\u00e4nna <a href=\"https:\/\/ayaneo.co\/sv\/villkor-for-tjansten\/\" target=\"_blank\" rel=\"nofollow noopener\">villkor<\/a>.\n<\/ul>\n<p>[\/cg_accordion]\n[cg_accordion title=\"KUNDTJ\u00c4NST\"]<\/p>\n<p>Har du en fr\u00e5ga? Vi \u00e4r bara ett kort sms bort fr\u00e5n att ha l\u00f6st ditt problem! [\/cg_accordion]\n[cg_accordion title=\"PAKETET INNEH\u00c5LLER\"]<\/p>\n<ul>\n<li>1x AYANEO 3 Sk\u00e4rmskydd<\/li>\n<\/ul>\n<p>[\/cg_accordion]\n","protected":false},"featured_media":45876,"template":"","meta":{"_acf_changed":false},"product_brand":[],"product_cat":[554],"product_tag":[],"class_list":{"0":"post-12401","1":"product","2":"type-product","3":"status-publish","4":"has-post-thumbnail","6":"product_cat-tillbehor","7":"product_shipping_class-low-end","8":"pa_accessory-type-screen-protector-sv","9":"pa_brand-ayaneo","11":"first","12":"instock","13":"sale","14":"taxable","15":"shipping-taxable","16":"purchasable","17":"product-type-simple"},"acf":[],"_links":{"self":[{"href":"https:\/\/ayaneo.co\/sv\/wp-json\/wp\/v2\/product\/12401","targetHints":{"allow":["GET"]}}],"collection":[{"href":"https:\/\/ayaneo.co\/sv\/wp-json\/wp\/v2\/product"}],"about":[{"href":"https:\/\/ayaneo.co\/sv\/wp-json\/wp\/v2\/types\/product"}],"wp:featuredmedia":[{"embeddable":true,"href":"https:\/\/ayaneo.co\/sv\/wp-json\/wp\/v2\/media\/45876"}],"wp:attachment":[{"href":"https:\/\/ayaneo.co\/sv\/wp-json\/wp\/v2\/media?parent=12401"}],"wp:term":[{"taxonomy":"product_brand","embeddable":true,"href":"https:\/\/ayaneo.co\/sv\/wp-json\/wp\/v2\/product_brand?post=12401"},{"taxonomy":"product_cat","embeddable":true,"href":"https:\/\/ayaneo.co\/sv\/wp-json\/wp\/v2\/product_cat?post=12401"},{"taxonomy":"product_tag","embeddable":true,"href":"https:\/\/ayaneo.co\/sv\/wp-json\/wp\/v2\/product_tag?post=12401"}],"curies":[{"name":"wp","href":"https:\/\/api.w.org\/{rel}","templated":true}]}}