{"id":12414,"date":"2025-03-24T16:59:01","date_gmt":"2025-03-24T16:59:01","guid":{"rendered":"https:\/\/ayaneo.co\/?post_type=product&#038;p=12414"},"modified":"2025-12-02T18:15:36","modified_gmt":"2025-12-02T18:15:36","slug":"ayaneo-evo-fodral-i-fickformat-copy","status":"publish","type":"product","link":"https:\/\/ayaneo.co\/sv\/product\/ayaneo-evo-fodral-i-fickformat-copy\/","title":{"rendered":"AYANEO 3 B\u00e4rfodral - Premiumskydd f\u00f6r din handdator!"},"content":{"rendered":"\n<p>H\u00e5ll din <strong>AYANEO 3<\/strong> trygg och s\u00e4ker med detta <strong>slitstarka och eleganta<\/strong> fodral. Fodralet \u00e4r utformat f\u00f6r <strong>maximalt skydd och b\u00e4rbarhet<\/strong> och ser till att din enhet <strong>alltid \u00e4r redo<\/strong> att anv\u00e4ndas var du \u00e4n g\u00e5r. <\/p>\n\n<h3 class=\"wp-block-heading\"><strong>Viktiga egenskaper:<\/strong><\/h3>\n\n<p><strong>Robust och skyddande skal<\/strong> - Skyddar din enhet fr\u00e5n fall, st\u00f6tar och repor.<\/p>\n\n<p><strong>Perfekt passform och ergonomisk design<\/strong> - Speciellt formad f\u00f6r <strong>AYANEO 3<\/strong>, vilket garanterar en \u00e5tsittande <strong>och s\u00e4ker passform<\/strong>.<\/p>\n\n<p><strong>Mjukt innerfoder<\/strong> - F\u00f6rhindrar repor och h\u00e5ller din enhet i perfekt skick.  <\/p>\n\n<p><strong>S\u00e4ker dragkedjest\u00e4ngning<\/strong> - ger <strong>fullgott skydd<\/strong> samtidigt som det \u00e4r l\u00e4tt att komma \u00e5t.<\/p>\n\n<p><strong>B\u00e4rbar och l\u00e4tt<\/strong> - B\u00e4r din AYANEO 3 utan anstr\u00e4ngning med den <strong>avtagbara handledsremmen<\/strong> f\u00f6r bekv\u00e4mlighet.<\/p>\n\n<p>Uppgradera din <strong>AYANEO 3-spelupps\u00e4ttning<\/strong> med denna <strong>viktiga b\u00e4rv\u00e4ska<\/strong> - den <strong>perfekta balansen mellan stil och skydd<\/strong>!<\/p>\n\n<p><\/p>\n","protected":false},"excerpt":{"rendered":"<ul>\n<li><strong>Officiell<\/strong> AYANEO 3 B\u00e4rv\u00e4ska<\/li>\n<li><strong>H\u00e5llbar och st\u00f6ts\u00e4ker<\/strong> - Skyddar mot droppar och repor.<\/li>\n<li><strong>Mjukt innerfoder<\/strong> - H\u00e5ller din enhet i perfekt skick.<\/li>\n<li>S\u00e4kert <strong>blixtl\u00e5s och rem<\/strong> - g\u00f6r det enkelt att b\u00e4ra och s\u00e4kert att f\u00f6rvara.<\/li>\n<li><strong>Perfekt passform<\/strong> - specialformad f\u00f6r AYANEO 3.<\/li>\n<\/ul>\n[cg_accordion title=\"BETALNINGSINFORMATION\"]<\/p>\n<p>Vi anv\u00e4nder den senaste tekniken f\u00f6r betalningshantering, vilket g\u00f6r att du kan checka ut via Apple Pay, Google Pay, ditt betalkort\/kreditkort, PayPal eller BNPL-metoder som Klarna, Affirm eller AfterPay f\u00f6r en snabb och s\u00e4ker upplevelse.[\/cg_accordion]\n[cg_accordion title=\"GARANTI\"]<\/p>\n<p>1 \u00e5rs garanti fr\u00e5n <a href=\"https:\/\/droix.net\/\" target=\"_blank\" rel=\"nofollow noopener\">DROIX Global<\/a> f\u00f6r att du ska k\u00e4nna dig trygg[\/cg_accordion]\n[cg_accordion title=\"KVALITETSS\u00c4KRING OCH TESTNING F\u00d6RE AVS\u00c4NDNING\"]<\/p>\n<p>S\u00e4kerst\u00e4ller kundn\u00f6jdhet p\u00e5 h\u00f6gsta niv\u00e5: Varje enhet genomg\u00e5r rigor\u00f6s testning och en kvalitetss\u00e4kringskontroll i flera punkter innan den skickas. V\u00e5rt dedikerade team verifierar prestanda, funktionalitet och komponentintegritet f\u00f6r att garantera att din AYANEO-enhet \u00e4r i perfekt skick vid ankomst, vilket ger dig f\u00f6rtroende och sinnesfrid. [\/cg_accordion]\n[cg_accordion title=\"PRISER, SKATTER OCH FRAKT\"]<\/p>\n<p><strong><u>Obs!<\/u><\/strong><\/p>\n<ul>\n<li>Kunder i F\u00f6renta staterna: Det visade priset inkluderar INTE SKATT eller tullar. Ansvaret f\u00f6r att tullklarera och betala eventuell tillh\u00f6rande skatt\/avgift ligger p\u00e5 kunden. <\/li>\n<li>EU-kunder: Det visade priset inkluderar till\u00e4mplig skatt, som kan vara upp till 25% beroende p\u00e5 ditt land.<\/li>\n<li>Kunder i Kanada: Det visade priset inkluderar till\u00e4mpliga skatter, vilket kan inkludera 5% GST och ytterligare Provincial Sales Taxes (PST), Harmonized Sales Tax (HST) eller Quebec Sales Tax (QST), beroende p\u00e5 din provins.<\/li>\n<\/ul>\n<p><strong>ENDAST f\u00f6r EU-kunder:<\/strong> Express DDP (Delivered Duty Paid). Detta betyder: <\/p>\n<ul>\n<li>Alla tullavgifter och skatter ing\u00e5r i det pris som visas p\u00e5 produktsidan.<\/li>\n<li>Du beh\u00f6ver inte betala n\u00e5gra extra avgifter vid leverans.<\/li>\n<li>I s\u00e4llsynta fall av tullrelaterade problem kommer v\u00e5rt team att hantera tullklareringsprocessen f\u00f6r din r\u00e4kning f\u00f6r att s\u00e4kerst\u00e4lla en smidig leveransupplevelse.<\/li>\n<p>Viktig information om returer:<\/p>\n<li>Om du best\u00e4mmer dig f\u00f6r att returnera din best\u00e4llning eller beg\u00e4ra \u00e5terbetalning ska du vara medveten om att skatter och avgifter som betalats f\u00f6r din r\u00e4kning enligt DDP-villkoren inte kan \u00e5terbetalas.<\/li>\n<p>F\u00f6r detaljerad information h\u00e4nvisas till v\u00e5ra allm\u00e4nna <a href=\"https:\/\/ayaneo.co\/sv\/villkor-for-tjansten\/\" target=\"_blank\" rel=\"nofollow noopener\">villkor<\/a>.\n<\/ul>\n<p>[\/cg_accordion]\n[cg_accordion title=\"KUNDTJ\u00c4NST\"]<\/p>\n<p>Har du en fr\u00e5ga? Vi \u00e4r bara ett kort sms bort fr\u00e5n att ha l\u00f6st ditt problem! [\/cg_accordion]\n[cg_accordion title=\"PAKETET INNEH\u00c5LLER\"]<\/p>\n<ul>\n<li>1x AYANEO 3 Fodral<\/li>\n<\/ul>\n<p>[\/cg_accordion]\n","protected":false},"featured_media":12448,"template":"","meta":{"_acf_changed":false},"product_brand":[],"product_cat":[554],"product_tag":[],"class_list":{"0":"post-12414","1":"product","2":"type-product","3":"status-publish","4":"has-post-thumbnail","6":"product_cat-tillbehor","7":"product_shipping_class-low-end","8":"pa_accessory-type-protective-case-sv","9":"pa_brand-ayaneo","11":"first","12":"instock","13":"sale","14":"taxable","15":"shipping-taxable","16":"purchasable","17":"product-type-variable","18":"has-default-attributes"},"acf":[],"_links":{"self":[{"href":"https:\/\/ayaneo.co\/sv\/wp-json\/wp\/v2\/product\/12414","targetHints":{"allow":["GET"]}}],"collection":[{"href":"https:\/\/ayaneo.co\/sv\/wp-json\/wp\/v2\/product"}],"about":[{"href":"https:\/\/ayaneo.co\/sv\/wp-json\/wp\/v2\/types\/product"}],"wp:featuredmedia":[{"embeddable":true,"href":"https:\/\/ayaneo.co\/sv\/wp-json\/wp\/v2\/media\/12448"}],"wp:attachment":[{"href":"https:\/\/ayaneo.co\/sv\/wp-json\/wp\/v2\/media?parent=12414"}],"wp:term":[{"taxonomy":"product_brand","embeddable":true,"href":"https:\/\/ayaneo.co\/sv\/wp-json\/wp\/v2\/product_brand?post=12414"},{"taxonomy":"product_cat","embeddable":true,"href":"https:\/\/ayaneo.co\/sv\/wp-json\/wp\/v2\/product_cat?post=12414"},{"taxonomy":"product_tag","embeddable":true,"href":"https:\/\/ayaneo.co\/sv\/wp-json\/wp\/v2\/product_tag?post=12414"}],"curies":[{"name":"wp","href":"https:\/\/api.w.org\/{rel}","templated":true}]}}