{"id":12949,"date":"2025-03-27T09:55:33","date_gmt":"2025-03-27T09:55:33","guid":{"rendered":"https:\/\/ayaneo.co\/product\/ayaneo-air-pro\/"},"modified":"2025-04-11T12:01:00","modified_gmt":"2025-04-11T12:01:00","slug":"ayaneo-air-pro","status":"publish","type":"product","link":"https:\/\/ayaneo.co\/sv\/product\/ayaneo-air-pro\/","title":{"rendered":"AYANEO AIR PRO"},"content":{"rendered":"\n<h2 class=\"wp-block-heading\">AYANEO Luft<\/h2>\n\n<figure class=\"wp-block-image\"><img decoding=\"async\" src=\"https:\/\/droix.net\/wp-content\/uploads\/2022\/10\/TEXT.png\" alt=\"\" title=\"AYA NEO AIR PRO 1\"\/><\/figure>\n\n<figure class=\"wp-block-image\"><img decoding=\"async\" src=\"https:\/\/droix.net\/wp-content\/uploads\/2022\/10\/cpu-perf.png\" alt=\"\" title=\"AYA NEO AIR PRO 2\"\/><\/figure>\n\n<h2 class=\"wp-block-heading\">Kraftfull CPU<\/h2>\n\n<figure class=\"wp-block-image\"><img decoding=\"async\" src=\"https:\/\/droix.net\/wp-content\/uploads\/2022\/10\/oled.png\" alt=\"\" title=\"AYA NEO AIR PRO 3\"\/><\/figure>\n\n<h2 class=\"wp-block-heading\">Crisp OLED Sk\u00e4rm<\/h2>\n\n<figure class=\"wp-block-image\"><img decoding=\"async\" src=\"https:\/\/droix.net\/wp-content\/uploads\/2022\/10\/controller.png\" alt=\"\" title=\"AYA NEO AIR PRO 4\"\/><\/figure>\n\n<h2 class=\"wp-block-heading\">Spelkontroller<\/h2>\n\n<figure class=\"wp-block-image\"><img decoding=\"async\" src=\"https:\/\/droix.net\/wp-content\/uploads\/2022\/10\/hall-joystick.png\" alt=\"\" title=\"AYA NEO AIR PRO 5\"\/><\/figure>\n\n<h2 class=\"wp-block-heading\">HALL Joysticks<\/h2>\n\n<figure class=\"wp-block-image\"><img decoding=\"async\" src=\"https:\/\/droix.net\/wp-content\/uploads\/2022\/10\/light.png\" alt=\"\" title=\"AYA NEO AIR PRO 6\"\/><\/figure>\n\n<h2 class=\"wp-block-heading\">L\u00e4ttvikt<\/h2>\n\n<figure class=\"wp-block-image\"><img decoding=\"async\" src=\"https:\/\/droix.net\/wp-content\/uploads\/2022\/10\/lightweight.png\" alt=\"\" title=\"AYA NEO AIR PRO 7\"\/><\/figure>\n\n<h2 class=\"wp-block-heading\">B\u00e4rbar<\/h2>\n\n<figure class=\"wp-block-image\"><img decoding=\"async\" src=\"https:\/\/droix.net\/wp-content\/uploads\/2022\/10\/ayaspace.png\" alt=\"\" title=\"AYA NEO AIR PRO 8\"\/><\/figure>\n\n<h2 class=\"wp-block-heading\">AYASpace<\/h2>\n\n<figure class=\"wp-block-image\"><img decoding=\"async\" src=\"https:\/\/droix.net\/wp-content\/uploads\/2022\/10\/storage-expansion.png\" alt=\"\" title=\"AYA NEO AIR PRO 9\"\/><\/figure>\n\n<h2 class=\"wp-block-heading\">Expanderbar f\u00f6rvaring<\/h2>\n\n<h2 class=\"wp-block-heading\">AYANEO Luft<\/h2>\n\n<h2 class=\"wp-block-heading\">18mm<\/h2>\n\n<h2 class=\"wp-block-heading\">AYANEO Air Pro<\/h2>\n\n<h2 class=\"wp-block-heading\">21,6 mm<\/h2>\n\n<figure class=\"wp-block-image\"><img decoding=\"async\" src=\"https:\/\/droix.net\/wp-content\/uploads\/2022\/10\/1.png\" alt=\"\" title=\"AYA NEO AIR PRO 10\"\/><\/figure>\n\n<figure class=\"wp-block-image\"><img decoding=\"async\" src=\"https:\/\/droix.net\/wp-content\/uploads\/2022\/10\/2.png\" alt=\"\" title=\"AYA NEO AIR PRO 11\"\/><\/figure>\n\n<figure class=\"wp-block-image\"><img decoding=\"async\" src=\"https:\/\/droix.net\/wp-content\/uploads\/2022\/10\/6.png\" alt=\"\" title=\"AYA NEO AIR PRO 12\"\/><\/figure>\n\n<figure class=\"wp-block-image\"><img decoding=\"async\" src=\"https:\/\/droix.net\/wp-content\/uploads\/2022\/10\/3.png\" alt=\"\" title=\"AYA NEO AIR PRO 13\"\/><\/figure>\n\n<figure class=\"wp-block-image\"><img decoding=\"async\" src=\"https:\/\/droix.net\/wp-content\/uploads\/2022\/10\/8.png\" alt=\"\" title=\"AYA NEO AIR PRO 14\"\/><\/figure>\n\n<figure class=\"wp-block-image\"><img decoding=\"async\" src=\"https:\/\/droix.net\/wp-content\/uploads\/2022\/10\/4.png\" alt=\"\" title=\"AYA NEO AIR PRO 15\"\/><\/figure>\n\n<figure class=\"wp-block-image\"><img decoding=\"async\" src=\"https:\/\/droix.net\/wp-content\/uploads\/2022\/10\/5.png\" alt=\"\" title=\"AYA NEO AIR PRO 16\"\/><\/figure>\n\n<figure class=\"wp-block-image\"><img decoding=\"async\" src=\"https:\/\/droix.net\/wp-content\/uploads\/elementor\/thumbs\/7-q8z5dcnq498hbirw1mfy0omf1l06qm1syszlslccn4.png\" alt=\"7.png\" title=\"7.png\"\/><\/figure>\n\n<figure class=\"wp-block-image\"><img decoding=\"async\" src=\"https:\/\/droix.net\/wp-content\/uploads\/elementor\/thumbs\/9-q8z5dcnq498hbirw1mfy0omf1l06qm1syszlslccn4.png\" alt=\"9.png\" title=\"9.png\"\/><\/figure>\n\n<h2 class=\"wp-block-heading\">Upplev spel genom den skarpa OLED -sk\u00e4rmen<\/h2>\n\n<h2 class=\"wp-block-heading\">Med en 5,5\u2033 AMOLED sk\u00e4rm med h\u00f6gt f\u00e4rgomf\u00e5ng.<\/h2>\n\n<h2 class=\"wp-block-heading\">Wide color gamut effect, NTSC 109%, g\u00f6r sk\u00e4rmen mer realistisk.<br\/>Med ett kontrastf\u00f6rh\u00e5llande p\u00e5 upp till 100000:1 blir f\u00e4rgerna fylligare och mer levande.<br\/>Upplev ren sv\u00e4rta och bilder med h\u00f6g kontrast fr\u00e5n dina favorittitlar. AYANEO Air har den h\u00f6gsta PPI som finns i en Windows Gaming Handheld, med 404 pixlar per tum. <\/h2>\n\n<figure class=\"wp-block-image\"><img decoding=\"async\" src=\"https:\/\/droix.net\/wp-content\/uploads\/2022\/10\/oled-info-1024x309.png\" alt=\"\" title=\"AYA NEO AIR PRO 17\"\/><\/figure>\n\n<h2 class=\"wp-block-heading\">Ultratunn och l\u00e4tt<\/h2>\n\n<h2 class=\"wp-block-heading\">AYANEO Air utvecklades med b\u00e4rbarhet i \u00e5tanke, och f\u00f6r att uppn\u00e5 detta var vi tvungna att kombinera och komprimera ungef\u00e4r 3500 komponenter till denna Windows Gaming Handheld.<br\/>I denna ultrab\u00e4rbara spelhandheld finns h\u00e5rdvara som anses vara v\u00e4rd en b\u00e4rbar dator.<br\/>Och f\u00f6r att avsluta detta vackra paket \u00e4r endast 2 skruvar synliga f\u00f6r slutanv\u00e4ndaren.<\/h2>\n\n<h2 class=\"wp-block-heading\">En ny syn p\u00e5 b\u00e4rbara handdatorer<\/h2>\n\n<h2 class=\"wp-block-heading\">V\u00e4ger endast 398 g*.<\/h2>\n\n<figure class=\"wp-block-image\"><img decoding=\"async\" src=\"https:\/\/droix.net\/wp-content\/uploads\/2022\/10\/ayaneo_air-vs-switch.png\" alt=\"\" title=\"AYA NEO AIR PRO 18\"\/><\/figure>\n\n<h2 class=\"wp-block-heading\">AYANEO Air Lite* - 398g<br\/>AYANEO Air Standard - 398g<br\/>AYANEO Air Pro - 440g<\/h2>\n\n<h2 class=\"wp-block-heading\">Betydligt mindre \u00e4n Steam Deck<br\/> Och \u00e4nnu mindre \u00e4n Switch<\/h2>\n\n<figure class=\"wp-block-image\"><img decoding=\"async\" src=\"https:\/\/droix.net\/wp-content\/uploads\/2022\/10\/ayaneo-sd-switch.png\" alt=\"\" title=\"AYA NEO AIR PRO 19\"\/><\/figure>\n\n<h2 class=\"wp-block-heading\">398g AYANEO Luft<\/h2>\n\n<h2 class=\"wp-block-heading\">223,9\u00d789,4&#215;18 mm<\/h2>\n\n<h2 class=\"wp-block-heading\">420g Nintendo Switch<\/h2>\n\n<h2 class=\"wp-block-heading\">242x102x13,9 mm<\/h2>\n\n<h2 class=\"wp-block-heading\">669g Steam Deck<\/h2>\n\n<h2 class=\"wp-block-heading\">298x117x20mm<\/h2>\n\n<h2 class=\"wp-block-heading\">AAA-spel n\u00e4r du \u00e4r p\u00e5 spr\u00e5ng?<\/h2>\n\n<h2 class=\"wp-block-heading\">AYANEO Air kommer med kraften fr\u00e5n RED, med antingen AMD Ryzen 5 5560U eller 5825U (endast tillg\u00e4nglig i AYANEO Air Pro).<br\/>Dessa APU:er \u00e4r inte bara utm\u00e4rkta f\u00f6r spel, utan ger ocks\u00e5 l\u00e4gre str\u00f6mf\u00f6rbrukning - vilket g\u00f6r att du kan spela dina favoritspel l\u00e4ngre.<\/h2>\n\n<figure class=\"wp-block-image\"><img decoding=\"async\" src=\"https:\/\/droix.net\/wp-content\/uploads\/2022\/10\/cpu-1-1-300x300.png\" alt=\"\" title=\"AYA NEO AIR PRO 20\"\/><\/figure>\n\n<h2 class=\"wp-block-heading\">Tack vare 7nn-processen fr\u00e5n TSMC sparar AYANEO Air str\u00f6m samtidigt som den bibeh\u00e5ller h\u00f6g prestanda i dina favorittitlar.<\/h2>\n\n<figure class=\"wp-block-image\"><img decoding=\"async\" src=\"https:\/\/droix.net\/wp-content\/uploads\/2022\/10\/cpu-2-1-300x300.png\" alt=\"\" title=\"AYA NEO AIR PRO 21\"\/><\/figure>\n\n<h2 class=\"wp-block-heading\">AMD Ryzen 7 5825U APU, som endast finns tillg\u00e4nglig p\u00e5 AYANEO Air Pro, \u00e4r 100 MHz h\u00f6gre \u00e4n 5800U och \u00e4r perfekt f\u00f6r spel p\u00e5 spr\u00e5ng.<\/h2>\n\n<h2 class=\"wp-block-heading\">L\u00e4r dig mer om dina favoritspel<\/h2>\n\n<figure class=\"wp-block-image\"><img decoding=\"async\" src=\"https:\/\/droix.net\/wp-content\/uploads\/2022\/08\/games-1.png\" alt=\"spel-1\" title=\"AYA NEO AIR PRO 22\"\/><\/figure>\n\n<figure class=\"wp-block-image\"><img decoding=\"async\" src=\"https:\/\/droix.net\/wp-content\/uploads\/2022\/08\/games-2.png\" alt=\"spel-2\" title=\"AYA NEO AIR PRO 23\"\/><\/figure>\n\n<figure class=\"wp-block-image\"><img decoding=\"async\" src=\"https:\/\/droix.net\/wp-content\/uploads\/elementor\/thumbs\/ayaneo-master-q8z5dcnq497mmmrgjif980vegtbvts312kqur5jx8g.png\" alt=\"ayaneo-m&#xE4;stare.png\" title=\"ayaneo-m&#xE4;stare.png\"\/><\/figure>\n\n<h2 class=\"wp-block-heading\">Bli en m\u00e4stare p\u00e5 slagf\u00e4ltet med GuliKit.<\/h2>\n\n<h2 class=\"wp-block-heading\">AYANEO, i samarbete med GuliKit, har dedikerat sig till att ge dig den b\u00e4sta spelupplevelsen. Denna PC Gaming Handheld \u00e4r den f\u00f6rsta modellen som \u00e4r utrustad med de h\u00f6gkvalitativa GuliKit-joystickarna. <\/h2>\n\n<figure class=\"wp-block-image\"><img decoding=\"async\" src=\"https:\/\/droix.net\/wp-content\/uploads\/elementor\/thumbs\/gulikit-logo-q8z5dcnq497ijbaloaorilpee1n1klosjvnack8xkw.png\" alt=\"gulikit-logo.png\" title=\"gulikit-logo.png\"\/><\/figure>\n\n<figure class=\"wp-block-image\"><img decoding=\"async\" src=\"https:\/\/droix.net\/wp-content\/uploads\/2022\/10\/ayaneo-joystick-device.png\" alt=\"\" title=\"AYA NEO AIR PRO 24\"\/><\/figure>\n\n<h2 class=\"wp-block-heading\">Ingen d\u00f6d zon Joysticks<\/h2>\n\n<h2 class=\"wp-block-heading\">Inre och yttre cirklar \u00e4r 100% fria fr\u00e5n &#8221;d\u00f6da zoner\"<br\/>Detta \u00e4r perfekt f\u00f6r FPS-spel.<\/h2>\n\n<h2 class=\"wp-block-heading\">Justering av avtryckark\u00e4nslighet<\/h2>\n\n<h2 class=\"wp-block-heading\">Med hj\u00e4lp av AYA Space kan du enkelt styra avtryckarens tryckslag. Detta g\u00f6r att du kan trycka p\u00e5 avtryckarna 50%, f\u00f6r full effekt. <\/h2>\n\n<h2 class=\"wp-block-heading\">Noll effekt i standby<\/h2>\n\n<h2 class=\"wp-block-heading\">Du kan st\u00e4nga av styrenheterna i AYA Space, vilket sparar str\u00f6m.<\/h2>\n\n<h2 class=\"wp-block-heading\">A-B X-Y nyckelv\u00e4xling<\/h2>\n\n<h2 class=\"wp-block-heading\">\u00c4r du van vid den japanska layouten? Det \u00e4r inget problem! Med AYA Space kan du byta ut layouten.  <\/h2>\n\n<figure class=\"wp-block-image\"><img decoding=\"async\" src=\"https:\/\/droix.net\/wp-content\/uploads\/2022\/10\/11.png\" alt=\"\" title=\"AYA NEO AIR PRO 25\"\/><\/figure>\n\n<h2 class=\"wp-block-heading\">Ingen drift<\/h2>\n\n<h2 class=\"wp-block-heading\">AYANEO Airs joysticks anv\u00e4nder elektromagnetiska vippor f\u00f6r att s\u00e4kerst\u00e4lla att joysticken inte glider iv\u00e4g.<\/h2>\n\n<figure class=\"wp-block-image\"><img decoding=\"async\" src=\"https:\/\/droix.net\/wp-content\/uploads\/2022\/10\/22.png\" alt=\"\" title=\"AYA NEO AIR PRO 26\"\/><\/figure>\n\n<h2 class=\"wp-block-heading\">Ingen d\u00f6d zon<\/h2>\n\n<h2 class=\"wp-block-heading\">Styrspakarna p\u00e5 AYANEO Air har ingen d\u00f6dzon i styrspakarnas mitt- och ytterringar.<\/h2>\n\n<figure class=\"wp-block-image\"><img decoding=\"async\" src=\"https:\/\/droix.net\/wp-content\/uploads\/2022\/10\/33.png\" alt=\"\" title=\"AYA NEO AIR PRO 27\"\/><\/figure>\n\n<h2 class=\"wp-block-heading\">H\u00f6g precision<\/h2>\n\n<h2 class=\"wp-block-heading\">G\u00f6r det m\u00f6jligt f\u00f6r dig att f\u00e5 de d\u00e4r sv\u00e5rf\u00e5ngade skotten i FPS och smidigt styra ditt fordon i k\u00f6rspel<\/h2>\n\n<figure class=\"wp-block-image\"><img decoding=\"async\" src=\"https:\/\/droix.net\/wp-content\/uploads\/2022\/10\/44.png\" alt=\"\" title=\"AYA NEO AIR PRO 28\"\/><\/figure>\n\n<h2 class=\"wp-block-heading\">L\u00e5ng livsl\u00e4ngd<\/h2>\n\n<h2 class=\"wp-block-heading\">Hall-joystickarna har en livsl\u00e4ngd p\u00e5 5 miljoner anv\u00e4ndningstillf\u00e4llen. Detta kommer att s\u00e4kerst\u00e4lla att din AYANEO Air beter sig <\/h2>\n\n<h2 class=\"wp-block-heading\">EXKLUSIVT f\u00f6r AYANEO Devices<\/h2>\n\n<h2 class=\"wp-block-heading\">AYA Space<\/h2>\n\n<h2 class=\"wp-block-heading\">Med AYA Space kan du hantera och starta dina favoritspel p\u00e5 n\u00e5gra sekunder.<br\/>Med AYA Space kan du st\u00e4lla in prestandaprofiler f\u00f6r varje spel och styra enhetens huvudfunktioner.<br\/> AYANEO Air har en s\u00e4rskild AYA Space-knapp som enkelt kan visa \u00f6verl\u00e4gget, s\u00e5 att du kan justera ljusstyrka, volym och TDP - allt med en knapptryckning.<\/h2>\n\n<figure class=\"wp-block-image\"><img decoding=\"async\" src=\"https:\/\/droix.net\/wp-content\/uploads\/2022\/10\/ayaspace-ui-768x625.png\" alt=\"\" title=\"AYA NEO AIR PRO 29\"\/><\/figure>\n\n<h2 class=\"wp-block-heading\">H\u00f6ghastighetslagring, oavsett om det \u00e4r internt eller externt<\/h2>\n\n<h2 class=\"wp-block-heading\">Internt SSD<\/h2>\n\n<h2 class=\"wp-block-heading\">Inbyggd h\u00f6ghastighets-NVMe SSD med upp till 2 TB kapacitet<\/h2>\n\n<figure class=\"wp-block-image\"><img decoding=\"async\" src=\"https:\/\/droix.net\/wp-content\/uploads\/2022\/10\/storage-1.png\" alt=\"\" title=\"AYA NEO AIR PRO 30\"\/><\/figure>\n\n<h2 class=\"wp-block-heading\">TF\/Micro SD-kortplats<\/h2>\n\n<h2 class=\"wp-block-heading\">G\u00f6r att du enkelt kan uppgradera ditt internminne.<\/h2>\n\n<figure class=\"wp-block-image\"><img decoding=\"async\" src=\"https:\/\/droix.net\/wp-content\/uploads\/2022\/10\/storage-2.png\" alt=\"\" title=\"AYA NEO AIR PRO 31\"\/><\/figure>\n\n<figure class=\"wp-block-image\"><img decoding=\"async\" src=\"https:\/\/droix.net\/wp-content\/uploads\/2022\/10\/multi-use.jpg\" alt=\"\" title=\"AYA NEO AIR PRO 32\"\/><\/figure>\n","protected":false},"excerpt":{"rendered":"<ul>\n<li>AMD <strong>Ryzen 5 5560U<\/strong> \/ AMD <strong>Ryzen 7 5825U<\/strong><\/li>\n<li><strong>16GB<\/strong> LPDDR4x @ 4266Mhz<\/li>\n<li><strong>upp till 1 TB<\/strong> H\u00f6ghastighets PCI-E <strong>M.2<\/strong> 2280 SSD<\/li>\n<li><strong>5,5<\/strong> \" <strong> OLED Peksk\u00e4rm<\/strong> <\/li>\n<li>St\u00f6d f\u00f6r <strong>WiFi 6<\/strong> och <strong>Bluetooth 5.2<\/strong> <\/li>\n<\/ul>\n[cg_accordion title=\"Garanti\"]<\/p>\n<p>AYANEO AIR PRO st\u00f6ds av en 1 \u00e5rs garanti fr\u00e5n <a href=\"https:\/\/droix.net\/\">DROIX Global<\/a> [\/cg_accordion]\n[cg_accordion title=\"Priser, skatter och frakt\"]<\/p>\n<p><strong><u>Obs!<\/u><\/strong><\/p>\n<ul>\n<li>Kunder i F\u00f6renta staterna: Det visade priset inkluderar till\u00e4mplig TAX enligt din stat.<\/li>\n<li>EU-kunder: Det visade priset inkluderar till\u00e4mplig skatt, som kan vara upp till 25% beroende p\u00e5 ditt land.<\/li>\n<li>Kunder i Kanada: Det visade priset inkluderar till\u00e4mpliga skatter, vilket kan inkludera 5% GST och ytterligare Provincial Sales Taxes (PST), Harmonized Sales Tax (HST) eller Quebec Sales Tax (QST), beroende p\u00e5 din provins.<\/li>\n<\/ul>\n<p>[\/cg_accordion]\n[cg_accordion title=\"Frakt och returer\"]<\/p>\n<p>Organiserad av <a href=\"https:\/\/droix.net\/\" target=\"_blank\" rel=\"nofollow noopener\">DROIX<\/a>, en officiell AYANEO Distribut\u00f6r, vi skickar med DHL Express DDP (Delivered Duty Paid). Detta betyder: <\/p>\n<p>Express DDP (Delivered Duty Paid). Detta inneb\u00e4r: <\/p>\n<ul>\n<li>Alla tullavgifter och skatter ing\u00e5r i det pris som visas p\u00e5 produktsidan.<\/li>\n<li>Du beh\u00f6ver inte betala n\u00e5gra extra avgifter vid leverans.<\/li>\n<li>I s\u00e4llsynta fall av tullrelaterade problem kommer v\u00e5rt team att hantera tullklareringsprocessen f\u00f6r din r\u00e4kning f\u00f6r att s\u00e4kerst\u00e4lla en smidig leveransupplevelse.<\/li>\n<p>Viktig information om returer:<\/p>\n<li>Om du best\u00e4mmer dig f\u00f6r att returnera din best\u00e4llning eller beg\u00e4ra \u00e5terbetalning ska du vara medveten om att skatter och avgifter som betalats f\u00f6r din r\u00e4kning enligt DDP-villkoren inte kan \u00e5terbetalas.<\/li>\n<p>F\u00f6r detaljerad information h\u00e4nvisas till v\u00e5ra allm\u00e4nna <a href=\"https:\/\/ayaneo.co\/terms-of-service-2\/\" target=\"_blank\" rel=\"nofollow noopener\">villkor<\/a>.\n<\/ul>\n<p>[\/cg_accordion]\n[cg_accordion title=\"Kundtj\u00e4nst\"]<\/p>\n<p>Har du en fr\u00e5ga? Vi \u00e4r bara ett kort sms bort fr\u00e5n att ha l\u00f6st ditt problem! [\/cg_accordion]\n[cg_accordion title=\"Paketet inneh\u00e5ller\"]<\/p>\n<ul>\n<li>1x AYANEO AIR PRO spelhandh\u00e5llare<\/li>\n<li>1x USB typ C-kabel<\/li>\n<li>1x n\u00e4tadapter<\/li>\n<li>1x Anv\u00e4ndarhandbok<\/li>\n<\/ul>\n<p>[\/cg_accordion]\n","protected":false},"featured_media":12524,"template":"","meta":{"_acf_changed":false},"product_brand":[],"product_cat":[541],"product_tag":[],"class_list":{"0":"post-12949","1":"product","2":"type-product","3":"status-publish","4":"has-post-thumbnail","6":"product_cat-handhallna-speldatorer","7":"product_shipping_class-premium","8":"pa_brand-ayaneo","9":"pa_graphics-gpu-model-radeon-graphics","10":"pa_operating-system-windows-11-home","11":"pa_processor-cpu-brand-amd","13":"first","14":"outofstock","15":"taxable","16":"shipping-taxable","17":"purchasable","18":"product-type-variable","19":"has-default-attributes"},"acf":[],"_links":{"self":[{"href":"https:\/\/ayaneo.co\/sv\/wp-json\/wp\/v2\/product\/12949","targetHints":{"allow":["GET"]}}],"collection":[{"href":"https:\/\/ayaneo.co\/sv\/wp-json\/wp\/v2\/product"}],"about":[{"href":"https:\/\/ayaneo.co\/sv\/wp-json\/wp\/v2\/types\/product"}],"wp:featuredmedia":[{"embeddable":true,"href":"https:\/\/ayaneo.co\/sv\/wp-json\/wp\/v2\/media\/12524"}],"wp:attachment":[{"href":"https:\/\/ayaneo.co\/sv\/wp-json\/wp\/v2\/media?parent=12949"}],"wp:term":[{"taxonomy":"product_brand","embeddable":true,"href":"https:\/\/ayaneo.co\/sv\/wp-json\/wp\/v2\/product_brand?post=12949"},{"taxonomy":"product_cat","embeddable":true,"href":"https:\/\/ayaneo.co\/sv\/wp-json\/wp\/v2\/product_cat?post=12949"},{"taxonomy":"product_tag","embeddable":true,"href":"https:\/\/ayaneo.co\/sv\/wp-json\/wp\/v2\/product_tag?post=12949"}],"curies":[{"name":"wp","href":"https:\/\/api.w.org\/{rel}","templated":true}]}}