{"id":13175,"date":"2025-01-28T11:05:14","date_gmt":"2025-01-28T11:05:14","guid":{"rendered":"https:\/\/ayaneo.co\/product\/droix-pm14-4k-barbar-bildskarm\/"},"modified":"2025-06-06T10:40:45","modified_gmt":"2025-06-06T10:40:45","slug":"droix-pm14-4k-barbar-bildskarm","status":"publish","type":"product","link":"https:\/\/ayaneo.co\/sv\/product\/droix-pm14-4k-barbar-bildskarm\/","title":{"rendered":"DroiX PM14 4K b\u00e4rbar bildsk\u00e4rm"},"content":{"rendered":"\n<div class=\"wp-block-columns is-layout-flex wp-container-core-columns-is-layout-28f84493 wp-block-columns-is-layout-flex\">\n<div class=\"wp-block-column is-layout-flow wp-block-column-is-layout-flow\" style=\"flex-basis:33.33%\">\n<figure class=\"wp-block-image size-large\"><a href=\"https:\/\/droix.net\/wp-content\/uploads\/2024\/05\/DROIX-PM14-LISTING-V2-DONE-01-NON-TOUCH.png\" target=\"_blank\" rel=\"noopener\"><img decoding=\"async\" src=\"https:\/\/droix.net\/wp-content\/uploads\/2024\/05\/DROIX-PM14-LISTING-V2-DONE-01-NON-TOUCH-1024x1024.png\" alt=\"Bild av DroiX b&#xE4;rbar bildsk&#xE4;rm, 14 tum, 4K, ultratunn&quot;\" class=\"wp-image-179745\"\/><\/a><\/figure>\n<\/div>\n\n\n\n<div class=\"wp-block-column is-layout-flow wp-block-column-is-layout-flow\" style=\"flex-basis:66.66%\">\n<h3 class=\"wp-block-heading\"><strong>DroiX PM14 - 14,0 tums 4K ultratunn b\u00e4rbar bildsk\u00e4rm<\/strong><\/h3>\n\n\n\n<p>Uppt\u00e4ck de senaste framstegen inom bildsk\u00e4rmsteknik med DroiX PM14, en 14,0-tums ultratunn b\u00e4rbar bildsk\u00e4rm som finns i b\u00e5de peksk\u00e4rms- och icke-peksk\u00e4rmsvarianter. Denna innovativa enhet s\u00e4tter en ny standard f\u00f6r mobil datoranv\u00e4ndning genom att kombinera robust prestanda med exceptionell b\u00e4rbarhet och en modern design. Oavsett om du \u00e4r professionell eller en underh\u00e5llningsentusiast \u00e4r DroiX PM14 4K b\u00e4rbar bildsk\u00e4rm utformad f\u00f6r att s\u00f6ml\u00f6st integreras i din dynamiska livsstil, vilket ger viktig m\u00e5ngsidighet oavsett om du \u00e4r hemma, p\u00e5 kontoret eller p\u00e5 resande fot.  <\/p>\n<\/div>\n<\/div>\n\n<h3 class=\"wp-block-heading\"><strong>Produkt\u00f6versikt<\/strong><\/h3>\n\n<figure class=\"wp-block-image aligncenter size-large\"><a href=\"https:\/\/droix.net\/wp-content\/uploads\/2024\/04\/1080P-FHD.jpg\" target=\"_blank\" rel=\"noopener\"><img decoding=\"async\" src=\"https:\/\/droix.net\/wp-content\/uploads\/2024\/04\/1080P-FHD-1024x420.jpg\" alt=\"Bild av DroiX b&#xE4;rbar bildsk&#xE4;rm, 14 tum, 4K, ultratunn, med en skarp 3840x2160 UHD-uppl&#xF6;sning med levande f&#xE4;rger och otrolig detaljrikedom, DCI-P3 100% f&#xE4;rgskala och HDR400-st&#xF6;d\" class=\"wp-image-178360\"\/><\/a><\/figure>\n\n<p>Den b\u00e4rbara monitorn DroiX PM14 visar modern teknik n\u00e4r den \u00e4r som b\u00e4st, med en levande 3840&#215;2160 UHD-uppl\u00f6sning som ger inneh\u00e5ll liv med livfulla f\u00e4rger och exceptionella detaljer. Med ett DCI-P3 100% f\u00e4rgomf\u00e5ng och HDR400-st\u00f6d levererar den fantastiska bilder som k\u00e4nnetecknas av djupa svarta och ljusa vita. Den slimmade profilen och l\u00e4tta designen garanterar ultimat b\u00e4rbarhet utan att kompromissa med kvalitet eller prestanda.  <\/p>\n\n<figure class=\"wp-block-image aligncenter size-large\"><a href=\"https:\/\/droix.net\/wp-content\/uploads\/2024\/04\/Color.jpg\" target=\"_blank\" rel=\"noopener\"><img decoding=\"async\" src=\"https:\/\/droix.net\/wp-content\/uploads\/2024\/04\/Color-1024x406.jpg\" alt=\"Bild av DroiX B&#xE4;rbar bildsk&#xE4;rm, 14 tum, 4K, ultratunn, med DCI-P3 100% f&#xE4;rgskala och HDR400-st&#xF6;d f&#xF6;r fantastiska bilder med djupa svarta och ljusa vita. Smal profil och l&#xE4;ttviktsdesign f&#xF6;r ultimat b&#xE4;rbarhet utan att g&#xF6;ra avkall p&#xE5; kvalitet eller prestanda. \" class=\"wp-image-178361\"\/><\/a><\/figure>\n\n<p>DroiX PM14 \u00e4r ergonomiskt utformad och har ett anv\u00e4ndarv\u00e4nligt kontrollhjul och m\u00e5ngsidiga anslutningsm\u00f6jligheter som Mini HDMI och flera USB-C-portar. Detta g\u00f6r den anpassningsbar f\u00f6r alla dina enheter, oavsett om du spelar p\u00e5 PlayStation, redigerar videor p\u00e5 Mac eller presenterar fr\u00e5n din b\u00e4rbara dator. PM14 integreras s\u00f6ml\u00f6st i alla installationer och erbjuder l\u00e5g str\u00f6mf\u00f6rbrukning och h\u00f6geffektiv prestanda s\u00e5 att du kan arbeta l\u00e4ngre utan att beh\u00f6va oroa dig f\u00f6r att t\u00f6mma dina enheters batterier.  <\/p>\n\n<figure class=\"wp-block-image aligncenter size-large\"><a href=\"https:\/\/droix.net\/wp-content\/uploads\/2024\/04\/Modes.jpg\" target=\"_blank\" rel=\"noopener\"><img decoding=\"async\" src=\"https:\/\/droix.net\/wp-content\/uploads\/2024\/04\/Modes-1024x419.jpg\" alt=\"Bild av DroiX B&#xE4;rbar bildsk&#xE4;rm, 14 tum, 4K, ultratunn, kompatibel med b&#xE4;rbara datorer, Mac, smartphones, surfplattor, datorer, PS3\/4\/5, Xbox och Switc\" class=\"wp-image-178357\"\/><\/a><\/figure>\n\n<h3 class=\"wp-block-heading\"><strong>Detaljerade funktioner<\/strong><\/h3>\n\n<ul class=\"wp-block-list\">\n<li>Prestanda: Den b\u00e4rbara 4K-sk\u00e4rmen DroiX PM14 ger en responsiv och uppslukande tittarupplevelse med en uppdateringsfrekvens p\u00e5 60 Hz och en svarshastighet p\u00e5 2,5 ms, vilket garanterar smidiga r\u00f6relser och skarpa bilder \u00e4ven i h\u00f6ghastighetsscener. Den har en luminans p\u00e5 500 cd\/m\u00b2 och ett kontrastf\u00f6rh\u00e5llande p\u00e5 1500:1, vilket ger utm\u00e4rkt synlighet i olika ljusf\u00f6rh\u00e5llanden. <\/li>\n\n\n\n<li>Anslutningsm\u00f6jligheter: DroiX PM14 erbjuder m\u00e5ngsidiga anslutningsm\u00f6jligheter, med tv\u00e5 USB-C-portar f\u00f6r str\u00f6mf\u00f6rs\u00f6rjning och \u00f6verf\u00f6ring av videodata, en extra USB-C-port f\u00f6r kringutrustning som tangentbord och m\u00f6ss, en Mini HDMI-port f\u00f6r konventionella videoanslutningar och ett ljuduttag f\u00f6r privat lyssning.<\/li>\n<\/ul>\n\n<figure class=\"wp-block-image aligncenter size-large\"><a href=\"https:\/\/droix.net\/wp-content\/uploads\/2024\/04\/interface.jpg\" target=\"_blank\" rel=\"noopener\"><img decoding=\"async\" src=\"https:\/\/droix.net\/wp-content\/uploads\/2024\/04\/interface-1024x1024.jpg\" alt=\"Bild av DroiX PM14 Portable Monitor, som st&#xF6;der ett brett utbud av HDMI- och Type-C-enheter, vilket f&#xF6;rb&#xE4;ttrar kompatibiliteten i digitala ekosystem. Perfekt f&#xF6;r spelare, kreativa proffs p&#xE5; Mac och aff&#xE4;rsm&#xE4;n som beh&#xF6;ver en extra sk&#xE4;rm. Anv&#xE4;ndarv&#xE4;nlig f&#xF6;r Windows med plug-and-play-installation f&#xF6;r problemfri anv&#xE4;ndning  \" class=\"wp-image-178362\"\/><\/a><\/figure>\n\n<h3 class=\"wp-block-heading\"><strong>Anv\u00e4ndarupplevelse<\/strong><\/h3>\n\n<p>DroiX PM14 st\u00f6der ett omfattande utbud av HDMI- och Type-C-enheter, vilket s\u00e4kerst\u00e4ller kompatibilitet i olika digitala ekosystem. Oavsett om du \u00e4r en spelare som letar efter en b\u00e4rbar bildsk\u00e4rm, ett kreativt proffs som anv\u00e4nder en Mac eller en f\u00f6retagsledare som beh\u00f6ver en extra sk\u00e4rm f\u00f6r presentationer, anpassar sig PM14 enkelt f\u00f6r att uppfylla dina behov. Den utm\u00e4rker sig i Windows-milj\u00f6er med sin anv\u00e4ndarv\u00e4nliga plug-and-play-installation, s\u00e5 att du s\u00f6ml\u00f6st kan \u00f6verg\u00e5 till arbete eller lek utan problem.  <\/p>\n\n<figure class=\"wp-block-image aligncenter size-large\"><a href=\"https:\/\/droix.net\/wp-content\/uploads\/2024\/04\/portable1.jpg\" target=\"_blank\" rel=\"noopener\"><img decoding=\"async\" src=\"https:\/\/droix.net\/wp-content\/uploads\/2024\/04\/portable1-1024x483.jpg\" alt=\"Bild av DroiX b&#xE4;rbar bildsk&#xE4;rm, 14 tum, 4K, ultratunn, l&#xE4;tt och b&#xE4;rbar\" class=\"wp-image-178358\"\/><\/a><\/figure>\n\n<h3 class=\"wp-block-heading\"><strong>Slutsats<\/strong><\/h3>\n\n<p>Den b\u00e4rbara monitorn DroiX PM14 \u00e4r en banbrytande l\u00f6sning som kombinerar enast\u00e5ende funktionalitet, exceptionell design och friheten i att vara b\u00e4rbar. Det \u00e4r mer \u00e4n bara en bildsk\u00e4rm; det \u00e4r en gateway f\u00f6r att f\u00f6rb\u00e4ttra din produktivitet och dina underh\u00e5llningsupplevelser var du \u00e4n befinner dig. <\/p>\n\n<p>Uppt\u00e4ck framtiden f\u00f6r b\u00e4rbara bildsk\u00e4rmar f\u00f6r b\u00e4rbara datorer med DroiX PM14. Missa inte att reservera din enhet nu f\u00f6r att s\u00e4kra din enhet och bli bland de f\u00f6rsta att f\u00f6rh\u00f6ja din tittarupplevelse n\u00e4r du \u00e4r p\u00e5 spr\u00e5ng! <\/p>\n","protected":false},"excerpt":{"rendered":"<ul>\n<li>4K 14&#8243;<strong> HDR400-sk\u00e4rm<\/strong> <\/li>\n<li>100 % t\u00e4ckning f\u00f6r<strong> DCI-P3<\/strong> <\/li>\n<li>500 <strong>Nits<\/strong> ljusstyrka<\/li>\n<li>Kickstand <strong> inbyggd<\/strong><\/li>\n<li> <strong> Inbyggda<\/strong> h\u00f6gtalare<\/li>\n<\/ul>\n[cg_accordion title=\"BETALNINGSINFORMATION\"]<\/p>\n<p>Vi anv\u00e4nder den senaste tekniken f\u00f6r betalningshantering, vilket g\u00f6r att du kan checka ut via Apple Pay, Google Pay, ditt betalkort\/kreditkort, PayPal eller BNPL-metoder som Klarna, Affirm eller AfterPay f\u00f6r en snabb och s\u00e4ker upplevelse.[\/cg_accordion]\n[cg_accordion title=\"GARANTI\"]<\/p>\n<p>1 \u00e5rs garanti fr\u00e5n <a href=\"https:\/\/droix.net\/\" target=\"_blank\" rel=\"nofollow noopener\">DROIX Global<\/a> f\u00f6r att du ska k\u00e4nna dig trygg[\/cg_accordion]\n[cg_accordion title=\"PRISER, SKATTER OCH FRAKT\"]<\/p>\n<p><strong><u>Obs!<\/u><\/strong><\/p>\n<ul>\n<li>Kunder i F\u00f6renta staterna: Det visade priset inkluderar INTE SKATT eller tullar. Ansvaret f\u00f6r att tullklarera och betala eventuell tillh\u00f6rande skatt\/avgift ligger p\u00e5 kunden. <\/li>\n<li>EU-kunder: Det visade priset inkluderar till\u00e4mplig skatt, som kan vara upp till 25% beroende p\u00e5 ditt land.<\/li>\n<li>Kunder i Kanada: Det visade priset inkluderar till\u00e4mpliga skatter, vilket kan inkludera 5% GST och ytterligare Provincial Sales Taxes (PST), Harmonized Sales Tax (HST) eller Quebec Sales Tax (QST), beroende p\u00e5 din provins.<\/li>\n<\/ul>\n<p><strong>ENDAST f\u00f6r EU-kunder:<\/strong> Express DDP (Delivered Duty Paid). Detta betyder: <\/p>\n<ul>\n<li>Alla tullavgifter och skatter ing\u00e5r i det pris som visas p\u00e5 produktsidan.<\/li>\n<li>Du beh\u00f6ver inte betala n\u00e5gra extra avgifter vid leverans.<\/li>\n<li>I s\u00e4llsynta fall av tullrelaterade problem kommer v\u00e5rt team att hantera tullklareringsprocessen f\u00f6r din r\u00e4kning f\u00f6r att s\u00e4kerst\u00e4lla en smidig leveransupplevelse.<\/li>\n<p>Viktig information om returer:<\/p>\n<li>Om du best\u00e4mmer dig f\u00f6r att returnera din best\u00e4llning eller beg\u00e4ra \u00e5terbetalning ska du vara medveten om att skatter och avgifter som betalats f\u00f6r din r\u00e4kning enligt DDP-villkoren inte kan \u00e5terbetalas.<\/li>\n<p>F\u00f6r detaljerad information h\u00e4nvisas till v\u00e5ra allm\u00e4nna <a href=\"https:\/\/ayaneo.co\/sv\/villkor-for-tjansten\/\" target=\"_blank\" rel=\"nofollow noopener\">villkor<\/a>.\n<\/ul>\n<p>[\/cg_accordion]\n[cg_accordion title=\"KUNDTJ\u00c4NST\"]<\/p>\n<p>Har du en fr\u00e5ga? Vi \u00e4r bara ett kort sms bort fr\u00e5n att ha l\u00f6st ditt problem!<br \/>\n[\/cg_accordion]\n","protected":false},"featured_media":8064,"template":"","meta":{"_acf_changed":false},"product_brand":[],"product_cat":[1013],"product_tag":[],"class_list":{"0":"post-13175","1":"product","2":"type-product","3":"status-publish","4":"has-post-thumbnail","6":"product_cat-barbara-monitorer","7":"product_shipping_class-standard","8":"pa_brand-droix","10":"first","11":"outofstock","12":"sale","13":"taxable","14":"shipping-taxable","15":"purchasable","16":"product-type-variable","17":"has-default-attributes"},"acf":[],"_links":{"self":[{"href":"https:\/\/ayaneo.co\/sv\/wp-json\/wp\/v2\/product\/13175","targetHints":{"allow":["GET"]}}],"collection":[{"href":"https:\/\/ayaneo.co\/sv\/wp-json\/wp\/v2\/product"}],"about":[{"href":"https:\/\/ayaneo.co\/sv\/wp-json\/wp\/v2\/types\/product"}],"wp:featuredmedia":[{"embeddable":true,"href":"https:\/\/ayaneo.co\/sv\/wp-json\/wp\/v2\/media\/8064"}],"wp:attachment":[{"href":"https:\/\/ayaneo.co\/sv\/wp-json\/wp\/v2\/media?parent=13175"}],"wp:term":[{"taxonomy":"product_brand","embeddable":true,"href":"https:\/\/ayaneo.co\/sv\/wp-json\/wp\/v2\/product_brand?post=13175"},{"taxonomy":"product_cat","embeddable":true,"href":"https:\/\/ayaneo.co\/sv\/wp-json\/wp\/v2\/product_cat?post=13175"},{"taxonomy":"product_tag","embeddable":true,"href":"https:\/\/ayaneo.co\/sv\/wp-json\/wp\/v2\/product_tag?post=13175"}],"curies":[{"name":"wp","href":"https:\/\/api.w.org\/{rel}","templated":true}]}}