{"id":29952,"date":"2025-08-06T09:22:02","date_gmt":"2025-08-06T09:22:02","guid":{"rendered":"https:\/\/ayaneo.co\/?post_type=product&#038;p=29952"},"modified":"2026-01-06T00:27:49","modified_gmt":"2026-01-06T00:27:49","slug":"ayaneo-pocket-dmg-skarmskydd-copy","status":"publish","type":"product","link":"https:\/\/ayaneo.co\/sv\/product\/ayaneo-pocket-dmg-skarmskydd-copy\/","title":{"rendered":"AYANEO Pocket ACE sk\u00e4rmskydd"},"content":{"rendered":"\n<h2 class=\"wp-block-heading\">Produkt\u00f6versikt:<\/h2>\n\n<p><strong>AYANEO Pocket ACE sk\u00e4rmskydd<\/strong> \u00e4r ett m\u00e5ste-ha tillbeh\u00f6r f\u00f6r att h\u00e5lla sk\u00e4rmen p\u00e5 din Pocket ACE-konsol i perfekt skick. Detta sk\u00e4rmskydd \u00e4r utformat f\u00f6r perfekt klarhet och precision och s\u00e4kerst\u00e4ller en oavbruten spelupplevelse samtidigt som det skyddar din enhet fr\u00e5n vardagligt slitage. <\/p>\n\n<h2 class=\"wp-block-heading\">Varf\u00f6r v\u00e4lja AYANEO Pocket ACE sk\u00e4rmskydd?<\/h2>\n\n<p>Oavsett om du \u00e4r en casual gamer eller en hardcore entusiast, ger AYANEO ACE sk\u00e4rmskydd o\u00f6vertr\u00e4ffad klarhet och skydd f\u00f6r din konsols sk\u00e4rm. Med sin exakta passform, rept\u00e5liga yta och smutsavvisande bel\u00e4ggning f\u00f6rblir dina spelbilder kristallklara medan din enhet f\u00f6rblir skyddad. <\/p>\n\n<hr class=\"wp-block-separator has-alpha-channel-opacity\"\/>\n\n<h2 class=\"wp-block-heading\">Specifikationer:<\/h2>\n\n<ul class=\"wp-block-list\">\n<li><strong>Material:<\/strong> H\u00e4rdat glas eller premiumfilm<\/li>\n\n\n\n<li><strong>Kompatibilitet:<\/strong> AYANEO Pocket ACE-konsol<\/li>\n\n\n\n<li><strong>Funktioner:<\/strong> Anti-rep, kladdfri och bubbelfri installation<\/li>\n<\/ul>\n\n<p>Uppgradera din AYANEO Pocket ACE med ett sk\u00e4rmskydd som \u00e4r utformat f\u00f6r att h\u00e5lla din konsol snygg och prestera sitt b\u00e4sta!<\/p>\n\n<p><\/p>\n","protected":false},"excerpt":{"rendered":"<ul>\n<li><strong>Perfekt passform<\/strong> f\u00f6r AYANEO Pocket ACE sk\u00e4rmdimensioner.<\/li>\n<li><strong>Rept\u00e5lig<\/strong> yta f\u00f6r l\u00e5ngvarigt skydd.<\/li>\n<li>Ultraklart material f\u00f6r <strong>perfekt spelupplevelse<\/strong>.<\/li>\n<li>Enkel installation med en <strong>bubbelfri applicering<\/strong>.<\/li>\n<li><strong>Smutsavvisande bel\u00e4ggning<\/strong> f\u00f6r att h\u00e5lla sk\u00e4rmen ren och klar.<\/li>\n<\/ul>\n[cg_accordion title=\"BETALNINGSINFORMATION\"]<\/p>\n<p>Vi anv\u00e4nder den senaste tekniken f\u00f6r betalningshantering, vilket g\u00f6r att du kan checka ut via Apple Pay, Google Pay, ditt betalkort\/kreditkort, PayPal eller BNPL-metoder som Klarna, Affirm eller AfterPay f\u00f6r en snabb och s\u00e4ker upplevelse.[\/cg_accordion]\n[cg_accordion title=\"GARANTI\"]<\/p>\n<p>1 \u00e5rs garanti fr\u00e5n <a href=\"https:\/\/droix.net\/\" target=\"_blank\" rel=\"nofollow noopener\">DROIX Global<\/a> f\u00f6r att du ska k\u00e4nna dig trygg[\/cg_accordion]\n[cg_accordion title=\"KVALITETSS\u00c4KRING OCH TESTNING F\u00d6RE AVS\u00c4NDNING\"]<\/p>\n<p>S\u00e4kerst\u00e4ller kundn\u00f6jdhet p\u00e5 h\u00f6gsta niv\u00e5: Varje enhet genomg\u00e5r rigor\u00f6s testning och en kvalitetss\u00e4kringskontroll i flera punkter innan den skickas. V\u00e5rt dedikerade team verifierar prestanda, funktionalitet och komponentintegritet f\u00f6r att garantera att din AYANEO-enhet \u00e4r i perfekt skick vid ankomst, vilket ger dig f\u00f6rtroende och sinnesfrid. [\/cg_accordion]\n[cg_accordion title=\"PRISER, SKATTER OCH FRAKT\"]<\/p>\n<p><strong><u>Obs!<\/u><\/strong><\/p>\n<ul>\n<li>Kunder i F\u00f6renta staterna: Det visade priset inkluderar INTE SKATT eller tullar. Ansvaret f\u00f6r att tullklarera och betala eventuell tillh\u00f6rande skatt\/avgift ligger p\u00e5 kunden. <\/li>\n<li>EU-kunder: Det visade priset inkluderar till\u00e4mplig skatt, som kan vara upp till 25% beroende p\u00e5 ditt land.<\/li>\n<li>Kunder i Kanada: Det visade priset inkluderar till\u00e4mpliga skatter, vilket kan inkludera 5% GST och ytterligare Provincial Sales Taxes (PST), Harmonized Sales Tax (HST) eller Quebec Sales Tax (QST), beroende p\u00e5 din provins.<\/li>\n<\/ul>\n<p><strong>ENDAST f\u00f6r EU-kunder:<\/strong> Express DDP (Delivered Duty Paid). Detta betyder: <\/p>\n<ul>\n<li>Alla tullavgifter och skatter ing\u00e5r i det pris som visas p\u00e5 produktsidan.<\/li>\n<li>Du beh\u00f6ver inte betala n\u00e5gra extra avgifter vid leverans.<\/li>\n<li>I s\u00e4llsynta fall av tullrelaterade problem kommer v\u00e5rt team att hantera tullklareringsprocessen f\u00f6r din r\u00e4kning f\u00f6r att s\u00e4kerst\u00e4lla en smidig leveransupplevelse.<\/li>\n<p>Viktig information om returer:<\/p>\n<li>Om du best\u00e4mmer dig f\u00f6r att returnera din best\u00e4llning eller beg\u00e4ra \u00e5terbetalning ska du vara medveten om att skatter och avgifter som betalats f\u00f6r din r\u00e4kning enligt DDP-villkoren inte kan \u00e5terbetalas.<\/li>\n<p>F\u00f6r detaljerad information h\u00e4nvisas till v\u00e5ra allm\u00e4nna <a href=\"https:\/\/ayaneo.co\/sv\/villkor-for-tjansten\/\" target=\"_blank\" rel=\"nofollow noopener\">villkor<\/a>.\n<\/ul>\n<p>[\/cg_accordion]\n[cg_accordion title=\"KUNDTJ\u00c4NST\"]<\/p>\n<p>Har du en fr\u00e5ga? Vi \u00e4r bara ett kort sms bort fr\u00e5n att ha l\u00f6st ditt problem! [\/cg_accordion]\n[cg_accordion title=\"PAKETET INNEH\u00c5LLER\"]<\/p>\n<ul>\n<li>1x AYANEO Pocket ACE sk\u00e4rmskydd<\/li>\n<\/ul>\n<p>[\/cg_accordion]\n","protected":false},"featured_media":29990,"template":"","meta":{"_acf_changed":false},"product_brand":[],"product_cat":[554],"product_tag":[],"class_list":{"0":"post-29952","1":"product","2":"type-product","3":"status-publish","4":"has-post-thumbnail","6":"product_cat-tillbehor","7":"product_shipping_class-low-end","8":"pa_accessory-type-screen-protector-sv","9":"pa_brand-ayaneo","11":"first","12":"outofstock","13":"sale","14":"taxable","15":"shipping-taxable","16":"purchasable","17":"product-type-simple"},"acf":[],"_links":{"self":[{"href":"https:\/\/ayaneo.co\/sv\/wp-json\/wp\/v2\/product\/29952","targetHints":{"allow":["GET"]}}],"collection":[{"href":"https:\/\/ayaneo.co\/sv\/wp-json\/wp\/v2\/product"}],"about":[{"href":"https:\/\/ayaneo.co\/sv\/wp-json\/wp\/v2\/types\/product"}],"wp:featuredmedia":[{"embeddable":true,"href":"https:\/\/ayaneo.co\/sv\/wp-json\/wp\/v2\/media\/29990"}],"wp:attachment":[{"href":"https:\/\/ayaneo.co\/sv\/wp-json\/wp\/v2\/media?parent=29952"}],"wp:term":[{"taxonomy":"product_brand","embeddable":true,"href":"https:\/\/ayaneo.co\/sv\/wp-json\/wp\/v2\/product_brand?post=29952"},{"taxonomy":"product_cat","embeddable":true,"href":"https:\/\/ayaneo.co\/sv\/wp-json\/wp\/v2\/product_cat?post=29952"},{"taxonomy":"product_tag","embeddable":true,"href":"https:\/\/ayaneo.co\/sv\/wp-json\/wp\/v2\/product_tag?post=29952"}],"curies":[{"name":"wp","href":"https:\/\/api.w.org\/{rel}","templated":true}]}}