{"id":37070,"date":"2025-02-10T12:11:02","date_gmt":"2025-02-10T12:11:02","guid":{"rendered":"https:\/\/ayaneo.co\/product\/ayaneo-3\/"},"modified":"2025-12-02T18:13:18","modified_gmt":"2025-12-02T18:13:18","slug":"ayaneo-3","status":"publish","type":"product","link":"https:\/\/ayaneo.co\/sv\/product\/ayaneo-3\/","title":{"rendered":"AYANEO 3"},"content":{"rendered":"\n<figure class=\"wp-block-video\"><video height=\"360\" style=\"aspect-ratio: 640 \/ 360;\" width=\"640\" controls=\"\" poster=\"https:\/\/ayaneo.co\/wp-content\/uploads\/2025\/02\/maxresdefault-1.jpg\" src=\"https:\/\/ayaneo.co\/wp-content\/uploads\/2025\/02\/videoplayback-1.mp4\"><\/video><\/figure>\n\n<div class=\"wp-block-columns is-layout-flex wp-container-core-columns-is-layout-28f84493 wp-block-columns-is-layout-flex\">\n<div class=\"wp-block-column is-layout-flow wp-block-column-is-layout-flow\">\n<p>Vi presenterar AYANEO 3, v\u00e4rldens f\u00f6rsta modul\u00e4ra handh\u00e5llna spelkonsol som omdefinierar b\u00e4rbart spelande med o\u00f6vertr\u00e4ffad anpassning och prestanda. AYANEO 3 \u00e4r utformad f\u00f6r spelare som s\u00f6ker en personlig upplevelse och erbjuder innovativa funktioner och specifikationer i toppklass f\u00f6r att tillgodose b\u00e5de casual- och hardcore-spelentusiaster. <\/p>\n\n\n\n<h2 class=\"wp-block-heading\"><strong>Innovativ modul\u00e4r design<\/strong><\/h2>\n\n\n\n<p>AYANEO 3 \u00e4r en pionj\u00e4r inom ett banbrytande modul\u00e4rt kontrollsystem som g\u00f6r det m\u00f6jligt f\u00f6r anv\u00e4ndare att fritt kombinera och anpassa kontrollmoduler f\u00f6r att passa deras spelpreferenser. Med l\u00f6stagbara och utbytbara ABXY-knappar kan spelarna konfigurera upp till 56 unika layoutkombinationer, vilket garanterar optimal komfort och kontroll f\u00f6r alla spelgenrer. Modulerna inkluderar vanliga joystickupps\u00e4ttningar, pekplattmoduler f\u00f6r f\u00f6rb\u00e4ttrat FPS-spelande och fightingmoduler med sex knappar f\u00f6r exakt    <\/p>\n<\/div>\n<\/div>\n\n<div class=\"wp-block-columns is-layout-flex wp-container-core-columns-is-layout-28f84493 wp-block-columns-is-layout-flex\">\n<div class=\"wp-block-column is-layout-flow wp-block-column-is-layout-flow\" style=\"flex-basis:33.33%\">\n<figure class=\"wp-block-image size-full\"><a href=\"https:\/\/ayaneo.co\/wp-content\/uploads\/2025\/02\/4-1-1024x1024-1.jpg\"><img fetchpriority=\"high\" decoding=\"async\" width=\"1024\" height=\"1024\" src=\"https:\/\/ayaneo.co\/wp-content\/uploads\/2025\/02\/4-1-1024x1024-1.jpg\" alt=\"OLED-sk&#xE4;rm:&#10;OLED-sk&#xE4;rmen har en snabb uppdateringsfrekvens p&#xE5; 144 Hz, vilket ger exceptionellt j&#xE4;mna och flytande r&#xF6;relser i spel och minskar osk&#xE4;rpan. Med en ljusstyrka p&#xE5; 800 nits ger den otroligt levande och tydliga bilder, &#xE4;ven i ljusa milj&#xF6;er. Dess 110% DCI-P3 f&#xE4;rgomf&#xE5;ngst&#xE4;ckning ger ett brett spektrum av rika, exakta f&#xE4;rger f&#xF6;r en verkligt uppslukande upplevelse. Denna premiumpanel &#xE4;r idealisk f&#xF6;r dem som s&#xF6;ker visuell &#xE5;tergivning och respons i toppklass.   &#10;&#10;LCD-sk&#xE4;rm:&#10;LCD-sk&#xE4;rmen har en j&#xE4;mn uppdateringsfrekvens p&#xE5; 120 Hz f&#xF6;r utm&#xE4;rkt spelfl&#xF6;de och minskad sp&#xF6;kbild. Den har en ljusstyrka p&#xE5; 500 nits och 100% sRGB-t&#xE4;ckning, vilket ger klara och f&#xE4;rgprecisa bilder f&#xF6;r det mesta inneh&#xE5;llet. Den inneh&#xE5;ller VRR med AMD FreeSync Premium, som dynamiskt synkroniserar sk&#xE4;rmen med bildfrekvensen. Detta eliminerar sk&#xE4;rmrivningar och stammar, vilket ger en konsekvent smidig och engagerande spelupplevelse.   \" class=\"wp-image-37427\" srcset=\"https:\/\/ayaneo.co\/wp-content\/uploads\/2025\/02\/4-1-1024x1024-1.jpg 1024w, https:\/\/ayaneo.co\/wp-content\/uploads\/2025\/02\/4-1-1024x1024-1-300x300.jpg 300w, https:\/\/ayaneo.co\/wp-content\/uploads\/2025\/02\/4-1-1024x1024-1-150x150.jpg 150w, https:\/\/ayaneo.co\/wp-content\/uploads\/2025\/02\/4-1-1024x1024-1-768x768.jpg 768w, https:\/\/ayaneo.co\/wp-content\/uploads\/2025\/02\/4-1-1024x1024-1-65x65.jpg 65w, https:\/\/ayaneo.co\/wp-content\/uploads\/2025\/02\/4-1-1024x1024-1-990x990.jpg 990w, https:\/\/ayaneo.co\/wp-content\/uploads\/2025\/02\/4-1-1024x1024-1-441x441.jpg 441w, https:\/\/ayaneo.co\/wp-content\/uploads\/2025\/02\/4-1-1024x1024-1-100x100.jpg 100w, https:\/\/ayaneo.co\/wp-content\/uploads\/2025\/02\/4-1-1024x1024-1-600x600.jpg 600w\" sizes=\"(max-width: 1024px) 100vw, 1024px\" \/><\/a><\/figure>\n<\/div>\n\n\n\n<div class=\"wp-block-column is-layout-flow wp-block-column-is-layout-flow\" style=\"flex-basis:66.66%\">\n<h2 class=\"wp-block-heading\"><strong>H\u00e4pnadsv\u00e4ckande bilder<\/strong><\/h2>\n\n\n\n<ul class=\"wp-block-list\">\n<li><strong>OLED-sk\u00e4rm<\/strong><br\/><strong><br\/><\/strong>OLED-sk\u00e4rmen p\u00e5 AYANEO 3 \u00e4r en 7-tums peksk\u00e4rm med en 1080P-uppl\u00f6sning och ett bildf\u00f6rh\u00e5llande p\u00e5 16:9. Den har en anpassningsbar uppdateringsfrekvens, vilket g\u00f6r att anv\u00e4ndarna kan v\u00e4lja mellan 144Hz, 120Hz, 90Hz och 60Hz. Sk\u00e4rmen har en maximal global ljusstyrka p\u00e5 800 nits och st\u00f6djer HDR-kvalitet med \u00e4kta f\u00e4rger f\u00f6r realistiska ljus- och skuggbilder. Den t\u00e4cker 110 % av DCI-P3-f\u00e4rgomf\u00e5nget och har en sRGB-f\u00e4rgomf\u00e5ngsvolym p\u00e5 150 %, vilket ger levande och skarpa bilder.   <\/li>\n\n\n\n<li><strong>LCD-sk\u00e4rm<\/strong><br\/><strong><br\/><\/strong>LCD-sk\u00e4rmen \u00e4r ocks\u00e5 en 7-tums peksk\u00e4rm med en 1080P-uppl\u00f6sning och ett bildf\u00f6rh\u00e5llande p\u00e5 16:9. Den erbjuder uppdateringsfrekvenser p\u00e5 120 Hz och 60 Hz. Med en maximal global ljusstyrka p\u00e5 500 nits ger den 100% sRGB-t\u00e4ckning. LCD-sk\u00e4rmen har en snabb svarstid p\u00e5 7 ms och st\u00f6d f\u00f6r VRR (Variable Refresh Rate) med AMD FreeSync Premium, vilket ger en klar, levande och t\u00e5rfri spelupplevelse. Det \u00e4r ocks\u00e5 en inbyggd landskapssk\u00e4rm.    <\/li>\n<\/ul>\n\n\n\n<p><br\/>B\u00e5de LCD och OLED sk\u00e4rmar ger en uppslukande visuell upplevelse, s\u00e5 att spelarna kan njuta av fantastisk grafik med exceptionell klarhet.<\/p>\n<\/div>\n<\/div>\n\n<h2 class=\"wp-block-heading has-text-align-center\"><strong>H\u00f6gpresterande prestanda<\/strong><\/h2>\n\n<p class=\"has-text-align-center\">Under huven erbjuder AYANEO 3 tv\u00e5 kraftfulla processoralternativ:<\/p>\n\n<div class=\"wp-block-columns is-layout-flex wp-container-core-columns-is-layout-28f84493 wp-block-columns-is-layout-flex\">\n<div class=\"wp-block-column is-layout-flow wp-block-column-is-layout-flow\">\n<figure class=\"wp-block-image size-full\"><a href=\"https:\/\/ayaneo.co\/wp-content\/uploads\/2025\/02\/3-370-1-1024x1024-1.jpg\"><img decoding=\"async\" width=\"1024\" height=\"1024\" src=\"https:\/\/ayaneo.co\/wp-content\/uploads\/2025\/02\/3-370-1-1024x1024-1.jpg\" alt=\"En grafik som visar &quot;Powerful Core, Versatile Capabilities&quot; i en enhet som drivs av processorn &quot;AMD Ryzen AI 9 HX 370&quot;. Bilden visar olika komponenter och specifikationer: &quot;Zen5 New Zen 5 CPU&quot;, &quot;12 k&#xE4;rnor 24 tr&#xE5;dar&quot;, &quot;5,1 GHz maximal enkelk&#xE4;rnfrekvens&quot;, &quot;AMD Radeon 890M&quot; (GPU med &quot;RDNA 3.5 16CU 2,9 GHz&quot;) och &quot;AMD XDNA 2 NPU 50TOPS&quot;. Den lyfter fram &quot;12MB L2 + 24MB L3 high-speed cache&quot; och noterar att CPU-, GPU- och NPU-arkitekturerna har uppgraderats f&#xF6;r &#xF6;kad prestanda och effektivitet, vilket g&#xF6;r den l&#xE4;mplig f&#xF6;r spel och AI-uppgifter. En liten text l&#xE4;ngst ner j&#xE4;mf&#xF6;r den med den tidigare generationen av AMD AI-processorer och n&#xE4;mner f&#xF6;rb&#xE4;ttringar i NPU-ber&#xE4;kningskraft, CPU-k&#xE4;rnbearbetning, NPU-energieffektivitet, AI-svarshastighet f&#xF6;r stora spr&#xE5;kmodeller och L3-cache.   \" class=\"wp-image-37428\" srcset=\"https:\/\/ayaneo.co\/wp-content\/uploads\/2025\/02\/3-370-1-1024x1024-1.jpg 1024w, https:\/\/ayaneo.co\/wp-content\/uploads\/2025\/02\/3-370-1-1024x1024-1-300x300.jpg 300w, https:\/\/ayaneo.co\/wp-content\/uploads\/2025\/02\/3-370-1-1024x1024-1-150x150.jpg 150w, https:\/\/ayaneo.co\/wp-content\/uploads\/2025\/02\/3-370-1-1024x1024-1-768x768.jpg 768w, https:\/\/ayaneo.co\/wp-content\/uploads\/2025\/02\/3-370-1-1024x1024-1-65x65.jpg 65w, https:\/\/ayaneo.co\/wp-content\/uploads\/2025\/02\/3-370-1-1024x1024-1-990x990.jpg 990w, https:\/\/ayaneo.co\/wp-content\/uploads\/2025\/02\/3-370-1-1024x1024-1-441x441.jpg 441w, https:\/\/ayaneo.co\/wp-content\/uploads\/2025\/02\/3-370-1-1024x1024-1-100x100.jpg 100w, https:\/\/ayaneo.co\/wp-content\/uploads\/2025\/02\/3-370-1-1024x1024-1-600x600.jpg 600w\" sizes=\"(max-width: 1024px) 100vw, 1024px\" \/><\/a><\/figure>\n\n\n\n<p><strong>AMD Ryzen\u2122 AI 9 HX 370:<\/strong> Den h\u00e4r processorn har 12 k\u00e4rnor och 24 tr\u00e5dar och ger prestanda i toppklass f\u00f6r kr\u00e4vande AAA-titlar och multitasking.<\/p>\n<\/div>\n\n\n\n<div class=\"wp-block-column is-layout-flow wp-block-column-is-layout-flow\">\n<figure class=\"wp-block-image size-full\"><a href=\"https:\/\/ayaneo.co\/wp-content\/uploads\/2025\/02\/3-8840u-1-1024x1024-1.jpg\"><img decoding=\"async\" width=\"1024\" height=\"1024\" src=\"https:\/\/ayaneo.co\/wp-content\/uploads\/2025\/02\/3-8840u-1-1024x1024-1.jpg\" alt=\"En infografik med m&#xF6;rkt tema som belyser specifikationerna f&#xF6;r processorn &quot;AMD Ryzen&#x2122; 7 8840U&quot;. Den &#xF6;vre sektionen visar detaljer om CPU, GPU och NPU: &quot;Zen4 CPU&quot;, &quot;4nm&quot;-process, &quot;5,1GHz maximal frekvens&quot;, &quot;AMD Radeon&#x2122; 780M&quot;-grafik med &quot;RDNA 3 12CU 2,7GHz&quot; och &quot;AMD Ryzen&#x2122; AI NPU 16TOPS&quot;. Ett centralt block visar &quot;AMD Ryzen&#x2122; 7 8840U&quot;-chippet och noterar &quot;38TOPS total prestanda&quot;. Den nedre sektionen beskriver minne och lagring: &quot;LPDDR5X 7500MT\/s Memory&quot; (upp till 64 GB tillg&#xE4;ngligt f&#xF6;r tunga uppgifter) och &quot;M.2 2280 PCIe 4.0 SSD&quot; (ultrasnabb, mainstream och utbyggbar).    \" class=\"wp-image-37429\" srcset=\"https:\/\/ayaneo.co\/wp-content\/uploads\/2025\/02\/3-8840u-1-1024x1024-1.jpg 1024w, https:\/\/ayaneo.co\/wp-content\/uploads\/2025\/02\/3-8840u-1-1024x1024-1-300x300.jpg 300w, https:\/\/ayaneo.co\/wp-content\/uploads\/2025\/02\/3-8840u-1-1024x1024-1-150x150.jpg 150w, https:\/\/ayaneo.co\/wp-content\/uploads\/2025\/02\/3-8840u-1-1024x1024-1-768x768.jpg 768w, https:\/\/ayaneo.co\/wp-content\/uploads\/2025\/02\/3-8840u-1-1024x1024-1-65x65.jpg 65w, https:\/\/ayaneo.co\/wp-content\/uploads\/2025\/02\/3-8840u-1-1024x1024-1-990x990.jpg 990w, https:\/\/ayaneo.co\/wp-content\/uploads\/2025\/02\/3-8840u-1-1024x1024-1-441x441.jpg 441w, https:\/\/ayaneo.co\/wp-content\/uploads\/2025\/02\/3-8840u-1-1024x1024-1-100x100.jpg 100w, https:\/\/ayaneo.co\/wp-content\/uploads\/2025\/02\/3-8840u-1-1024x1024-1-600x600.jpg 600w\" sizes=\"(max-width: 1024px) 100vw, 1024px\" \/><\/a><\/figure>\n\n\n\n<p><strong>AMD Ryzen\u2122 7 8840U<\/strong>: En balanserad processor som ger tillf\u00f6rlitlig prestanda f\u00f6r b\u00e5de kr\u00e4vande och avslappnade spelsessioner.<\/p>\n<\/div>\n<\/div>\n\n<p>I kombination med upp till 64 GB LPDDR5X RAM och upp till 4 TB PCIe 4.0 SSD -lagring garanterar AYANEO 3 snabba laddningstider och gott om plats f\u00f6r ditt spelbibliotek.<\/p>\n\n<h3 class=\"wp-block-heading\"><strong>F\u00f6rb\u00e4ttrade kontroller<\/strong><\/h3>\n\n<p>Upplev \u00f6verl\u00e4gsen kontroll med AYANEO 3:s avancerade funktioner:<\/p>\n\n<div class=\"wp-block-columns is-layout-flex wp-container-core-columns-is-layout-28f84493 wp-block-columns-is-layout-flex\">\n<div class=\"wp-block-column is-layout-flow wp-block-column-is-layout-flow\">\n<figure class=\"wp-block-image size-full\"><a href=\"https:\/\/ayaneo.co\/wp-content\/uploads\/2025\/02\/Dual-Stage-Hall-Effect-Triggers-1024x1024-1.jpg\"><img loading=\"lazy\" decoding=\"async\" width=\"1024\" height=\"1024\" src=\"https:\/\/ayaneo.co\/wp-content\/uploads\/2025\/02\/Dual-Stage-Hall-Effect-Triggers-1024x1024-1.jpg\" alt=\"En n&#xE4;rbild av en hand som h&#xE5;ller i en m&#xF6;rkf&#xE4;rgad spelkontroll eller handh&#xE5;llen enhet, med s&#xE4;rskilt fokus p&#xE5; avtryckarknappen p&#xE5; axeln. Bilden badar i ett bl&#xE5;tt ljus och den vita texten h&#xF6;gst upp lyder &quot;Agile Hall Triggers&quot;. \" class=\"wp-image-37430\" srcset=\"https:\/\/ayaneo.co\/wp-content\/uploads\/2025\/02\/Dual-Stage-Hall-Effect-Triggers-1024x1024-1.jpg 1024w, https:\/\/ayaneo.co\/wp-content\/uploads\/2025\/02\/Dual-Stage-Hall-Effect-Triggers-1024x1024-1-300x300.jpg 300w, https:\/\/ayaneo.co\/wp-content\/uploads\/2025\/02\/Dual-Stage-Hall-Effect-Triggers-1024x1024-1-150x150.jpg 150w, https:\/\/ayaneo.co\/wp-content\/uploads\/2025\/02\/Dual-Stage-Hall-Effect-Triggers-1024x1024-1-768x768.jpg 768w, https:\/\/ayaneo.co\/wp-content\/uploads\/2025\/02\/Dual-Stage-Hall-Effect-Triggers-1024x1024-1-65x65.jpg 65w, https:\/\/ayaneo.co\/wp-content\/uploads\/2025\/02\/Dual-Stage-Hall-Effect-Triggers-1024x1024-1-990x990.jpg 990w, https:\/\/ayaneo.co\/wp-content\/uploads\/2025\/02\/Dual-Stage-Hall-Effect-Triggers-1024x1024-1-441x441.jpg 441w, https:\/\/ayaneo.co\/wp-content\/uploads\/2025\/02\/Dual-Stage-Hall-Effect-Triggers-1024x1024-1-100x100.jpg 100w, https:\/\/ayaneo.co\/wp-content\/uploads\/2025\/02\/Dual-Stage-Hall-Effect-Triggers-1024x1024-1-600x600.jpg 600w\" sizes=\"(max-width: 1024px) 100vw, 1024px\" \/><\/a><\/figure>\n\n\n\n<h3 class=\"wp-block-heading\"><strong>Hall-effektutl\u00f6sare med tv\u00e5 steg<\/strong> <\/h3>\n\n\n\n<p>V\u00e4xla mellan en 7,5 mm l\u00e5ng r\u00f6relse f\u00f6r exakt kontroll och en 3 mm kort r\u00f6relse f\u00f6r snabba inmatningar, vilket passar olika spelscenarier.<\/p>\n<\/div>\n\n\n\n<div class=\"wp-block-column is-layout-flow wp-block-column-is-layout-flow\">\n<figure class=\"wp-block-image size-full\"><a href=\"https:\/\/ayaneo.co\/wp-content\/uploads\/2025\/02\/Magnetic-Suspension-Motor.jpg\"><img loading=\"lazy\" decoding=\"async\" width=\"1500\" height=\"1500\" src=\"https:\/\/ayaneo.co\/wp-content\/uploads\/2025\/02\/Magnetic-Suspension-Motor.jpg\" alt=\"En intern vy av en enhet som visar en &quot;Magnetic Suspension Motor&quot;. Motorn &#xE4;r en cylindrisk komponent med en ljusbl&#xE5; gl&#xF6;d i mitten, placerad i ett komplext kretskort eller en intern struktur som &#xE5;terges i m&#xF6;rka toner. \" class=\"wp-image-37431\" srcset=\"https:\/\/ayaneo.co\/wp-content\/uploads\/2025\/02\/Magnetic-Suspension-Motor.jpg 1500w, https:\/\/ayaneo.co\/wp-content\/uploads\/2025\/02\/Magnetic-Suspension-Motor-300x300.jpg 300w, https:\/\/ayaneo.co\/wp-content\/uploads\/2025\/02\/Magnetic-Suspension-Motor-1024x1024.jpg 1024w, https:\/\/ayaneo.co\/wp-content\/uploads\/2025\/02\/Magnetic-Suspension-Motor-150x150.jpg 150w, https:\/\/ayaneo.co\/wp-content\/uploads\/2025\/02\/Magnetic-Suspension-Motor-768x768.jpg 768w, https:\/\/ayaneo.co\/wp-content\/uploads\/2025\/02\/Magnetic-Suspension-Motor-65x65.jpg 65w, https:\/\/ayaneo.co\/wp-content\/uploads\/2025\/02\/Magnetic-Suspension-Motor-990x990.jpg 990w, https:\/\/ayaneo.co\/wp-content\/uploads\/2025\/02\/Magnetic-Suspension-Motor-441x441.jpg 441w, https:\/\/ayaneo.co\/wp-content\/uploads\/2025\/02\/Magnetic-Suspension-Motor-100x100.jpg 100w, https:\/\/ayaneo.co\/wp-content\/uploads\/2025\/02\/Magnetic-Suspension-Motor-600x600.jpg 600w\" sizes=\"(max-width: 1500px) 100vw, 1500px\" \/><\/a><\/figure>\n\n\n\n<h3 class=\"wp-block-heading\"><strong>Motor med magnetisk upph\u00e4ngning<\/strong> <\/h3>\n\n\n\n<p>Denna funktion har utvecklats i samarbete med GuliKit Technology och st\u00f6der b\u00e5de linj\u00e4ra och rotormotoriska vibrationsl\u00e4gen, vilket ger realistisk och uppslukande haptisk feedback.<\/p>\n<\/div>\n\n\n\n<div class=\"wp-block-column is-layout-flow wp-block-column-is-layout-flow\">\n<figure class=\"wp-block-image size-full\"><a href=\"https:\/\/ayaneo.co\/wp-content\/uploads\/2025\/02\/Keyboard-and-Mouse-Mode-1024x1024-1.jpg\"><img loading=\"lazy\" decoding=\"async\" width=\"1024\" height=\"1024\" src=\"https:\/\/ayaneo.co\/wp-content\/uploads\/2025\/02\/Keyboard-and-Mouse-Mode-1024x1024-1.jpg\" alt=\"H&#xE4;nder som h&#xE5;ller i en svart handh&#xE5;llen spelkonsol med en sk&#xE4;rm som visar ett anv&#xE4;ndargr&#xE4;nssnitt f&#xF6;r inst&#xE4;llningar eller konfiguration. Vit text h&#xF6;gst upp i bilden lyder &quot;Hardware-Level Keyboard-Mouse Mode&quot;, vilket indikerar en funktion i enheten. \" class=\"wp-image-37432\" srcset=\"https:\/\/ayaneo.co\/wp-content\/uploads\/2025\/02\/Keyboard-and-Mouse-Mode-1024x1024-1.jpg 1024w, https:\/\/ayaneo.co\/wp-content\/uploads\/2025\/02\/Keyboard-and-Mouse-Mode-1024x1024-1-300x300.jpg 300w, https:\/\/ayaneo.co\/wp-content\/uploads\/2025\/02\/Keyboard-and-Mouse-Mode-1024x1024-1-150x150.jpg 150w, https:\/\/ayaneo.co\/wp-content\/uploads\/2025\/02\/Keyboard-and-Mouse-Mode-1024x1024-1-768x768.jpg 768w, https:\/\/ayaneo.co\/wp-content\/uploads\/2025\/02\/Keyboard-and-Mouse-Mode-1024x1024-1-65x65.jpg 65w, https:\/\/ayaneo.co\/wp-content\/uploads\/2025\/02\/Keyboard-and-Mouse-Mode-1024x1024-1-990x990.jpg 990w, https:\/\/ayaneo.co\/wp-content\/uploads\/2025\/02\/Keyboard-and-Mouse-Mode-1024x1024-1-441x441.jpg 441w, https:\/\/ayaneo.co\/wp-content\/uploads\/2025\/02\/Keyboard-and-Mouse-Mode-1024x1024-1-100x100.jpg 100w, https:\/\/ayaneo.co\/wp-content\/uploads\/2025\/02\/Keyboard-and-Mouse-Mode-1024x1024-1-600x600.jpg 600w\" sizes=\"(max-width: 1024px) 100vw, 1024px\" \/><\/a><\/figure>\n\n\n\n<h3 class=\"wp-block-heading\"><strong>Tangentbords- och musl\u00e4ge<\/strong><\/h3>\n\n\n\n<p>V\u00e4xla s\u00f6ml\u00f6st mellan inmatning fr\u00e5n kontroller och tangentbord\/mus, vilket \u00f6kar m\u00e5ngsidigheten i olika spel- och produktivitetsapplikationer.<\/p>\n<\/div>\n<\/div>\n\n<h3 class=\"wp-block-heading\"><strong>F\u00f6rdjupande ljud<\/strong><\/h3>\n\n<p>AYANEO 3 ger en sp\u00e4nnande ljudupplevelse med sina symmetriska dubbla HyperSound 2.0-h\u00f6gtalare som ger ett klart och kraftfullt ljud som g\u00f6r spelupplevelsen \u00e4nnu b\u00e4ttre.<\/p>\n\n<h3 class=\"wp-block-heading\"><strong>Anv\u00e4ndarupplevelse<\/strong><\/h3>\n\n<p>AYANEO 3 k\u00f6rs p\u00e5 Windows 11 och st\u00f6der olika applikationer, fr\u00e5n kr\u00e4vande AAA-titlar till viktiga produktivitetsverktyg, vilket g\u00f6r den till en m\u00e5ngsidig f\u00f6ljeslagare f\u00f6r b\u00e5de arbete och fritid. Enheten har en ergonomisk design med anpassningsbara kontroller, vilket garanterar komfort under l\u00e5nga spelsessioner. Robusta anslutningsm\u00f6jligheter, inklusive dubbla USB4-portar och ett OCuLink-gr\u00e4nssnitt f\u00f6r h\u00f6ghastighetsanslutningar, underl\u00e4ttar s\u00f6ml\u00f6s integrering i alla milj\u00f6er.  <\/p>\n\n<h3 class=\"wp-block-heading\"><strong>Slutsats<\/strong><\/h3>\n\n<p>AYANEO 3 s\u00e4tter en ny standard f\u00f6r handh\u00e5llna spel genom att kombinera innovativ modul\u00e4r design med h\u00f6gpresterande h\u00e5rdvara. De anpassningsbara kontrollerna, den fantastiska grafiken och den kraftfulla processorkapaciteten g\u00f6r den till det ultimata valet f\u00f6r spelare som s\u00f6ker en personlig och uppslukande spelupplevelse. Omfamna framtiden f\u00f6r handh\u00e5llet spelande med AYANEO 3.  <\/p>\n","protected":false},"excerpt":{"rendered":"<ul>\n<li>AMD <strong>Ryzen\u2122 AI 9 HX 370<\/strong> \/ <strong>Ryzen\u2122 7 8840U<\/strong><\/li>\n<li>AMD Radeon <strong>890M<\/strong> \/ <strong>780M<\/strong> \/ 2900 \/ 2700 Mhz<\/li>\n<li>upp till<strong> 64 GB LPDDR5X @ 7500 MT\/s<\/strong><\/li>\n<li>upp till<strong> 4 TB<\/strong> <strong>h\u00f6ghastighets<\/strong> PCI-E 4.0 NVMe SSD<\/li>\n<li>St\u00f6d f\u00f6r WiFi <strong>6E<\/strong> och Bluetooth <strong>5.3<\/strong> <\/li>\n<\/ul>\n<p><img loading=\"lazy\" decoding=\"async\" class=\"alignnone size-full wp-image-12494\" src=\"https:\/\/ayaneo.co\/wp-content\/uploads\/2025\/02\/AYANEO-3-FREE-GIFTS.jpg\" alt=\"Kampanjbanner f\u00f6r AYANEO 3 gratis g\u00e5vor, med bilder av ett svart och beige skyddsfodral, ett sk\u00e4rmskydd och grepplock f\u00f6r tumstickor. Texten lyfter fram \"Free Gifts\", inklusive ett skyddsfodral, ett sk\u00e4rmskydd och tumstockar, som automatiskt l\u00e4ggs till i varukorgen. Fodralets f\u00e4rg \u00e4r baserad p\u00e5 den valda enheten.\" width=\"550\" height=\"140\" srcset=\"https:\/\/ayaneo.co\/wp-content\/uploads\/2025\/02\/AYANEO-3-FREE-GIFTS.jpg 550w, https:\/\/ayaneo.co\/wp-content\/uploads\/2025\/02\/AYANEO-3-FREE-GIFTS-300x76.jpg 300w, https:\/\/ayaneo.co\/wp-content\/uploads\/2025\/02\/AYANEO-3-FREE-GIFTS-441x112.jpg 441w, https:\/\/ayaneo.co\/wp-content\/uploads\/2025\/02\/AYANEO-3-FREE-GIFTS-150x38.jpg 150w\" sizes=\"(max-width: 550px) 100vw, 550px\" \/>  [cg_accordion title=\"BETALNINGSINFORMATION\"] Vi anv\u00e4nder den senaste tekniken inom betalningshantering, vilket g\u00f6r att du kan checka ut via Apple Pay, Google Pay, ditt betalkort\/kreditkort, PayPal eller BNPL-metoder som Klarna, Affirm eller AfterPay f\u00f6r en snabb och s\u00e4ker upplevelse.[\/cg_accordion] [cg_accordion title=\"GARANTI\"] 1 \u00e5rs garanti fr\u00e5n <a href=\"https:\/\/droix.net\/\" target=\"_blank\" rel=\"nofollow noopener\">DROIX Global<\/a> f\u00f6r din sinnesfrid[\/cg_accordion] [cg_accordion title=\"KVALITETSS\u00c4KRING OCH TESTNING F\u00d6RE AVS\u00c4NDNING\"]  S\u00e4kerst\u00e4ller kundn\u00f6jdhet p\u00e5 h\u00f6gsta niv\u00e5: Varje enhet genomg\u00e5r rigor\u00f6s testning och en kvalitetss\u00e4kringskontroll i flera punkter innan den skickas. V\u00e5rt dedikerade team verifierar prestanda, funktionalitet och komponentintegritet f\u00f6r att garantera att din AYANEO-enhet \u00e4r i perfekt skick vid ankomst, vilket ger dig f\u00f6rtroende och sinnesfrid. [\/cg_accordion] [cg_accordion title=\"PRICING, TAXES AND SHIPPING\"] <strong><u>Obs!<\/u><\/strong><\/p>\n<ul>\n<li>Kunder i F\u00f6renta staterna: Det visade priset inkluderar INTE SKATT eller tullar. Ansvaret f\u00f6r att tullklarera och betala eventuell tillh\u00f6rande skatt\/avgift ligger p\u00e5 kunden. <\/li>\n<li>EU-kunder: Det visade priset inkluderar till\u00e4mplig skatt, som kan vara upp till 25% beroende p\u00e5 ditt land.<\/li>\n<li>Kunder i Kanada: Det visade priset inkluderar till\u00e4mpliga skatter, vilket kan inkludera 5% GST och ytterligare Provincial Sales Taxes (PST), Harmonized Sales Tax (HST) eller Quebec Sales Tax (QST), beroende p\u00e5 din provins.<\/li>\n<\/ul>\n<p><strong>ENDAST f\u00f6r EU-kunder:<\/strong> Express DDP (Delivered Duty Paid). Detta betyder: <\/p>\n<ul>\n<li style=\"list-style-type: none;\">\n<ul>\n<li>Alla tullavgifter och skatter ing\u00e5r i det pris som visas p\u00e5 produktsidan.<\/li>\n<li>Du beh\u00f6ver inte betala n\u00e5gra extra avgifter vid leverans.<\/li>\n<li>I s\u00e4llsynta fall av tullrelaterade problem kommer v\u00e5rt team att hantera tullklareringsprocessen f\u00f6r din r\u00e4kning f\u00f6r att s\u00e4kerst\u00e4lla en smidig leveransupplevelse.<\/li>\n<p>Viktig information om returer:<\/p>\n<li>Om du best\u00e4mmer dig f\u00f6r att returnera din best\u00e4llning eller beg\u00e4ra \u00e5terbetalning ska du vara medveten om att skatter och avgifter som betalats f\u00f6r din r\u00e4kning enligt DDP-villkoren inte kan \u00e5terbetalas.<\/li>\n<p>V\u00e4nligen se v\u00e5r<\/ul>\n<\/li>\n<\/ul>\n<p><a href=\"https:\/\/ayaneo.co\/sv\/villkor-for-tjansten\/\" target=\"_blank\" rel=\"nofollow noopener\">Villkor och anvisningar<\/a><\/p>\n<ul>f\u00f6r detaljerad information.<\/ul>\n<p>[\/cg_accordion] [cg_accordion title=\"KUNDTJ\u00c4NST\"]  Har du en fr\u00e5ga? Vi \u00e4r bara ett kort sms bort fr\u00e5n att ha l\u00f6st ditt problem! [\/cg_accordion] [cg_accordion title=\"PACKAGE INCLUDES\"]<\/p>\n<ul>\n<li>1x AYANEO 3<\/li>\n<li>1x N\u00e4tkontakt (EU\/US)<\/li>\n<li>1x USB typ C-kabel<\/li>\n<li>1x Anv\u00e4ndarhandbok<\/li>\n<\/ul>\n<p>[\/cg_accordion]<\/p>\n","protected":false},"featured_media":37599,"template":"","meta":{"_acf_changed":false},"product_brand":[],"product_cat":[541],"product_tag":[542],"class_list":{"0":"post-37070","1":"product","2":"type-product","3":"status-publish","4":"has-post-thumbnail","6":"product_cat-handhallna-speldatorer","7":"product_tag-pc-spel-handhallen","8":"product_shipping_class-premium","9":"pa_brand-ayaneo","10":"pa_graphics-gpu-model-ryzen-7-8840u-radeon-780m","11":"pa_graphics-gpu-model-ryzen-ai-9-hx-370-radeon-890m","12":"pa_operating-system-windows-11","13":"pa_processor-cpu-brand-amd","15":"first","16":"instock","17":"taxable","18":"shipping-taxable","19":"purchasable","20":"product-type-variable","21":"has-default-attributes"},"acf":[],"_links":{"self":[{"href":"https:\/\/ayaneo.co\/sv\/wp-json\/wp\/v2\/product\/37070","targetHints":{"allow":["GET"]}}],"collection":[{"href":"https:\/\/ayaneo.co\/sv\/wp-json\/wp\/v2\/product"}],"about":[{"href":"https:\/\/ayaneo.co\/sv\/wp-json\/wp\/v2\/types\/product"}],"wp:featuredmedia":[{"embeddable":true,"href":"https:\/\/ayaneo.co\/sv\/wp-json\/wp\/v2\/media\/37599"}],"wp:attachment":[{"href":"https:\/\/ayaneo.co\/sv\/wp-json\/wp\/v2\/media?parent=37070"}],"wp:term":[{"taxonomy":"product_brand","embeddable":true,"href":"https:\/\/ayaneo.co\/sv\/wp-json\/wp\/v2\/product_brand?post=37070"},{"taxonomy":"product_cat","embeddable":true,"href":"https:\/\/ayaneo.co\/sv\/wp-json\/wp\/v2\/product_cat?post=37070"},{"taxonomy":"product_tag","embeddable":true,"href":"https:\/\/ayaneo.co\/sv\/wp-json\/wp\/v2\/product_tag?post=37070"}],"curies":[{"name":"wp","href":"https:\/\/api.w.org\/{rel}","templated":true}]}}