{"id":3931,"date":"2023-03-11T10:02:36","date_gmt":"2023-03-11T10:02:36","guid":{"rendered":"https:\/\/ayaneo.co\/product\/ayaneo-2-pc-spel-handhallen\/"},"modified":"2025-04-11T12:25:14","modified_gmt":"2025-04-11T12:25:14","slug":"ayaneo-2-pc-spel-handhallen","status":"publish","type":"product","link":"https:\/\/ayaneo.co\/sv\/product\/ayaneo-2-pc-spel-handhallen\/","title":{"rendered":"AYANEO 2 PC-spel Handh\u00e5llen"},"content":{"rendered":"\n<p>Letar du efter en kraftfull och b\u00e4rbar handdator f\u00f6r PC-spel? D\u00e5 beh\u00f6ver du inte leta l\u00e4ngre \u00e4n till AYANEO 2! Med sin blixtsnabba AMD Ryzen 7-teknik tar den h\u00e4r handdatorn datorspelandet till en helt ny niv\u00e5.  <\/p>\n\n<p>AYANEO 2 har den senaste AMD Ryzen 7 6800U med 8 k\u00e4rnor och 16 tr\u00e5dar som k\u00f6rs upp till 4,7 GHz och en rekommenderad maxf\u00f6rbrukning p\u00e5 28 W TDP. Den har ocks\u00e5 den h\u00f6gpresterande GPU:n AMD Radeon 680M med 12 k\u00e4rnor som k\u00f6rs i 2200 MHz. Med upp till 32 GB LPDDR5-6400 MT\/S RAM och upp till 2 TB PCIe 4.0 m.2 2280 SSD ger AYANEO 2 utm\u00e4rkt spelprestanda, \u00e4ven med de senaste spelen!   <\/p>\n\n<p>Den 7&#8243; stora peksk\u00e4rmen p\u00e5 AYANEO 2 \u00e4r helt enkelt fantastisk, med klara och livfulla f\u00e4rger som g\u00f6r att du verkligen dras in i spelet. Och med sin eleganta design med en enda glasskiva som t\u00e4cker framsidan ser den h\u00e4r handh\u00e5llna PC-spelaren ut och k\u00e4nns avancerad och f\u00f6rstklassig. <\/p>\n\n<p>Men det handlar inte bara om utseende - AYANEO 2 har ocks\u00e5 moderna kontroller med hall-effektsensorer p\u00e5 de dubbla analoga pinnarna och triggerknapparna. De dubbla analoga pinnarna har \u00e4ven diskret RGB-belysning som kan anpassas i den medf\u00f6ljande AYA SPACE-programvaran. <\/p>\n\n<p>Anslutningsm\u00f6jligheterna \u00e4r ocks\u00e5 i toppklass p\u00e5 AYANEO 2, med WiFi 6 f\u00f6r snabb och tillf\u00f6rlitlig tr\u00e5dl\u00f6s data\u00f6verf\u00f6ring och Bluetooth 5.2 f\u00f6r anslutning till den senaste tr\u00e5dl\u00f6sa kringutrustningen, t.ex. h\u00f6rlurar. Och med ett 50,25Wh-batteri kan du njuta av timmar av spelande p\u00e5 denna handdator. <\/p>\n\n<p>Men det som verkligen skiljer AYANEO 2 fr\u00e5n m\u00e4ngden \u00e4r dess spelprestanda. Den kan k\u00f6ra de senaste AAA Windows-spelen i bekv\u00e4ma uppl\u00f6sningar upp till 1200P, och beroende p\u00e5 spelet, \u00e4ven upp till de h\u00f6gsta grafikinst\u00e4llningarna. Och det \u00e4r inte bara f\u00f6r moderna spel - AYANEO 2 \u00e4r ocks\u00e5 utm\u00e4rkt f\u00f6r retrospel, och kan spela upp till sj\u00e4tte generationens konsoler p\u00e5 l\u00e4gre TDP f\u00f6r att spara batteri. Dessutom kan den k\u00f6ra kompatibla system och spel fr\u00e5n den sjunde och \u00e5ttonde generationen med full hastighet!   <\/p>\n\n<p>Om du letar efter en handh\u00e5llen PC-spelkonsol med kraft och stil \u00e4r AYANEO 2 definitivt v\u00e4rd att \u00f6verv\u00e4ga.<\/p>\n","protected":false},"excerpt":{"rendered":"<ul>\n<li>AMD<strong> Ryzen 7 6800U<\/strong> \/ Radeon 680M<\/li>\n<li><strong>upp till 32 GB<\/strong> LPDDR5 @ <strong>6400 MT\/s<\/strong><\/li>\n<li><strong>upp till 2TB<\/strong> H\u00f6ghastighets PCIe 4.0 m.2 2280 SSD <\/li>\n<li><strong>7<\/strong> \" <strong> LCD Peksk\u00e4rm<\/strong> <\/li>\n<li>St\u00f6d f\u00f6r <strong>WiFi 6<\/strong> och <strong>Bluetooth 5.2<\/strong> <\/li>\n<\/ul>\n[cg_accordion title=\"BETALNINGSINFORMATION\"]<\/p>\n<p>Vi anv\u00e4nder den senaste tekniken f\u00f6r betalningshantering, vilket g\u00f6r att du kan checka ut via Apple Pay, Google Pay, ditt betalkort\/kreditkort, PayPal eller BNPL-metoder som Klarna, Affirm eller AfterPay f\u00f6r en snabb och s\u00e4ker upplevelse.[\/cg_accordion]\n[cg_accordion title=\"GARANTI\"]<\/p>\n<p>1 \u00e5rs garanti fr\u00e5n <a href=\"https:\/\/droix.net\/\" target=\"_blank\" rel=\"nofollow noopener\">DROIX Global<\/a> f\u00f6r att du ska k\u00e4nna dig trygg[\/cg_accordion]\n[cg_accordion title=\"PRISER, SKATTER OCH FRAKT\"]<\/p>\n<p><strong><u>Obs!<\/u><\/strong><\/p>\n<ul>\n<li>Kunder i F\u00f6renta staterna: Det visade priset inkluderar INTE SKATT eller tullar. Ansvaret f\u00f6r att tullklarera och betala eventuell tillh\u00f6rande skatt\/avgift ligger p\u00e5 kunden. <\/li>\n<li>EU-kunder: Det visade priset inkluderar till\u00e4mplig skatt, som kan vara upp till 25% beroende p\u00e5 ditt land.<\/li>\n<li>Kunder i Kanada: Det visade priset inkluderar till\u00e4mpliga skatter, vilket kan inkludera 5% GST och ytterligare Provincial Sales Taxes (PST), Harmonized Sales Tax (HST) eller Quebec Sales Tax (QST), beroende p\u00e5 din provins.<\/li>\n<\/ul>\n<p><strong>ENDAST f\u00f6r EU-kunder:<\/strong> Express DDP (Delivered Duty Paid). Detta betyder: <\/p>\n<ul>\n<li>Alla tullavgifter och skatter ing\u00e5r i det pris som visas p\u00e5 produktsidan.<\/li>\n<li>Du beh\u00f6ver inte betala n\u00e5gra extra avgifter vid leverans.<\/li>\n<li>I s\u00e4llsynta fall av tullrelaterade problem kommer v\u00e5rt team att hantera tullklareringsprocessen f\u00f6r din r\u00e4kning f\u00f6r att s\u00e4kerst\u00e4lla en smidig leveransupplevelse.<\/li>\n<p>Viktig information om returer:<\/p>\n<li>Om du best\u00e4mmer dig f\u00f6r att returnera din best\u00e4llning eller beg\u00e4ra \u00e5terbetalning ska du vara medveten om att skatter och avgifter som betalats f\u00f6r din r\u00e4kning enligt DDP-villkoren inte kan \u00e5terbetalas.<\/li>\n<p>F\u00f6r detaljerad information h\u00e4nvisas till v\u00e5ra allm\u00e4nna <a href=\"https:\/\/ayaneo.co\/terms-of-service-2\/\" target=\"_blank\" rel=\"nofollow noopener\">villkor<\/a>.\n<\/ul>\n<p>[\/cg_accordion]\n[cg_accordion title=\"KUNDTJ\u00c4NST\"]<\/p>\n<p>Har du en fr\u00e5ga? Vi \u00e4r bara ett kort sms bort fr\u00e5n att ha l\u00f6st ditt problem!<br \/>\n[\/cg_accordion]\n","protected":false},"featured_media":3933,"template":"","meta":{"_acf_changed":false},"product_brand":[],"product_cat":[541],"product_tag":[542],"class_list":{"0":"post-3931","1":"product","2":"type-product","3":"status-publish","4":"has-post-thumbnail","6":"product_cat-handhallna-speldatorer","7":"product_tag-pc-spel-handhallen","8":"product_shipping_class-premium","9":"pa_brand-ayaneo","10":"pa_graphics-gpu-model-radeon-680m","11":"pa_operating-system-windows-11","12":"pa_processor-cpu-brand-amd","14":"first","15":"outofstock","16":"taxable","17":"shipping-taxable","18":"purchasable","19":"product-type-variable"},"acf":[],"_links":{"self":[{"href":"https:\/\/ayaneo.co\/sv\/wp-json\/wp\/v2\/product\/3931","targetHints":{"allow":["GET"]}}],"collection":[{"href":"https:\/\/ayaneo.co\/sv\/wp-json\/wp\/v2\/product"}],"about":[{"href":"https:\/\/ayaneo.co\/sv\/wp-json\/wp\/v2\/types\/product"}],"wp:featuredmedia":[{"embeddable":true,"href":"https:\/\/ayaneo.co\/sv\/wp-json\/wp\/v2\/media\/3933"}],"wp:attachment":[{"href":"https:\/\/ayaneo.co\/sv\/wp-json\/wp\/v2\/media?parent=3931"}],"wp:term":[{"taxonomy":"product_brand","embeddable":true,"href":"https:\/\/ayaneo.co\/sv\/wp-json\/wp\/v2\/product_brand?post=3931"},{"taxonomy":"product_cat","embeddable":true,"href":"https:\/\/ayaneo.co\/sv\/wp-json\/wp\/v2\/product_cat?post=3931"},{"taxonomy":"product_tag","embeddable":true,"href":"https:\/\/ayaneo.co\/sv\/wp-json\/wp\/v2\/product_tag?post=3931"}],"curies":[{"name":"wp","href":"https:\/\/api.w.org\/{rel}","templated":true}]}}