{"id":4000,"date":"2023-03-11T15:05:16","date_gmt":"2023-03-11T15:05:16","guid":{"rendered":"https:\/\/ayaneo.co\/product\/ayaneo-pro-pc-spel-handhallen\/"},"modified":"2025-04-11T12:25:14","modified_gmt":"2025-04-11T12:25:14","slug":"ayaneo-pro-pc-spel-handhallen","status":"publish","type":"product","link":"https:\/\/ayaneo.co\/sv\/product\/ayaneo-pro-pc-spel-handhallen\/","title":{"rendered":"AYANEO Pro PC-spel handh\u00e5llen"},"content":{"rendered":"\n<figure class=\"wp-block-image\"><img decoding=\"async\" src=\"https:\/\/droix.net\/wp-content\/uploads\/elementor\/thumbs\/aya-neo-features-pk9lkumxlstccbb5vzfe137167irzcikhw6vrsl4l4.jpg\" alt=\"aya-neo-features.jpg\" title=\"aya-neo-features.jpg\"\/><\/figure>\n\n<p>Om du vill ha \u00e4nnu mer kraft har AYA NEO PRO det du beh\u00f6ver. AYA NEO PRO \u00e4r en vidareutveckling av 2021 \u00e5rs AYA NEO, och med en AMD Ryzen 7-processor \u00e4r AYA NEO PRO en verkligt portabel handh\u00e5llen Windows-spelkonsol. <\/p>\n\n<figure class=\"wp-block-image\"><img decoding=\"async\" src=\"https:\/\/droix.net\/wp-content\/uploads\/elementor\/thumbs\/hero-pk9lkwint94k0m61dmx072ej9g5nuzgr31m11t2idk.jpg\" alt=\"hj&#xE4;lte.jpg\" title=\"hj&#xE4;lte.jpg\"\/><\/figure>\n\n<p>Med PRO-serien finns det nu en fantastisk &#8221;Retro Power\"-modell tillg\u00e4nglig f\u00f6r alla retrospels\u00e4lskare d\u00e4r ute.<\/p>\n\n<figure class=\"wp-block-image\"><img decoding=\"async\" src=\"https:\/\/droix.net\/wp-content\/uploads\/2022\/02\/story-1-1024x710.png\" alt=\"\" title=\"AYA NEO 2021 PRO 1\"\/><\/figure>\n\n<p>Tekniken m\u00e5 ha utvecklats, men n\u00e4r du plockar upp AYA NEO PRO inser du verkligen hur mycket den har gjort det. Och till det b\u00e4ttre. <\/p>\n\n<p>Det har lagts ner extra m\u00f6da p\u00e5 att utforma &#8221;Retro Power\"-modellen s\u00e5 att den liknar tidigare konsoler f\u00f6r att ge en \u00e4kta retrok\u00e4nsla. Men det \u00e4r d\u00e4r det slutar, n\u00e4r du plockar upp den och spelar p\u00e5 den inser du att det h\u00e4r inte \u00e4r en gammal konsol. <\/p>\n\n<figure class=\"wp-block-image\"><img decoding=\"async\" src=\"https:\/\/droix.net\/wp-content\/uploads\/2022\/02\/story-2-1024x710.png\" alt=\"\" title=\"AYA NEO 2021 PRO 2\"\/><\/figure>\n\n<p>Designen \u00e4r inte den enda uppgraderingen i AYA NEO PRO - processorn \u00e4r nu en AMD Ryzen 7 - 4800U. Detta kommer att s\u00e4kerst\u00e4lla att dina spel g\u00e5r smidigt samtidigt som de \u00e4r energieffektiva. <\/p>\n\n<figure class=\"wp-block-image\"><img decoding=\"async\" src=\"https:\/\/droix.net\/wp-content\/uploads\/elementor\/thumbs\/aya-neo-2021-processor-pk9lvtf44d1wn4k9rvvzjcka0jpiectapv3h7kdiv8.png\" alt=\"aya-neo-2021-processor.png\" title=\"aya-neo-2021-processor.png\"\/><\/figure>\n\n<h2 class=\"wp-block-heading\">AMD, ja!<\/h2>\n\n<p>AMD Ryzen 7 \u00e4r byggd p\u00e5 TSMC:s 7nm FinFET-arkitektur f\u00f6r att leverera bra prestanda samtidigt som den \u00e4r energieffektiv. Ryzen 7 4800U levereras med 8 k\u00e4rnor, som kan \u00f6ka till 4,2 GHz under tung belastning. <\/p>\n\n<figure class=\"wp-block-image\"><img decoding=\"async\" src=\"https:\/\/droix.net\/wp-content\/uploads\/2022\/02\/aya-neo-pro-processor-image.jpg\" alt=\"aya-neo-pro-processor-bild.jpg\"\/><\/figure>\n\n<h2 class=\"wp-block-heading\">Ah, s\u00e5 coolt!<\/h2>\n\n<p>AYA NEO Pro levereras med en fl\u00e4kt som ser till att din kraftfulla AMD Ryzen 7-processor inte blir f\u00f6r varm.<\/p>\n\n<figure class=\"wp-block-image\"><img decoding=\"async\" src=\"https:\/\/droix.net\/wp-content\/uploads\/elementor\/thumbs\/aya-neo-pro-heat-pk9lxuqk5am4y4f7ylrlit2l03fkgm4wa92orlb32g.png\" alt=\"aya-neo-pro-v&#xE4;rme.png\" title=\"aya-neo-pro-v&#xE4;rme.png\"\/><\/figure>\n\n<h2 class=\"wp-block-heading\">Snabbt RAM-minne och gott om lagringsutrymme<\/h2>\n\n<p>Den har 16 GB snabbt LPDDR4x-minne och upp till 2 TB*2 NVMe Solid State Storage. Detta s\u00e4kerst\u00e4ller att du har gott om utrymme f\u00f6r alla dina favoritspel och retrospel, och att du kan \u00f6ppna mer \u00e4n 1 Chrome-flik samtidigt. <\/p>\n\n<figure class=\"wp-block-image\"><img decoding=\"async\" src=\"https:\/\/droix.net\/wp-content\/uploads\/elementor\/thumbs\/aya-neo-pro-ram-ssd-pk9llfbds5lnfqh4j8d6jxz68oouoosnwqjkbvqg9m.jpg\" alt=\"aya-neo-pro-ram-ssd.jpg\" title=\"aya-neo-pro-ram-ssd.jpg\"\/><\/figure>\n\n<h2 class=\"wp-block-heading\">Spel<\/h2>\n\n<p>Spela dina favoritspel n\u00e4r du \u00e4r p\u00e5 spr\u00e5ng med AYA NEO PRO *1<\/p>\n\n<figure class=\"wp-block-image\"><img decoding=\"async\" src=\"https:\/\/droix.net\/wp-content\/uploads\/2022\/02\/aya-neo-pro-games.jpg\" alt=\"aya-neo-pro-spel.jpg\"\/><\/figure>\n\n<p>1* - De spel som visas kommer att k\u00f6ras, men - Anv\u00e4ndaren b\u00f6r justera inst\u00e4llningarna f\u00f6r att uppn\u00e5 \u00f6nskad prestanda.<\/p>\n\n<p>2* - 2TB-versionen av AYA NEO PRO \u00e4r f\u00f6r n\u00e4rvarande inte tillg\u00e4nglig.<\/p>\n","protected":false},"excerpt":{"rendered":"<ul>\n<li>AMD\u00ae<b> Ryzen\u2122 7 4800U<\/b> med <b>AMD Radeon\u2122-grafik<\/b><\/li>\n<li><strong>16 GB dubbelkanalig<\/strong> LPDDR4x @ 4266 MHz<\/li>\n<li><strong>1 TB<\/strong> h\u00f6ghastighets PCI-E <strong>NVMe<\/strong> <strong> SSD<\/strong><\/li>\n<li><strong>7&#8243; H-IPS<\/strong> Peksk\u00e4rm<\/li>\n<li>St\u00f6d f\u00f6r <strong>WiFi 6E<\/strong> och <strong>Bluetooth 5.1<\/strong> <\/li>\n<\/ul>\n[cg_accordion title=\"BETALNINGSINFORMATION\"]<\/p>\n<p>Vi anv\u00e4nder den senaste tekniken f\u00f6r betalningshantering, vilket g\u00f6r att du kan checka ut via Apple Pay, Google Pay, ditt betalkort\/kreditkort, PayPal eller BNPL-metoder som Klarna, Affirm eller AfterPay f\u00f6r en snabb och s\u00e4ker upplevelse.[\/cg_accordion]\n[cg_accordion title=\"GARANTI\"]<\/p>\n<p>1 \u00e5rs garanti fr\u00e5n <a href=\"https:\/\/droix.net\/\" target=\"_blank\" rel=\"nofollow noopener\">DROIX Global<\/a> f\u00f6r att du ska k\u00e4nna dig trygg[\/cg_accordion]\n[cg_accordion title=\"PRISER, SKATTER OCH FRAKT\"]<\/p>\n<p><strong><u>Obs!<\/u><\/strong><\/p>\n<ul>\n<li>Kunder i F\u00f6renta staterna: Det visade priset inkluderar INTE SKATT eller tullar. Ansvaret f\u00f6r att tullklarera och betala eventuell tillh\u00f6rande skatt\/avgift ligger p\u00e5 kunden. <\/li>\n<li>EU-kunder: Det visade priset inkluderar till\u00e4mplig skatt, som kan vara upp till 25% beroende p\u00e5 ditt land.<\/li>\n<li>Kunder i Kanada: Det visade priset inkluderar till\u00e4mpliga skatter, vilket kan inkludera 5% GST och ytterligare Provincial Sales Taxes (PST), Harmonized Sales Tax (HST) eller Quebec Sales Tax (QST), beroende p\u00e5 din provins.<\/li>\n<\/ul>\n<p><strong>ENDAST f\u00f6r EU-kunder:<\/strong> Express DDP (Delivered Duty Paid). Detta betyder: <\/p>\n<ul>\n<li>Alla tullavgifter och skatter ing\u00e5r i det pris som visas p\u00e5 produktsidan.<\/li>\n<li>Du beh\u00f6ver inte betala n\u00e5gra extra avgifter vid leverans.<\/li>\n<li>I s\u00e4llsynta fall av tullrelaterade problem kommer v\u00e5rt team att hantera tullklareringsprocessen f\u00f6r din r\u00e4kning f\u00f6r att s\u00e4kerst\u00e4lla en smidig leveransupplevelse.<\/li>\n<p>Viktig information om returer:<\/p>\n<li>Om du best\u00e4mmer dig f\u00f6r att returnera din best\u00e4llning eller beg\u00e4ra \u00e5terbetalning ska du vara medveten om att skatter och avgifter som betalats f\u00f6r din r\u00e4kning enligt DDP-villkoren inte kan \u00e5terbetalas.<\/li>\n<p>F\u00f6r detaljerad information h\u00e4nvisas till v\u00e5ra allm\u00e4nna <a href=\"https:\/\/ayaneo.co\/terms-of-service-2\/\" target=\"_blank\" rel=\"nofollow noopener\">villkor<\/a>.\n<\/ul>\n<p>[\/cg_accordion]\n[cg_accordion title=\"KUNDTJ\u00c4NST\"]<\/p>\n<p>Har du en fr\u00e5ga? Vi \u00e4r bara ett kort sms bort fr\u00e5n att ha l\u00f6st ditt problem!<br \/>\n[\/cg_accordion]\n","protected":false},"featured_media":4001,"template":"","meta":{"_acf_changed":false},"product_brand":[],"product_cat":[541],"product_tag":[],"class_list":{"0":"post-4000","1":"product","2":"type-product","3":"status-publish","4":"has-post-thumbnail","6":"product_cat-handhallna-speldatorer","7":"product_shipping_class-premium","8":"pa_brand-ayaneo","9":"pa_graphics-gpu-model-radeon-graphics","10":"pa_operating-system-windows-10","11":"pa_processor-cpu-brand-amd","13":"first","14":"outofstock","15":"taxable","16":"shipping-taxable","17":"purchasable","18":"product-type-variable","19":"has-default-attributes"},"acf":[],"_links":{"self":[{"href":"https:\/\/ayaneo.co\/sv\/wp-json\/wp\/v2\/product\/4000","targetHints":{"allow":["GET"]}}],"collection":[{"href":"https:\/\/ayaneo.co\/sv\/wp-json\/wp\/v2\/product"}],"about":[{"href":"https:\/\/ayaneo.co\/sv\/wp-json\/wp\/v2\/types\/product"}],"wp:featuredmedia":[{"embeddable":true,"href":"https:\/\/ayaneo.co\/sv\/wp-json\/wp\/v2\/media\/4001"}],"wp:attachment":[{"href":"https:\/\/ayaneo.co\/sv\/wp-json\/wp\/v2\/media?parent=4000"}],"wp:term":[{"taxonomy":"product_brand","embeddable":true,"href":"https:\/\/ayaneo.co\/sv\/wp-json\/wp\/v2\/product_brand?post=4000"},{"taxonomy":"product_cat","embeddable":true,"href":"https:\/\/ayaneo.co\/sv\/wp-json\/wp\/v2\/product_cat?post=4000"},{"taxonomy":"product_tag","embeddable":true,"href":"https:\/\/ayaneo.co\/sv\/wp-json\/wp\/v2\/product_tag?post=4000"}],"curies":[{"name":"wp","href":"https:\/\/api.w.org\/{rel}","templated":true}]}}