{"id":4046,"date":"2023-03-11T15:19:07","date_gmt":"2023-03-11T15:19:07","guid":{"rendered":"https:\/\/ayaneo.co\/product\/ayaneo-handhallen-spel-pc\/"},"modified":"2025-04-11T12:25:14","modified_gmt":"2025-04-11T12:25:14","slug":"ayaneo-handhallen-spel-pc","status":"publish","type":"product","link":"https:\/\/ayaneo.co\/sv\/product\/ayaneo-handhallen-spel-pc\/","title":{"rendered":"AYANEO Handh\u00e5llen spel-PC"},"content":{"rendered":"\n<div style=\"background-color: black; color: white;\"><p style=\"text-align: center;\"><img decoding=\"async\" class=\"\" style=\"margin-left: 3%;\" src=\"https:\/\/static.wixstatic.com\/media\/aac863_6656635baa574ee3bb8d41cedbc857a8~mv2.gif\" data-src=\"https:\/\/static.wixstatic.com\/media\/aac863_6656635baa574ee3bb8d41cedbc857a8~mv2.gif\"\/> <img decoding=\"async\" class=\"\" src=\"https:\/\/c1.iggcdn.com\/indiegogo-media-prod-cld\/image\/upload\/c_limit,w_695\/v1615019935\/njqfwmc4qkhhqzgiq1ni.png\" data-src=\"https:\/\/c1.iggcdn.com\/indiegogo-media-prod-cld\/image\/upload\/c_limit,w_695\/v1615019935\/njqfwmc4qkhhqzgiq1ni.png\"\/><\/p><div style=\"text-align: center;\"><\/div><p style=\"text-align: center;\">AYANEO \u00e4r en revolutionerande handh\u00e5llen speldator som inneh\u00e5ller AMD Ryzen APU p\u00e5 7 nm, vilket ger o\u00f6vertr\u00e4ffad spelprestanda i en kompakt formfaktor. Den erbjuder inte bara AAA-spelkapacitet, utan fungerar ocks\u00e5 som en mycket anpassningsbar och flexibel Windows PC, tack vare de imponerande funktioner som beskrivs nedan. <\/p><p style=\"text-align: center;\"><img decoding=\"async\" class=\"\" src=\"https:\/\/c1.iggcdn.com\/indiegogo-media-prod-cld\/image\/upload\/c_limit,w_695\/v1615019962\/rn6jcqjs1po8f5gmtyqf.png\" data-src=\"https:\/\/c1.iggcdn.com\/indiegogo-media-prod-cld\/image\/upload\/c_limit,w_695\/v1615019962\/rn6jcqjs1po8f5gmtyqf.png\"\/> AYANEO drivs av den avancerade Ryzen 5 4500U-processorn, som har sex k\u00e4rnor och en maximal turbofrekvens p\u00e5 4,0 GHz, och \u00e4r ett riktigt kraftpaket som enkelt hanterar kr\u00e4vande spel. Med 50% fler k\u00e4rnor \u00e4n tidigare generationer och dess konkurrenter ger hexak\u00e4rndesignen exceptionell prestanda f\u00f6r multitasking. <\/p><p style=\"text-align: center;\"><img decoding=\"async\" class=\"\" src=\"https:\/\/c1.iggcdn.com\/indiegogo-media-prod-cld\/image\/upload\/c_limit,w_695\/v1615019979\/r9mmjkop1uvc6rhi6e0s.png\" data-src=\"https:\/\/c1.iggcdn.com\/indiegogo-media-prod-cld\/image\/upload\/c_limit,w_695\/v1615019979\/r9mmjkop1uvc6rhi6e0s.png\"\/><\/p><p style=\"text-align: center;\">Ryzen Laptop \u00e4r utrustad med kraftfull AMD Radeon-grafik som g\u00f6r det l\u00e4tt som en pl\u00e4tt att spela AAA-titlar. De f\u00f6rb\u00e4ttrade bilddetaljerna och det j\u00e4mnare spelet ger en uppslukande och \u00f6verl\u00e4gsen spelupplevelse. Radeon Graphics-drivrutinerna har dessutom utm\u00e4rkt kompatibilitet med de senaste spelen, vilket g\u00f6r det m\u00f6jligt att k\u00f6ra kr\u00e4vande titlar som Cyberpunk 2077 med 30+ FPS med l\u00e4gre inst\u00e4llningar. Dessutom erbjuder Radeon Graphics-drivrutinerna fantastiska funktioner som Radeon Boost, Radeon Image Sharpening och Radeon Anti-Lag. I synnerhet kan Radeon Image Sharpening ensam \u00f6ka FPS med 5-10 i AAA-titlar med minimal uppoffring av bildkvaliteten.    <img decoding=\"async\" class=\"\" src=\"https:\/\/c1.iggcdn.com\/indiegogo-media-prod-cld\/image\/upload\/c_limit,w_695\/v1614936310\/sx0rqht7zj0sxihvxhub.png\" data-src=\"https:\/\/c1.iggcdn.com\/indiegogo-media-prod-cld\/image\/upload\/c_limit,w_695\/v1614936310\/sx0rqht7zj0sxihvxhub.png\"\/> AYANEO \u00e4r utrustad med 16 GB LPDDR4x 4266 RAM och har st\u00f6d f\u00f6r upp till 1 TB NVME SSD. Detta garanterar inte bara en s\u00f6ml\u00f6s och smidig spelupplevelse utan minskar ocks\u00e5 laddningstiderna avsev\u00e4rt. Medan andra f\u00e5r v\u00e4nta p\u00e5 att spelen ska laddas kan du kasta dig rakt in i handlingen.  <\/p><p style=\"text-align: center;\"><img decoding=\"async\" class=\"\" src=\"https:\/\/c1.iggcdn.com\/indiegogo-media-prod-cld\/image\/upload\/c_limit,w_695\/v1614936351\/fiymw14evbgdyzf9sqgs.png\" data-src=\"https:\/\/c1.iggcdn.com\/indiegogo-media-prod-cld\/image\/upload\/c_limit,w_695\/v1614936351\/fiymw14evbgdyzf9sqgs.png\"\/><\/p><p style=\"text-align: center;\">Spelkontrollen p\u00e5 AYANEO har flera ergonomiska funktioner som f\u00f6rb\u00e4ttrar spelupplevelsen, inklusive klickbara joysticks med optimerade d\u00f6dzoner f\u00f6r smidigare anv\u00e4ndning. Placeringen av joysticks och D-pad har optimerats f\u00f6r att minimera inl\u00e4rningskurvan f\u00f6r anv\u00e4ndarna. Dessutom har enhetens chassi utformats med bredare sidor, vilket ger ett fastare grepp och b\u00e4ttre spelprestanda.  <\/p><p style=\"text-align: center;\"><img decoding=\"async\" class=\"\" src=\"https:\/\/static.wixstatic.com\/media\/aac863_43ed0b20a12b4752aef923e0e2adfe9e~mv2.gif\" data-src=\"https:\/\/static.wixstatic.com\/media\/aac863_43ed0b20a12b4752aef923e0e2adfe9e~mv2.gif\"\/><\/p><p style=\"text-align: center;\">Axelknapparna p\u00e5 AYANEO \u00e4r utrustade med APLPS-mikrobrytare som ger kortare r\u00f6relse och tydligare \u00e5terkoppling. Joystickarna p\u00e5 AYA NEO har dessutom s\u00e4rskilda knappar f\u00f6r Windows Task Manager och sk\u00e4rmtangentbord, vilket ger en s\u00f6ml\u00f6s Windows-upplevelse. Dessa knappar har utformats f\u00f6r att ligga i j\u00e4mnh\u00f6jd med joystickens yta, vilket minskar risken f\u00f6r oavsiktlig aktivering.  <\/p><p style=\"text-align: center;\"><img decoding=\"async\" class=\"\" src=\"https:\/\/c1.iggcdn.com\/indiegogo-media-prod-cld\/image\/upload\/c_limit,w_695\/v1615001195\/nzloks9padhf7p2zhwav.png\" data-src=\"https:\/\/c1.iggcdn.com\/indiegogo-media-prod-cld\/image\/upload\/c_limit,w_695\/v1615001195\/nzloks9padhf7p2zhwav.png\"\/><\/p><p style=\"text-align: center;\">Det inbyggda litiumbatteriet i AYANEO best\u00e5r av 3 celler, vardera med en kapacitet p\u00e5 4100mAh, som levereras av BYD Auto och uppfyller alla internationella branschstandarder. Med sin batterikapacitet p\u00e5 47 Watt-timmar och l\u00e5ga str\u00f6mf\u00f6rbrukning har AYANEO en utm\u00e4rkt batteritid p\u00e5 upp till 5-6 timmar vid l\u00e4gre inst\u00e4llningar p\u00e5 TDP och upp till 140 minuter vid kr\u00e4vande AAA-spel. Dessutom har AYANEO st\u00f6d f\u00f6r snabbladdning, d\u00e4r en full laddning tar s\u00e5 lite som 90 minuter.  <\/p><p style=\"text-align: center;\"><img decoding=\"async\" class=\"\" src=\"https:\/\/c1.iggcdn.com\/indiegogo-media-prod-cld\/image\/upload\/c_limit,w_695\/v1615020381\/lhrkmd6a0fwvkzcqdrhr.png\" data-src=\"https:\/\/c1.iggcdn.com\/indiegogo-media-prod-cld\/image\/upload\/c_limit,w_695\/v1615020381\/lhrkmd6a0fwvkzcqdrhr.png\"\/> AYANEO har en 7-tums multitouch-sk\u00e4rm med en 800p 215 PPI H-IPS panel, som t\u00e4cker 76% av NTSC-f\u00e4rgrymden och har en maximal ljusstyrka p\u00e5 500 nit. Sk\u00e4rmen \u00e4r dessutom flimmerfri, vilket garanterar fantastiska spelbilder i varje enskild bildruta. <\/p><p style=\"text-align: center;\"><img decoding=\"async\" class=\"\" src=\"https:\/\/c1.iggcdn.com\/indiegogo-media-prod-cld\/image\/upload\/c_limit,w_695\/v1615020027\/knbtdy0fr89jdpecpbfa.png\" data-src=\"https:\/\/c1.iggcdn.com\/indiegogo-media-prod-cld\/image\/upload\/c_limit,w_695\/v1615020027\/knbtdy0fr89jdpecpbfa.png\"\/><\/p><p style=\"text-align: center;\">AYANEO \u00e4r utrustad med ett inbyggt 6-axligt gyroskop\/accelerometer som ger h\u00f6gprecisionshj\u00e4lp vid siktning och andra fantastiska funktioner. Dessutom har enheten inbyggda rumble-motorer som ger feedback f\u00f6r kollision, vibration, strid och andra scener, vilket resulterar i en mer uppslukande spelupplevelse. <\/p><p style=\"text-align: center;\"><img decoding=\"async\" class=\"\" src=\"https:\/\/c1.iggcdn.com\/indiegogo-media-prod-cld\/image\/upload\/c_limit,w_695\/v1615020046\/ghondj0xjfgyldiartzt.png\" data-src=\"https:\/\/c1.iggcdn.com\/indiegogo-media-prod-cld\/image\/upload\/c_limit,w_695\/v1615020046\/ghondj0xjfgyldiartzt.png\"\/><\/p><p style=\"text-align: center;\">AYANEO&#8217;s r\u00e5a kraft g\u00f6r att den kan k\u00f6ra AAA-titlar som Cyberpunk 2077, Watch Dogs: Legion, Death Stranding, Assassin&#8217;s Creed Valhalla, Destiny 2, Horizon Zero Dawn och mer med bra bildhastigheter. Dessutom g\u00f6r enheten att du kan k\u00f6ra PC-versionen av spel, som kan vara mycket billigare \u00e4n konsolversionen. <\/p><p style=\"text-align: center;\"><img decoding=\"async\" class=\"\" src=\"https:\/\/c1.iggcdn.com\/indiegogo-media-prod-cld\/image\/upload\/c_limit,w_695\/v1614936733\/obwoov4gy7o7n23zq8wl.png\" data-src=\"https:\/\/c1.iggcdn.com\/indiegogo-media-prod-cld\/image\/upload\/c_limit,w_695\/v1614936733\/obwoov4gy7o7n23zq8wl.png\"\/><\/p><p style=\"text-align: center;\"><img decoding=\"async\" class=\"\" src=\"https:\/\/c1.iggcdn.com\/indiegogo-media-prod-cld\/image\/upload\/c_limit,w_695\/v1615020358\/d8cym34zq3rhnbia3b9i.png\" data-src=\"https:\/\/c1.iggcdn.com\/indiegogo-media-prod-cld\/image\/upload\/c_limit,w_695\/v1615020358\/d8cym34zq3rhnbia3b9i.png\"\/><\/p><p style=\"text-align: center;\">Tack vare sin r\u00e5a kraft och utm\u00e4rkta anslutningsm\u00f6jligheter kan AYANEO k\u00f6ra b\u00e5de AAA-titlar f\u00f6r en spelare och multiplayerspel online utan problem<\/p><p style=\"text-align: center;\"><img decoding=\"async\" class=\"\" src=\"https:\/\/c1.iggcdn.com\/indiegogo-media-prod-cld\/image\/upload\/c_limit,w_695\/v1614936771\/nz1hzj2hgoyghq1adk1h.png\" data-src=\"https:\/\/c1.iggcdn.com\/indiegogo-media-prod-cld\/image\/upload\/c_limit,w_695\/v1614936771\/nz1hzj2hgoyghq1adk1h.png\"\/> AYANEO \u00e4r utrustad med den tr\u00e5dl\u00f6sa modulen Intel AX200, som st\u00f6der Wi-Fi 6 och Bluetooth 5.0. Wi-Fi 6 erbjuder upp till 2,7 g\u00e5nger snabbare hastigheter och 25% l\u00e4gre latens j\u00e4mf\u00f6rt med f\u00f6reg\u00e5ende generation. Oavsett om det g\u00e4ller spel, streaming av onlinevideor, livestreaming eller fj\u00e4rr\u00e5tkomst, klarar AYANEO:s Wi-Fi 6 allt perfekt.  <\/p><p style=\"text-align: center;\"><img decoding=\"async\" class=\"\" src=\"https:\/\/c1.iggcdn.com\/indiegogo-media-prod-cld\/image\/upload\/c_limit,w_695\/v1614936793\/znofdbppssvahjptax4d.png\" data-src=\"https:\/\/c1.iggcdn.com\/indiegogo-media-prod-cld\/image\/upload\/c_limit,w_695\/v1614936793\/znofdbppssvahjptax4d.png\"\/>  AYANEO har 3 USB 3.2 Gen 2 Type-C 10Gbps-portar, varav 2 med videoutg\u00e5ng och laddningsfunktioner, samt ett 3,5 mm h\u00f6rlursuttag. Dessutom erbjuder den b\u00e4rbara dockningsstationen fler anslutningsm\u00f6jligheter, inklusive 2 USB 3.2 Gen 1 typ-A-portar, 1 HDMI-port, 1 SD-kortplats, 1 TF-kortplats och 1 RJ45-port. Denna ultraportabla dockningsstation f\u00e5r plats i b\u00e4rv\u00e4skan tillsammans med enheten och fungerar \u00e4ven som laddningsstation. Med m\u00f6jlighet att ansluta till upp till 2 externa bildsk\u00e4rmar och ett externt tangentbord\/mus ger AYANEO en skrivbordsliknande upplevelse f\u00f6r b\u00e5de underh\u00e5llning och produktivitet.   <\/p><p style=\"text-align: center;\"><img decoding=\"async\" class=\"\" src=\"https:\/\/c1.iggcdn.com\/indiegogo-media-prod-cld\/image\/upload\/c_limit,w_695\/v1614936808\/rfczhcxftjpotxtukccj.png\" data-src=\"https:\/\/c1.iggcdn.com\/indiegogo-media-prod-cld\/image\/upload\/c_limit,w_695\/v1614936808\/rfczhcxftjpotxtukccj.png\"\/><\/p><\/div>\n","protected":false},"excerpt":{"rendered":"[cg_accordion title=\"At a Glance\" open=\"open\"]<\/p>\n<ul>\n<li>AMD\u00ae<b> Ryzen\u2122 5 4500U<\/b> med <b>AMD Radeon\u2122-grafik<\/b><\/li>\n<li><strong>16 GB dubbelkanalig<\/strong> LPDDR4x @ 4266 MHz<\/li>\n<li><strong>1 TB<\/strong> h\u00f6ghastighets PCI-E <strong>NVMe<\/strong> <strong> SSD<\/strong><\/li>\n<li><strong>7&#8243; H-IPS<\/strong> Peksk\u00e4rm<\/li>\n<li>St\u00f6d f\u00f6r <strong>WiFi 6E<\/strong> och <strong>Bluetooth 5.1<\/strong> <\/li>\n<\/ul>\n<p>[\/cg_accordion]\n[cg_accordion title=\"BETALNINGSINFORMATION\"]<\/p>\n<p>Vi anv\u00e4nder den senaste tekniken f\u00f6r betalningshantering, vilket g\u00f6r att du kan checka ut via Apple Pay, Google Pay, ditt betalkort\/kreditkort, PayPal eller BNPL-metoder som Klarna, Affirm eller AfterPay f\u00f6r en snabb och s\u00e4ker upplevelse.[\/cg_accordion]\n[cg_accordion title=\"GARANTI\"]<\/p>\n<p>1 \u00e5rs garanti fr\u00e5n <a href=\"https:\/\/droix.net\/\" target=\"_blank\" rel=\"nofollow noopener\">DROIX Global<\/a> f\u00f6r att du ska k\u00e4nna dig trygg[\/cg_accordion]\n[cg_accordion title=\"PRISER, SKATTER OCH FRAKT\"]<\/p>\n<p><strong><u>Obs!<\/u><\/strong><\/p>\n<ul>\n<li>Kunder i F\u00f6renta staterna: Det visade priset inkluderar INTE SKATT eller tullar. Ansvaret f\u00f6r att tullklarera och betala eventuell tillh\u00f6rande skatt\/avgift ligger p\u00e5 kunden. <\/li>\n<li>EU-kunder: Det visade priset inkluderar till\u00e4mplig skatt, som kan vara upp till 25% beroende p\u00e5 ditt land.<\/li>\n<li>Kunder i Kanada: Det visade priset inkluderar till\u00e4mpliga skatter, vilket kan inkludera 5% GST och ytterligare Provincial Sales Taxes (PST), Harmonized Sales Tax (HST) eller Quebec Sales Tax (QST), beroende p\u00e5 din provins.<\/li>\n<\/ul>\n<p><strong>ENDAST f\u00f6r EU-kunder:<\/strong> Express DDP (Delivered Duty Paid). Detta betyder: <\/p>\n<ul>\n<li>Alla tullavgifter och skatter ing\u00e5r i det pris som visas p\u00e5 produktsidan.<\/li>\n<li>Du beh\u00f6ver inte betala n\u00e5gra extra avgifter vid leverans.<\/li>\n<li>I s\u00e4llsynta fall av tullrelaterade problem kommer v\u00e5rt team att hantera tullklareringsprocessen f\u00f6r din r\u00e4kning f\u00f6r att s\u00e4kerst\u00e4lla en smidig leveransupplevelse.<\/li>\n<p>Viktig information om returer:<\/p>\n<li>Om du best\u00e4mmer dig f\u00f6r att returnera din best\u00e4llning eller beg\u00e4ra \u00e5terbetalning ska du vara medveten om att skatter och avgifter som betalats f\u00f6r din r\u00e4kning enligt DDP-villkoren inte kan \u00e5terbetalas.<\/li>\n<p>F\u00f6r detaljerad information h\u00e4nvisas till v\u00e5ra allm\u00e4nna <a href=\"https:\/\/ayaneo.co\/terms-of-service-2\/\" target=\"_blank\" rel=\"nofollow noopener\">villkor<\/a>.\n<\/ul>\n<p>[\/cg_accordion]\n[cg_accordion title=\"KUNDTJ\u00c4NST\"]<\/p>\n<p>Har du en fr\u00e5ga? Vi \u00e4r bara ett kort sms bort fr\u00e5n att ha l\u00f6st ditt problem!<br \/>\n[\/cg_accordion]\n","protected":false},"featured_media":4049,"template":"","meta":{"_acf_changed":false},"product_brand":[],"product_cat":[541],"product_tag":[542],"class_list":{"0":"post-4046","1":"product","2":"type-product","3":"status-publish","4":"has-post-thumbnail","6":"product_cat-handhallna-speldatorer","7":"product_tag-pc-spel-handhallen","8":"pa_brand-ayaneo","9":"pa_graphics-gpu-model-radeon-graphics","10":"pa_operating-system-windows-10","11":"pa_processor-cpu-brand-amd","13":"first","14":"outofstock","15":"taxable","16":"shipping-taxable","17":"purchasable","18":"product-type-simple"},"acf":[],"_links":{"self":[{"href":"https:\/\/ayaneo.co\/sv\/wp-json\/wp\/v2\/product\/4046","targetHints":{"allow":["GET"]}}],"collection":[{"href":"https:\/\/ayaneo.co\/sv\/wp-json\/wp\/v2\/product"}],"about":[{"href":"https:\/\/ayaneo.co\/sv\/wp-json\/wp\/v2\/types\/product"}],"wp:featuredmedia":[{"embeddable":true,"href":"https:\/\/ayaneo.co\/sv\/wp-json\/wp\/v2\/media\/4049"}],"wp:attachment":[{"href":"https:\/\/ayaneo.co\/sv\/wp-json\/wp\/v2\/media?parent=4046"}],"wp:term":[{"taxonomy":"product_brand","embeddable":true,"href":"https:\/\/ayaneo.co\/sv\/wp-json\/wp\/v2\/product_brand?post=4046"},{"taxonomy":"product_cat","embeddable":true,"href":"https:\/\/ayaneo.co\/sv\/wp-json\/wp\/v2\/product_cat?post=4046"},{"taxonomy":"product_tag","embeddable":true,"href":"https:\/\/ayaneo.co\/sv\/wp-json\/wp\/v2\/product_tag?post=4046"}],"curies":[{"name":"wp","href":"https:\/\/api.w.org\/{rel}","templated":true}]}}