{"id":4070,"date":"2023-03-11T17:22:19","date_gmt":"2023-03-11T17:22:19","guid":{"rendered":"https:\/\/ayaneo.co\/product\/ayaneo-geek-pc-spel-handhallen\/"},"modified":"2025-04-11T12:25:14","modified_gmt":"2025-04-11T12:25:14","slug":"ayaneo-geek-pc-spel-handhallen","status":"publish","type":"product","link":"https:\/\/ayaneo.co\/sv\/product\/ayaneo-geek-pc-spel-handhallen\/","title":{"rendered":"AYANEO Geek PC-spel Handh\u00e5llen"},"content":{"rendered":"\n<p>Vi presenterar AYANEO Geek handh\u00e5llen gaming PC, en kraftfull och budgetv\u00e4nlig enhet som levererar exceptionell prestanda. Utrustad med AMD Ryzen 7 6800U-processorn, med \u00e5tta k\u00e4rnor och sexton tr\u00e5dar, k\u00f6r AYANEO Geek upp till 4,7 GHz f\u00f6r snabb och effektiv drift. GPU:n \u00e4r AMD Radeon 680M, som k\u00f6rs upp till 2,2 GHz och levererar otroliga AAA-spelprestanda, vilket demonstreras av AYANEO 2 handheld.  <\/p>\n\n<p>AYANEO Geek erbjuder flera anpassningsm\u00f6jligheter, inklusive upp till 32 GB LPDDR5 RAM med 6400 MT\/s och upp till 2 TB snabb PCIe 3.0 m.2 2280 dubbelsidig SSD. Det finns ocks\u00e5 en micro SD-kortplats f\u00f6r ytterligare lagringsexpansion. <\/p>\n\n<p>Njut av fantastiska bilder p\u00e5 AYANEO Geeks 7-tums peksk\u00e4rm med en uppl\u00f6sning p\u00e5 1920\u00d71200, omgiven av en tunn ram. Sk\u00e4rmen har ljusa, livfulla f\u00e4rger som verkligen sticker ut. Spelkontrollerna \u00e4r utrustade med hallsensorer, vilket ger exakt och tillf\u00f6rlitlig inmatning. Dessa sensorer anv\u00e4nder magneter ist\u00e4llet f\u00f6r traditionella r\u00f6rliga delar, som tenderar att slitas ut snabbare.   <\/p>\n\n<p>Anslut till kringutrustning tr\u00e5dl\u00f6st med AYANEO Geeks snabba WiFi 6 och Bluetooth 5.2-funktioner. Det finns ocks\u00e5 tre USB Type-C-portar p\u00e5 enheten, varav tv\u00e5 \u00e4r USB 4 och Thunderbolt-kompatibla, s\u00e5 att du kan ansluta till h\u00f6ghastighets kringutrustning, inklusive eGPU f\u00f6r \u00e4nnu snabbare prestanda. <\/p>\n\n<p>Upplev de senaste AAA Windows-spelen med spelbar bildfrekvens och kvalitetsgrafik, eller k\u00f6r sjunde generationens konsolemulatorer, t.ex. PlayStation 3, med fantastisk bildfrekvens. AYANEO Geek \u00e4r b\u00e4rbar och l\u00e4tt, m\u00e4ter 26,5 x 10,5 x 3,7 cm (10,5 x 4,13 x 1,4 tum) och v\u00e4ger endast 680 g. Den \u00e4r perfekt att anv\u00e4nda under den dagliga pendlingen, p\u00e5 resan eller hemma, d\u00e4r du kan ansluta den till en dockningsstation och anv\u00e4nda den som en station\u00e4r dator p\u00e5 en TV eller bildsk\u00e4rm.  <\/p>\n","protected":false},"excerpt":{"rendered":"<ul>\n<li>AMD<strong> Ryzen 7 6800U<\/strong> \/ Radeon 680M<\/li>\n<li><strong>upp till 32 GB<\/strong> LPDDR5 @ <strong>6400 MT\/s<\/strong><\/li>\n<li><strong>upp till 2TB<\/strong> H\u00f6ghastighets PCIe 4.0 m.2 2280 SSD <\/li>\n<li><strong>7<\/strong> \" <strong> LCD Peksk\u00e4rm<\/strong> <\/li>\n<li>St\u00f6d f\u00f6r <strong>WiFi 6<\/strong> och <strong>Bluetooth 5.2<\/strong> <\/li>\n<\/ul>\n[cg_accordion title=\"BETALNINGSINFORMATION\"]<\/p>\n<p>Vi anv\u00e4nder den senaste tekniken f\u00f6r betalningshantering, vilket g\u00f6r att du kan checka ut via Apple Pay, Google Pay, ditt betalkort\/kreditkort, PayPal eller BNPL-metoder som Klarna, Affirm eller AfterPay f\u00f6r en snabb och s\u00e4ker upplevelse.[\/cg_accordion]\n[cg_accordion title=\"GARANTI\"]<\/p>\n<p>1 \u00e5rs garanti fr\u00e5n <a href=\"https:\/\/droix.net\/\" target=\"_blank\" rel=\"nofollow noopener\">DROIX Global<\/a> f\u00f6r att du ska k\u00e4nna dig trygg[\/cg_accordion]\n[cg_accordion title=\"PRISER, SKATTER OCH FRAKT\"]<\/p>\n<p><strong><u>Obs!<\/u><\/strong><\/p>\n<ul>\n<li>Kunder i F\u00f6renta staterna: Det visade priset inkluderar INTE SKATT eller tullar. Ansvaret f\u00f6r att tullklarera och betala eventuell tillh\u00f6rande skatt\/avgift ligger p\u00e5 kunden. <\/li>\n<li>EU-kunder: Det visade priset inkluderar till\u00e4mplig skatt, som kan vara upp till 25% beroende p\u00e5 ditt land.<\/li>\n<li>Kunder i Kanada: Det visade priset inkluderar till\u00e4mpliga skatter, vilket kan inkludera 5% GST och ytterligare Provincial Sales Taxes (PST), Harmonized Sales Tax (HST) eller Quebec Sales Tax (QST), beroende p\u00e5 din provins.<\/li>\n<\/ul>\n<p><strong>ENDAST f\u00f6r EU-kunder:<\/strong> Express DDP (Delivered Duty Paid). Detta betyder: <\/p>\n<ul>\n<li>Alla tullavgifter och skatter ing\u00e5r i det pris som visas p\u00e5 produktsidan.<\/li>\n<li>Du beh\u00f6ver inte betala n\u00e5gra extra avgifter vid leverans.<\/li>\n<li>I s\u00e4llsynta fall av tullrelaterade problem kommer v\u00e5rt team att hantera tullklareringsprocessen f\u00f6r din r\u00e4kning f\u00f6r att s\u00e4kerst\u00e4lla en smidig leveransupplevelse.<\/li>\n<p>Viktig information om returer:<\/p>\n<li>Om du best\u00e4mmer dig f\u00f6r att returnera din best\u00e4llning eller beg\u00e4ra \u00e5terbetalning ska du vara medveten om att skatter och avgifter som betalats f\u00f6r din r\u00e4kning enligt DDP-villkoren inte kan \u00e5terbetalas.<\/li>\n<p>F\u00f6r detaljerad information h\u00e4nvisas till v\u00e5ra allm\u00e4nna <a href=\"https:\/\/ayaneo.co\/terms-of-service-2\/\" target=\"_blank\" rel=\"nofollow noopener\">villkor<\/a>.\n<\/ul>\n<p>[\/cg_accordion]\n[cg_accordion title=\"KUNDTJ\u00c4NST\"]<\/p>\n<p>Har du en fr\u00e5ga? Vi \u00e4r bara ett kort sms bort fr\u00e5n att ha l\u00f6st ditt problem!<br \/>\n[\/cg_accordion]\n","protected":false},"featured_media":4071,"template":"","meta":{"_acf_changed":false},"product_brand":[],"product_cat":[541],"product_tag":[],"class_list":{"0":"post-4070","1":"product","2":"type-product","3":"status-publish","4":"has-post-thumbnail","6":"product_cat-handhallna-speldatorer","7":"product_shipping_class-premium","8":"pa_brand-ayaneo","9":"pa_graphics-gpu-model-radeon-680m","10":"pa_operating-system-windows-11","11":"pa_processor-cpu-brand-amd","13":"first","14":"outofstock","15":"taxable","16":"shipping-taxable","17":"purchasable","18":"product-type-variable","19":"has-default-attributes"},"acf":[],"_links":{"self":[{"href":"https:\/\/ayaneo.co\/sv\/wp-json\/wp\/v2\/product\/4070","targetHints":{"allow":["GET"]}}],"collection":[{"href":"https:\/\/ayaneo.co\/sv\/wp-json\/wp\/v2\/product"}],"about":[{"href":"https:\/\/ayaneo.co\/sv\/wp-json\/wp\/v2\/types\/product"}],"wp:featuredmedia":[{"embeddable":true,"href":"https:\/\/ayaneo.co\/sv\/wp-json\/wp\/v2\/media\/4071"}],"wp:attachment":[{"href":"https:\/\/ayaneo.co\/sv\/wp-json\/wp\/v2\/media?parent=4070"}],"wp:term":[{"taxonomy":"product_brand","embeddable":true,"href":"https:\/\/ayaneo.co\/sv\/wp-json\/wp\/v2\/product_brand?post=4070"},{"taxonomy":"product_cat","embeddable":true,"href":"https:\/\/ayaneo.co\/sv\/wp-json\/wp\/v2\/product_cat?post=4070"},{"taxonomy":"product_tag","embeddable":true,"href":"https:\/\/ayaneo.co\/sv\/wp-json\/wp\/v2\/product_tag?post=4070"}],"curies":[{"name":"wp","href":"https:\/\/api.w.org\/{rel}","templated":true}]}}