{"id":44838,"date":"2026-02-03T13:07:54","date_gmt":"2026-02-03T13:07:54","guid":{"rendered":"https:\/\/ayaneo.co\/product\/biwin-mini-ssd\/"},"modified":"2026-02-12T09:57:25","modified_gmt":"2026-02-12T09:57:25","slug":"biwin-mini-ssd","status":"publish","type":"product","link":"https:\/\/ayaneo.co\/sv\/product\/biwin-mini-ssd\/","title":{"rendered":"BIWIN Mini SSD"},"content":{"rendered":"\n<h2 class=\"wp-block-heading\">BIWIN Mini SSD: En ny era av lagringsprestanda<\/h2>\n\n<p>I den mycket konkurrensutsatta v\u00e4rlden av b\u00e4rbar lagring framst\u00e5r <strong>BIWIN Mini SSD<\/strong> som ett riktigt kraftpaket som erbjuder elitprestanda och robust h\u00e5llbarhet f\u00f6r att tillfredsst\u00e4lla alla kr\u00e4vande anv\u00e4ndare. Den h\u00e4r enheten \u00e4r ett uttryck f\u00f6r kompromissl\u00f6s hastighet och representerar ett stort steg fram\u00e5t inom ultrakompakt lagringsteknik. BIWIN Mini SSD \u00e4r ett under av design och kraft och erbjuder en dataupplevelse p\u00e5 flaggskeppsniv\u00e5, o\u00f6vertr\u00e4ffad b\u00e4rbarhet och en rad innovativa funktioner som placerar den i marknadens topp. Den h\u00e4r enheten \u00e4r utformad f\u00f6r proffs och entusiaster som kr\u00e4ver elithastighet och en f\u00f6rstklassig, funktionsrik l\u00f6sning och spr\u00e4nger gr\u00e4nserna f\u00f6r datahantering p\u00e5 spr\u00e5ng.   <\/p>\n\n<p>BIWIN Mini SSD \u00e4r en titan av innovation n\u00e4r det g\u00e4ller avancerade, kompakta lagringsenheter. Mini SSD drivs av banbrytande <strong>PCIe Gen4x2-<\/strong> och <strong>NVMe 1.4-<\/strong> teknik och ger hisnande prestanda med sekventiella l\u00e4shastigheter p\u00e5 upp till <strong>3 700 MB\/s<\/strong> och skrivhastigheter p\u00e5 upp till <strong>3 400 MB\/s<\/strong>. Denna hastighet krossar prestandataket f\u00f6r traditionella microSD-kort och positionerar Mini SSD som en \u00f6verl\u00e4gsen, h\u00f6ghastighetsers\u00e4ttning. Denna kraft \u00e4r inrymd i en ultrakompakt kropp - som bara m\u00e4ter <strong>15,0 mm \u00d7 17,0 mm \u00d7 1,4 mm - vilket<\/strong>m\u00f6jligg\u00f6rs av avancerad <a href=\"https:\/\/en.wikipedia.org\/wiki\/Land_grid_array\" target=\"_blank\" rel=\"noopener nofollow\" title=\"\">LGA-paketering (Land Grid Array).<\/a>    <\/p>\n\n<p>Mini SSD finns i h\u00f6gkapacitetsalternativ med <strong>512 GB, 1 TB och 2 TB och<\/strong> ger exceptionellt lagringsutrymme f\u00f6r kr\u00e4vande arbetsbelastningar som molnsamarbete och databehandling i realtid.<\/p>\n\n<h2 class=\"wp-block-heading\"><strong>Not om prestanda f\u00f6r handdatorer<\/strong><\/h2>\n\n<p>Det \u00e4r viktigt f\u00f6r anv\u00e4ndare av specifika v\u00e4rdenheter att notera att \u00e4ven om Mini SSD erbjuder teoretiska topphastigheter p\u00e5 3 700 MB\/s, kommer dess verkliga prestanda att begr\u00e4nsas av v\u00e4rdenhetens specifikationer. Till exempel, n\u00e4r den installeras i kompatibla spelhanddatorer, begr\u00e4nsas enhetens hastighet vanligtvis eftersom enheten anv\u00e4nder en <strong>mini PCIe 4&#215;1-konfiguration<\/strong> (ist\u00e4llet f\u00f6r den fullst\u00e4ndiga 4&#215;2-specifikationen). Baserat p\u00e5 CrystalDiskMark-testning kan anv\u00e4ndare f\u00f6rv\u00e4nta sig genomsnittliga l\u00e4s- och skrivhastigheter p\u00e5 cirka <strong>1 700 MB\/s<\/strong>. Detta garanterar fortfarande tillf\u00f6rlitlig h\u00f6ghastighetsprestanda som vida \u00f6verstiger microSD-alternativ, \u00e4ven om det kanske inte \u00e5terspeglar enhetens absoluta maximala teoretiska potential.   <\/p>\n\n<p>Enheten \u00e4r utformad f\u00f6r kompromissl\u00f6s tillf\u00f6rlitlighet och har en robust struktur med <strong>IP68-klassning<\/strong> f\u00f6r omfattande damm- och vattenskydd, vilket g\u00f6r att den klarar de tuffaste f\u00f6rh\u00e5llandena. H\u00f6g datatillf\u00f6rlitlighet levereras av avancerad firmware, inklusive dynamisk SLC-cache och slitageutj\u00e4mning, medan h\u00e5llbarheten f\u00f6rst\u00e4rks av LGA-paketering som g\u00f6r att den kan \u00f6verleva fall fr\u00e5n upp till <strong>3 meter.<\/strong> Med sin m\u00e5ngsidiga modul\u00e4ra slot-design \u00e4r detta en h\u00e5llbar och framtidsklar f\u00f6ljeslagare f\u00f6r applikationer i mobila enheter, spelhanddatorer (som GPD WIN 5 och OneXPlayer Super X) och edge computing.  <\/p>\n","protected":false},"excerpt":{"rendered":"\n<ul>\n<li>Gr\u00e4nssnitt: <strong>PCIe Gen4x2<\/strong> med **NVMe 1.4** protokoll<\/li>\n<li>Formfaktor: <strong>Ultrakompakt LGA-paket<\/strong> (15,0 mm \u00d7 17,0 mm \u00d7 1,4 mm)<\/li>\n<li>Prestanda: Upp till **3 700 MB\/s l\u00e4sning** \/ Upp till **3 400 MB\/s skrivning**<\/li>\n<li>Kapacitet: 512 GB, 1 TB eller 2 TB 3D TLC NAND<\/li>\n<li>H\u00e5llbarhet: <strong>IP68<\/strong> damm- och vattent\u00e5lighet \/ **3-meters fall** \u00d6verlevnad<\/li>\n<li>Teknik: Dynamisk **SLC-cache** och **Wear Leveling**<\/li>\n<\/ul>\n[cg_accordion title=\"BETALNINGSINFORMATION\"]<\/p>\n<p>Vi anv\u00e4nder den senaste tekniken f\u00f6r betalningshantering, vilket g\u00f6r att du kan checka ut via Apple Pay, Google Pay, ditt betalkort\/kreditkort, PayPal eller BNPL-metoder som Klarna, Affirm eller AfterPay f\u00f6r en snabb och s\u00e4ker upplevelse.[\/cg_accordion]\n[cg_accordion title=\"GARANTI\"]<\/p>\n<p>1 \u00e5rs garanti fr\u00e5n <a href=\"https:\/\/droix.net\/\" target=\"_blank\" rel=\"nofollow noopener\">DROIX Global<\/a> f\u00f6r att du ska k\u00e4nna dig trygg[\/cg_accordion]\n[cg_accordion title=\"KVALITETSS\u00c4KRING OCH TESTNING F\u00d6RE AVS\u00c4NDNING\"]<\/p>\n<p>S\u00e4kerst\u00e4ller kundn\u00f6jdhet p\u00e5 h\u00f6gsta niv\u00e5: Varje enhet genomg\u00e5r rigor\u00f6s testning och en kvalitetss\u00e4kringskontroll i flera punkter innan den skickas. V\u00e5rt dedikerade team verifierar prestanda, funktionalitet och komponentintegritet f\u00f6r att garantera att din AYANEO-enhet \u00e4r i perfekt skick vid ankomst, vilket ger dig f\u00f6rtroende och sinnesfrid. [\/cg_accordion]\n[cg_accordion title=\"PRISER, SKATTER OCH FRAKT\"]<\/p>\n<p><strong><u>Obs!<\/u><\/strong><\/p>\n<ul>\n<li>Kunder i F\u00f6renta staterna: Det visade priset inkluderar INTE SKATT eller tullar. Ansvaret f\u00f6r att tullklarera och betala eventuell tillh\u00f6rande skatt\/avgift ligger p\u00e5 kunden. <\/li>\n<li>EU-kunder: Det visade priset inkluderar till\u00e4mplig skatt, som kan vara upp till 25% beroende p\u00e5 ditt land.<\/li>\n<li>Kunder i Kanada: Det visade priset inkluderar till\u00e4mpliga skatter, vilket kan inkludera 5% GST och ytterligare Provincial Sales Taxes (PST), Harmonized Sales Tax (HST) eller Quebec Sales Tax (QST), beroende p\u00e5 din provins.<\/li>\n<\/ul>\n<p>F\u00f6r v\u00e5ra kunder i USA: Best\u00e4llningar skickas DAP (Delivered At Place). Kunderna \u00e4r ansvariga f\u00f6r att betala eventuella till\u00e4mpliga avgifter, men vi anv\u00e4nder oss av v\u00e5r omfattande erfarenhet av frakt fr\u00e5n Storbritannien f\u00f6r att se till att du betalar minsta m\u00f6jliga avgift. Baserat p\u00e5 v\u00e5ra uppgifter \u00f6verstiger dessa avgifter normalt inte 10 % av varans v\u00e4rde.  <\/p>\n<p><strong>ENDAST f\u00f6r EU-kunder:<\/strong> Express DDP (Delivered Duty Paid). Detta betyder: <\/p>\n<ul>\n<li>Alla tullavgifter och skatter ing\u00e5r i det pris som visas p\u00e5 produktsidan.<\/li>\n<li>Du beh\u00f6ver inte betala n\u00e5gra extra avgifter vid leverans.<\/li>\n<li>I s\u00e4llsynta fall av tullrelaterade problem kommer v\u00e5rt team att hantera tullklareringsprocessen f\u00f6r din r\u00e4kning f\u00f6r att s\u00e4kerst\u00e4lla en smidig leveransupplevelse.<\/li>\n<p>Viktig information om returer:<\/p>\n<li>Om du best\u00e4mmer dig f\u00f6r att returnera din best\u00e4llning eller beg\u00e4ra \u00e5terbetalning ska du vara medveten om att skatter och avgifter som betalats f\u00f6r din r\u00e4kning enligt DDP-villkoren inte kan \u00e5terbetalas.<\/li>\n<p>F\u00f6r detaljerad information h\u00e4nvisas till v\u00e5ra allm\u00e4nna <a href=\"https:\/\/ayaneo.co\/sv\/villkor-for-tjansten\/\" target=\"_blank\" rel=\"nofollow noopener\">villkor<\/a>.\n<\/ul>\n<p>[\/cg_accordion]\n[cg_accordion title=\"KUNDTJ\u00c4NST\"]<\/p>\n<p>Har du en fr\u00e5ga? Vi \u00e4r bara ett kort sms bort fr\u00e5n att ha l\u00f6st ditt problem! [\/cg_accordion]\n[cg_accordion title=\"PAKETET INNEH\u00c5LLER\"]<\/p>\n<ul>\n<li>1x BIWIN Mini SSD<\/li>\n<\/ul>\n<p>[\/cg_accordion]\n","protected":false},"featured_media":44153,"template":"","meta":{"_acf_changed":false},"product_brand":[],"product_cat":[554],"product_tag":[],"class_list":{"0":"post-44838","1":"product","2":"type-product","3":"status-publish","4":"has-post-thumbnail","6":"product_cat-tillbehor","7":"product_shipping_class-low-end","8":"pa_brand-biwin","10":"first","11":"instock","12":"taxable","13":"shipping-taxable","14":"purchasable","15":"product-type-variable","16":"has-default-attributes"},"acf":[],"_links":{"self":[{"href":"https:\/\/ayaneo.co\/sv\/wp-json\/wp\/v2\/product\/44838","targetHints":{"allow":["GET"]}}],"collection":[{"href":"https:\/\/ayaneo.co\/sv\/wp-json\/wp\/v2\/product"}],"about":[{"href":"https:\/\/ayaneo.co\/sv\/wp-json\/wp\/v2\/types\/product"}],"wp:featuredmedia":[{"embeddable":true,"href":"https:\/\/ayaneo.co\/sv\/wp-json\/wp\/v2\/media\/44153"}],"wp:attachment":[{"href":"https:\/\/ayaneo.co\/sv\/wp-json\/wp\/v2\/media?parent=44838"}],"wp:term":[{"taxonomy":"product_brand","embeddable":true,"href":"https:\/\/ayaneo.co\/sv\/wp-json\/wp\/v2\/product_brand?post=44838"},{"taxonomy":"product_cat","embeddable":true,"href":"https:\/\/ayaneo.co\/sv\/wp-json\/wp\/v2\/product_cat?post=44838"},{"taxonomy":"product_tag","embeddable":true,"href":"https:\/\/ayaneo.co\/sv\/wp-json\/wp\/v2\/product_tag?post=44838"}],"curies":[{"name":"wp","href":"https:\/\/api.w.org\/{rel}","templated":true}]}}