{"id":4487,"date":"2024-03-20T16:50:22","date_gmt":"2024-03-20T16:50:22","guid":{"rendered":"https:\/\/ayaneo.co\/product\/ayaneo-flip-kb-ds\/"},"modified":"2025-04-11T12:15:52","modified_gmt":"2025-04-11T12:15:52","slug":"ayaneo-flip-kb-ds","status":"publish","type":"product","link":"https:\/\/ayaneo.co\/sv\/product\/ayaneo-flip-kb-ds\/","title":{"rendered":"AYANEO FLIP KB \/ DS"},"content":{"rendered":"\n<figure class=\"wp-block-image size-full\"><img fetchpriority=\"high\" decoding=\"async\" width=\"1500\" height=\"846\" src=\"https:\/\/ayaneo.co\/wp-content\/uploads\/2024\/03\/AYANEO-FLIP-KB-MARKETING-DONE-02.jpg\" alt=\"AYANEO FLIP Marknadsf&#xF6;ring\" class=\"wp-image-557\" srcset=\"https:\/\/ayaneo.co\/wp-content\/uploads\/2024\/03\/AYANEO-FLIP-KB-MARKETING-DONE-02.jpg 1500w, https:\/\/ayaneo.co\/wp-content\/uploads\/2024\/03\/AYANEO-FLIP-KB-MARKETING-DONE-02-150x85.jpg 150w, https:\/\/ayaneo.co\/wp-content\/uploads\/2024\/03\/AYANEO-FLIP-KB-MARKETING-DONE-02-600x338.jpg 600w, https:\/\/ayaneo.co\/wp-content\/uploads\/2024\/03\/AYANEO-FLIP-KB-MARKETING-DONE-02-300x169.jpg 300w, https:\/\/ayaneo.co\/wp-content\/uploads\/2024\/03\/AYANEO-FLIP-KB-MARKETING-DONE-02-1024x578.jpg 1024w, https:\/\/ayaneo.co\/wp-content\/uploads\/2024\/03\/AYANEO-FLIP-KB-MARKETING-DONE-02-768x433.jpg 768w, https:\/\/ayaneo.co\/wp-content\/uploads\/2024\/03\/AYANEO-FLIP-KB-MARKETING-DONE-02-990x558.jpg 990w, https:\/\/ayaneo.co\/wp-content\/uploads\/2024\/03\/AYANEO-FLIP-KB-MARKETING-DONE-02-441x249.jpg 441w\" sizes=\"(max-width: 1500px) 100vw, 1500px\" \/><\/figure>\n\n<figure class=\"wp-block-image size-full\"><img decoding=\"async\" width=\"1500\" height=\"1346\" src=\"https:\/\/ayaneo.co\/wp-content\/uploads\/2024\/03\/AYANEO-FLIP-DS-MARKETING-DONE-03.png\" alt=\"AYANEO FLIP Marknadsf&#xF6;ring\" class=\"wp-image-558\" srcset=\"https:\/\/ayaneo.co\/wp-content\/uploads\/2024\/03\/AYANEO-FLIP-DS-MARKETING-DONE-03.png 1500w, https:\/\/ayaneo.co\/wp-content\/uploads\/2024\/03\/AYANEO-FLIP-DS-MARKETING-DONE-03-150x135.png 150w, https:\/\/ayaneo.co\/wp-content\/uploads\/2024\/03\/AYANEO-FLIP-DS-MARKETING-DONE-03-600x538.png 600w, https:\/\/ayaneo.co\/wp-content\/uploads\/2024\/03\/AYANEO-FLIP-DS-MARKETING-DONE-03-300x269.png 300w, https:\/\/ayaneo.co\/wp-content\/uploads\/2024\/03\/AYANEO-FLIP-DS-MARKETING-DONE-03-1024x919.png 1024w, https:\/\/ayaneo.co\/wp-content\/uploads\/2024\/03\/AYANEO-FLIP-DS-MARKETING-DONE-03-768x689.png 768w, https:\/\/ayaneo.co\/wp-content\/uploads\/2024\/03\/AYANEO-FLIP-DS-MARKETING-DONE-03-990x888.png 990w, https:\/\/ayaneo.co\/wp-content\/uploads\/2024\/03\/AYANEO-FLIP-DS-MARKETING-DONE-03-441x396.png 441w\" sizes=\"(max-width: 1500px) 100vw, 1500px\" \/><\/figure>\n\n<figure class=\"wp-block-image size-full\"><img decoding=\"async\" width=\"1500\" height=\"1004\" src=\"https:\/\/ayaneo.co\/wp-content\/uploads\/2024\/03\/AYANEO-FLIP-DS-MARKETING-DONE-02.png\" alt=\"AYANEO FLIP Marknadsf&#xF6;ring\" class=\"wp-image-559\" srcset=\"https:\/\/ayaneo.co\/wp-content\/uploads\/2024\/03\/AYANEO-FLIP-DS-MARKETING-DONE-02.png 1500w, https:\/\/ayaneo.co\/wp-content\/uploads\/2024\/03\/AYANEO-FLIP-DS-MARKETING-DONE-02-150x100.png 150w, https:\/\/ayaneo.co\/wp-content\/uploads\/2024\/03\/AYANEO-FLIP-DS-MARKETING-DONE-02-600x402.png 600w, https:\/\/ayaneo.co\/wp-content\/uploads\/2024\/03\/AYANEO-FLIP-DS-MARKETING-DONE-02-300x201.png 300w, https:\/\/ayaneo.co\/wp-content\/uploads\/2024\/03\/AYANEO-FLIP-DS-MARKETING-DONE-02-1024x685.png 1024w, https:\/\/ayaneo.co\/wp-content\/uploads\/2024\/03\/AYANEO-FLIP-DS-MARKETING-DONE-02-768x514.png 768w, https:\/\/ayaneo.co\/wp-content\/uploads\/2024\/03\/AYANEO-FLIP-DS-MARKETING-DONE-02-990x663.png 990w, https:\/\/ayaneo.co\/wp-content\/uploads\/2024\/03\/AYANEO-FLIP-DS-MARKETING-DONE-02-441x295.png 441w\" sizes=\"(max-width: 1500px) 100vw, 1500px\" \/><\/figure>\n\n<figure class=\"wp-block-image size-full\"><img loading=\"lazy\" decoding=\"async\" width=\"1500\" height=\"992\" src=\"https:\/\/ayaneo.co\/wp-content\/uploads\/2024\/03\/AYANEO-FLIP-KB-MARKETING-DONE-05.jpg\" alt=\"AYANEO FLIP Marknadsf&#xF6;ring\" class=\"wp-image-560\" srcset=\"https:\/\/ayaneo.co\/wp-content\/uploads\/2024\/03\/AYANEO-FLIP-KB-MARKETING-DONE-05.jpg 1500w, https:\/\/ayaneo.co\/wp-content\/uploads\/2024\/03\/AYANEO-FLIP-KB-MARKETING-DONE-05-150x99.jpg 150w, https:\/\/ayaneo.co\/wp-content\/uploads\/2024\/03\/AYANEO-FLIP-KB-MARKETING-DONE-05-600x397.jpg 600w, https:\/\/ayaneo.co\/wp-content\/uploads\/2024\/03\/AYANEO-FLIP-KB-MARKETING-DONE-05-300x198.jpg 300w, https:\/\/ayaneo.co\/wp-content\/uploads\/2024\/03\/AYANEO-FLIP-KB-MARKETING-DONE-05-1024x677.jpg 1024w, https:\/\/ayaneo.co\/wp-content\/uploads\/2024\/03\/AYANEO-FLIP-KB-MARKETING-DONE-05-768x508.jpg 768w, https:\/\/ayaneo.co\/wp-content\/uploads\/2024\/03\/AYANEO-FLIP-KB-MARKETING-DONE-05-990x655.jpg 990w, https:\/\/ayaneo.co\/wp-content\/uploads\/2024\/03\/AYANEO-FLIP-KB-MARKETING-DONE-05-441x292.jpg 441w\" sizes=\"(max-width: 1500px) 100vw, 1500px\" \/><\/figure>\n\n<figure class=\"wp-block-image size-full\"><img loading=\"lazy\" decoding=\"async\" width=\"1500\" height=\"1587\" src=\"https:\/\/ayaneo.co\/wp-content\/uploads\/2024\/03\/AYANEO-FLIP-KB-MARKETING-DONE-06.jpg\" alt=\"AYANEO FLIP Marknadsf&#xF6;ring\" class=\"wp-image-561\" srcset=\"https:\/\/ayaneo.co\/wp-content\/uploads\/2024\/03\/AYANEO-FLIP-KB-MARKETING-DONE-06.jpg 1500w, https:\/\/ayaneo.co\/wp-content\/uploads\/2024\/03\/AYANEO-FLIP-KB-MARKETING-DONE-06-150x159.jpg 150w, https:\/\/ayaneo.co\/wp-content\/uploads\/2024\/03\/AYANEO-FLIP-KB-MARKETING-DONE-06-600x635.jpg 600w, https:\/\/ayaneo.co\/wp-content\/uploads\/2024\/03\/AYANEO-FLIP-KB-MARKETING-DONE-06-284x300.jpg 284w, https:\/\/ayaneo.co\/wp-content\/uploads\/2024\/03\/AYANEO-FLIP-KB-MARKETING-DONE-06-968x1024.jpg 968w, https:\/\/ayaneo.co\/wp-content\/uploads\/2024\/03\/AYANEO-FLIP-KB-MARKETING-DONE-06-768x813.jpg 768w, https:\/\/ayaneo.co\/wp-content\/uploads\/2024\/03\/AYANEO-FLIP-KB-MARKETING-DONE-06-1452x1536.jpg 1452w, https:\/\/ayaneo.co\/wp-content\/uploads\/2024\/03\/AYANEO-FLIP-KB-MARKETING-DONE-06-990x1047.jpg 990w, https:\/\/ayaneo.co\/wp-content\/uploads\/2024\/03\/AYANEO-FLIP-KB-MARKETING-DONE-06-441x467.jpg 441w\" sizes=\"(max-width: 1500px) 100vw, 1500px\" \/><\/figure>\n\n<figure class=\"wp-block-image size-large\"><img loading=\"lazy\" decoding=\"async\" width=\"1024\" height=\"591\" src=\"https:\/\/ayaneo.co\/wp-content\/uploads\/2024\/03\/AYANEO-FLIP-DS-MARKETING-DONE-06-1024x591.png\" alt=\"AYANEO FLIP Marknadsf&#xF6;ring\" class=\"wp-image-562\" srcset=\"https:\/\/ayaneo.co\/wp-content\/uploads\/2024\/03\/AYANEO-FLIP-DS-MARKETING-DONE-06-1024x591.png 1024w, https:\/\/ayaneo.co\/wp-content\/uploads\/2024\/03\/AYANEO-FLIP-DS-MARKETING-DONE-06-150x87.png 150w, https:\/\/ayaneo.co\/wp-content\/uploads\/2024\/03\/AYANEO-FLIP-DS-MARKETING-DONE-06-600x346.png 600w, https:\/\/ayaneo.co\/wp-content\/uploads\/2024\/03\/AYANEO-FLIP-DS-MARKETING-DONE-06-300x173.png 300w, https:\/\/ayaneo.co\/wp-content\/uploads\/2024\/03\/AYANEO-FLIP-DS-MARKETING-DONE-06-768x443.png 768w, https:\/\/ayaneo.co\/wp-content\/uploads\/2024\/03\/AYANEO-FLIP-DS-MARKETING-DONE-06-990x572.png 990w, https:\/\/ayaneo.co\/wp-content\/uploads\/2024\/03\/AYANEO-FLIP-DS-MARKETING-DONE-06-441x255.png 441w, https:\/\/ayaneo.co\/wp-content\/uploads\/2024\/03\/AYANEO-FLIP-DS-MARKETING-DONE-06.png 1500w\" sizes=\"(max-width: 1024px) 100vw, 1024px\" \/><\/figure>\n\n<figure class=\"wp-block-image size-large\"><img loading=\"lazy\" decoding=\"async\" width=\"855\" height=\"1024\" src=\"https:\/\/ayaneo.co\/wp-content\/uploads\/2024\/03\/AYANEO-FLIP-KB-MARKETING-DONE-09-855x1024.jpg\" alt=\"AYANEO FLIP Marknadsf&#xF6;ring\" class=\"wp-image-563\" srcset=\"https:\/\/ayaneo.co\/wp-content\/uploads\/2024\/03\/AYANEO-FLIP-KB-MARKETING-DONE-09-855x1024.jpg 855w, https:\/\/ayaneo.co\/wp-content\/uploads\/2024\/03\/AYANEO-FLIP-KB-MARKETING-DONE-09-150x180.jpg 150w, https:\/\/ayaneo.co\/wp-content\/uploads\/2024\/03\/AYANEO-FLIP-KB-MARKETING-DONE-09-600x719.jpg 600w, https:\/\/ayaneo.co\/wp-content\/uploads\/2024\/03\/AYANEO-FLIP-KB-MARKETING-DONE-09-250x300.jpg 250w, https:\/\/ayaneo.co\/wp-content\/uploads\/2024\/03\/AYANEO-FLIP-KB-MARKETING-DONE-09-768x920.jpg 768w, https:\/\/ayaneo.co\/wp-content\/uploads\/2024\/03\/AYANEO-FLIP-KB-MARKETING-DONE-09-1282x1536.jpg 1282w, https:\/\/ayaneo.co\/wp-content\/uploads\/2024\/03\/AYANEO-FLIP-KB-MARKETING-DONE-09-990x1186.jpg 990w, https:\/\/ayaneo.co\/wp-content\/uploads\/2024\/03\/AYANEO-FLIP-KB-MARKETING-DONE-09-441x528.jpg 441w, https:\/\/ayaneo.co\/wp-content\/uploads\/2024\/03\/AYANEO-FLIP-KB-MARKETING-DONE-09.jpg 1500w\" sizes=\"(max-width: 855px) 100vw, 855px\" \/><\/figure>\n\n<figure class=\"wp-block-image size-full\"><img loading=\"lazy\" decoding=\"async\" width=\"1500\" height=\"2091\" src=\"https:\/\/ayaneo.co\/wp-content\/uploads\/2024\/03\/AYANEO-FLIP-KB-MARKETING-DONE-11.jpg\" alt=\"AYANEO FLIP Marknadsf&#xF6;ring\" class=\"wp-image-564\" srcset=\"https:\/\/ayaneo.co\/wp-content\/uploads\/2024\/03\/AYANEO-FLIP-KB-MARKETING-DONE-11.jpg 1500w, https:\/\/ayaneo.co\/wp-content\/uploads\/2024\/03\/AYANEO-FLIP-KB-MARKETING-DONE-11-150x209.jpg 150w, https:\/\/ayaneo.co\/wp-content\/uploads\/2024\/03\/AYANEO-FLIP-KB-MARKETING-DONE-11-600x836.jpg 600w, https:\/\/ayaneo.co\/wp-content\/uploads\/2024\/03\/AYANEO-FLIP-KB-MARKETING-DONE-11-215x300.jpg 215w, https:\/\/ayaneo.co\/wp-content\/uploads\/2024\/03\/AYANEO-FLIP-KB-MARKETING-DONE-11-735x1024.jpg 735w, https:\/\/ayaneo.co\/wp-content\/uploads\/2024\/03\/AYANEO-FLIP-KB-MARKETING-DONE-11-768x1071.jpg 768w, https:\/\/ayaneo.co\/wp-content\/uploads\/2024\/03\/AYANEO-FLIP-KB-MARKETING-DONE-11-1102x1536.jpg 1102w, https:\/\/ayaneo.co\/wp-content\/uploads\/2024\/03\/AYANEO-FLIP-KB-MARKETING-DONE-11-1469x2048.jpg 1469w, https:\/\/ayaneo.co\/wp-content\/uploads\/2024\/03\/AYANEO-FLIP-KB-MARKETING-DONE-11-990x1380.jpg 990w, https:\/\/ayaneo.co\/wp-content\/uploads\/2024\/03\/AYANEO-FLIP-KB-MARKETING-DONE-11-441x615.jpg 441w\" sizes=\"(max-width: 1500px) 100vw, 1500px\" \/><\/figure>\n\n<figure class=\"wp-block-image size-full\"><img loading=\"lazy\" decoding=\"async\" width=\"1500\" height=\"2353\" src=\"https:\/\/ayaneo.co\/wp-content\/uploads\/2024\/03\/AYANEO-FLIP-KB-MARKETING-DONE-12.jpg\" alt=\"AYANEO FLIP Marknadsf&#xF6;ring\" class=\"wp-image-565\" srcset=\"https:\/\/ayaneo.co\/wp-content\/uploads\/2024\/03\/AYANEO-FLIP-KB-MARKETING-DONE-12.jpg 1500w, https:\/\/ayaneo.co\/wp-content\/uploads\/2024\/03\/AYANEO-FLIP-KB-MARKETING-DONE-12-150x235.jpg 150w, https:\/\/ayaneo.co\/wp-content\/uploads\/2024\/03\/AYANEO-FLIP-KB-MARKETING-DONE-12-600x941.jpg 600w, https:\/\/ayaneo.co\/wp-content\/uploads\/2024\/03\/AYANEO-FLIP-KB-MARKETING-DONE-12-191x300.jpg 191w, https:\/\/ayaneo.co\/wp-content\/uploads\/2024\/03\/AYANEO-FLIP-KB-MARKETING-DONE-12-653x1024.jpg 653w, https:\/\/ayaneo.co\/wp-content\/uploads\/2024\/03\/AYANEO-FLIP-KB-MARKETING-DONE-12-768x1205.jpg 768w, https:\/\/ayaneo.co\/wp-content\/uploads\/2024\/03\/AYANEO-FLIP-KB-MARKETING-DONE-12-979x1536.jpg 979w, https:\/\/ayaneo.co\/wp-content\/uploads\/2024\/03\/AYANEO-FLIP-KB-MARKETING-DONE-12-1306x2048.jpg 1306w, https:\/\/ayaneo.co\/wp-content\/uploads\/2024\/03\/AYANEO-FLIP-KB-MARKETING-DONE-12-990x1553.jpg 990w, https:\/\/ayaneo.co\/wp-content\/uploads\/2024\/03\/AYANEO-FLIP-KB-MARKETING-DONE-12-441x692.jpg 441w\" sizes=\"(max-width: 1500px) 100vw, 1500px\" \/><\/figure>\n\n<figure class=\"wp-block-image size-full\"><img loading=\"lazy\" decoding=\"async\" width=\"1500\" height=\"830\" src=\"https:\/\/ayaneo.co\/wp-content\/uploads\/2024\/03\/AYANEO-FLIP-KB-MARKETING-DONE-15.jpg\" alt=\"AYANEO FLIP Marknadsf&#xF6;ring\" class=\"wp-image-566\" srcset=\"https:\/\/ayaneo.co\/wp-content\/uploads\/2024\/03\/AYANEO-FLIP-KB-MARKETING-DONE-15.jpg 1500w, https:\/\/ayaneo.co\/wp-content\/uploads\/2024\/03\/AYANEO-FLIP-KB-MARKETING-DONE-15-150x83.jpg 150w, https:\/\/ayaneo.co\/wp-content\/uploads\/2024\/03\/AYANEO-FLIP-KB-MARKETING-DONE-15-600x332.jpg 600w, https:\/\/ayaneo.co\/wp-content\/uploads\/2024\/03\/AYANEO-FLIP-KB-MARKETING-DONE-15-300x166.jpg 300w, https:\/\/ayaneo.co\/wp-content\/uploads\/2024\/03\/AYANEO-FLIP-KB-MARKETING-DONE-15-1024x567.jpg 1024w, https:\/\/ayaneo.co\/wp-content\/uploads\/2024\/03\/AYANEO-FLIP-KB-MARKETING-DONE-15-768x425.jpg 768w, https:\/\/ayaneo.co\/wp-content\/uploads\/2024\/03\/AYANEO-FLIP-KB-MARKETING-DONE-15-990x548.jpg 990w, https:\/\/ayaneo.co\/wp-content\/uploads\/2024\/03\/AYANEO-FLIP-KB-MARKETING-DONE-15-441x244.jpg 441w\" sizes=\"(max-width: 1500px) 100vw, 1500px\" \/><\/figure>\n\n<figure class=\"wp-block-image size-full\"><img loading=\"lazy\" decoding=\"async\" width=\"1500\" height=\"1364\" src=\"https:\/\/ayaneo.co\/wp-content\/uploads\/2024\/03\/AYANEO-FLIP-KB-MARKETING-DONE-19.jpg\" alt=\"AYANEO FLIP Marknadsf&#xF6;ring\" class=\"wp-image-567\" srcset=\"https:\/\/ayaneo.co\/wp-content\/uploads\/2024\/03\/AYANEO-FLIP-KB-MARKETING-DONE-19.jpg 1500w, https:\/\/ayaneo.co\/wp-content\/uploads\/2024\/03\/AYANEO-FLIP-KB-MARKETING-DONE-19-150x136.jpg 150w, https:\/\/ayaneo.co\/wp-content\/uploads\/2024\/03\/AYANEO-FLIP-KB-MARKETING-DONE-19-600x546.jpg 600w, https:\/\/ayaneo.co\/wp-content\/uploads\/2024\/03\/AYANEO-FLIP-KB-MARKETING-DONE-19-300x273.jpg 300w, https:\/\/ayaneo.co\/wp-content\/uploads\/2024\/03\/AYANEO-FLIP-KB-MARKETING-DONE-19-1024x931.jpg 1024w, https:\/\/ayaneo.co\/wp-content\/uploads\/2024\/03\/AYANEO-FLIP-KB-MARKETING-DONE-19-768x698.jpg 768w, https:\/\/ayaneo.co\/wp-content\/uploads\/2024\/03\/AYANEO-FLIP-KB-MARKETING-DONE-19-990x900.jpg 990w, https:\/\/ayaneo.co\/wp-content\/uploads\/2024\/03\/AYANEO-FLIP-KB-MARKETING-DONE-19-441x401.jpg 441w\" sizes=\"(max-width: 1500px) 100vw, 1500px\" \/><\/figure>\n\n<figure class=\"wp-block-image size-full\"><img loading=\"lazy\" decoding=\"async\" width=\"1500\" height=\"1080\" src=\"https:\/\/ayaneo.co\/wp-content\/uploads\/2024\/03\/AYANEO-FLIP-DS-MARKETING-DONE-09.png\" alt=\"AYANEO FLIP Marknadsf&#xF6;ring\" class=\"wp-image-568\" srcset=\"https:\/\/ayaneo.co\/wp-content\/uploads\/2024\/03\/AYANEO-FLIP-DS-MARKETING-DONE-09.png 1500w, https:\/\/ayaneo.co\/wp-content\/uploads\/2024\/03\/AYANEO-FLIP-DS-MARKETING-DONE-09-150x108.png 150w, https:\/\/ayaneo.co\/wp-content\/uploads\/2024\/03\/AYANEO-FLIP-DS-MARKETING-DONE-09-600x432.png 600w, https:\/\/ayaneo.co\/wp-content\/uploads\/2024\/03\/AYANEO-FLIP-DS-MARKETING-DONE-09-300x216.png 300w, https:\/\/ayaneo.co\/wp-content\/uploads\/2024\/03\/AYANEO-FLIP-DS-MARKETING-DONE-09-1024x737.png 1024w, https:\/\/ayaneo.co\/wp-content\/uploads\/2024\/03\/AYANEO-FLIP-DS-MARKETING-DONE-09-768x553.png 768w, https:\/\/ayaneo.co\/wp-content\/uploads\/2024\/03\/AYANEO-FLIP-DS-MARKETING-DONE-09-990x713.png 990w, https:\/\/ayaneo.co\/wp-content\/uploads\/2024\/03\/AYANEO-FLIP-DS-MARKETING-DONE-09-441x318.png 441w\" sizes=\"(max-width: 1500px) 100vw, 1500px\" \/><\/figure>\n\n<figure class=\"wp-block-image size-full\"><img loading=\"lazy\" decoding=\"async\" width=\"1500\" height=\"898\" src=\"https:\/\/ayaneo.co\/wp-content\/uploads\/2024\/03\/AYANEO-FLIP-DS-MARKETING-DONE-10.png\" alt=\"AYANEO FLIP Marknadsf&#xF6;ring\" class=\"wp-image-569\" srcset=\"https:\/\/ayaneo.co\/wp-content\/uploads\/2024\/03\/AYANEO-FLIP-DS-MARKETING-DONE-10.png 1500w, https:\/\/ayaneo.co\/wp-content\/uploads\/2024\/03\/AYANEO-FLIP-DS-MARKETING-DONE-10-150x90.png 150w, https:\/\/ayaneo.co\/wp-content\/uploads\/2024\/03\/AYANEO-FLIP-DS-MARKETING-DONE-10-600x359.png 600w, https:\/\/ayaneo.co\/wp-content\/uploads\/2024\/03\/AYANEO-FLIP-DS-MARKETING-DONE-10-300x180.png 300w, https:\/\/ayaneo.co\/wp-content\/uploads\/2024\/03\/AYANEO-FLIP-DS-MARKETING-DONE-10-1024x613.png 1024w, https:\/\/ayaneo.co\/wp-content\/uploads\/2024\/03\/AYANEO-FLIP-DS-MARKETING-DONE-10-768x460.png 768w, https:\/\/ayaneo.co\/wp-content\/uploads\/2024\/03\/AYANEO-FLIP-DS-MARKETING-DONE-10-990x593.png 990w, https:\/\/ayaneo.co\/wp-content\/uploads\/2024\/03\/AYANEO-FLIP-DS-MARKETING-DONE-10-441x264.png 441w\" sizes=\"(max-width: 1500px) 100vw, 1500px\" \/><\/figure>\n\n<h3 class=\"wp-block-heading\" id=\"h-introducing-the-ayaneo-flip-revolutionizing-handheld-gaming-pcs\">Vi presenterar AYANEO Flip: Revolutionerar handh\u00e5llna speldatorer<\/h3>\n\n<p>I den dynamiska spelv\u00e4rlden framst\u00e5r AYANEO Flip som ett banbrytande steg fram\u00e5t och ger spelarna en kombination av mobilitet och h\u00f6gpresterande spel som aldrig f\u00f6rr. Den h\u00e4r innovativa handh\u00e5llna gamingdatorn sticker ut med sin DS-modell med dubbla sk\u00e4rmar och KB-modell med tangentbord, och passar spelare som prioriterar b\u00e5de b\u00e4rbarhet och kraft. AYANEO Flip omdefinierar standarderna f\u00f6r handh\u00e5llet spelande och erbjuder banbrytande funktioner som passar b\u00e5de klassiska spelentusiaster och moderna spelare som s\u00f6ker enast\u00e5ende spelupplevelser n\u00e4r de \u00e4r p\u00e5 spr\u00e5ng.  <\/p>\n\n<h3 class=\"wp-block-heading\">Produkt\u00f6versikt: Det ultimata inom handh\u00e5llet spelande<\/h3>\n\n<p>AYANEO Flip omformar landskapet f\u00f6r b\u00e4rbara speldatorer genom att s\u00f6ml\u00f6st blanda robust prestanda med minimal str\u00f6mf\u00f6rbrukning. Den h\u00e4r enheten drivs av en AMD Ryzen 7 7840U-processor och ger spelupplevelser i skrivbordsklass i ett kompakt paket. V\u00e4lj mellan DS-modellen, med en dubbel 3,5&#8243; IPS sk\u00e4rm f\u00f6r f\u00f6rb\u00e4ttrad spelupplevelse och produktivitet, eller KB-modellen, som integrerar ett tangentbord f\u00f6r s\u00f6ml\u00f6s navigering och kommunikation.  <\/p>\n\n<p>Den h\u00e4r b\u00e4rbara gamingdatorn utm\u00e4rker sig inte bara n\u00e4r det g\u00e4ller prestanda utan \u00e4ven ergonomi och b\u00e4rbarhet, vilket g\u00f6r den perfekt f\u00f6r spel i alla milj\u00f6er. Med en 7&#8243; 1080P IPS dynamisk huvudsk\u00e4rm, upp till 64 GB LPDDR5X RAM och upp till 2 TB PCIe 4.0 SSD lagring, s\u00e4kerst\u00e4ller AYANEO Flip smidigt spelande och m\u00e5ngsidighet samtidigt som den har en snygg, l\u00e4tt design. <\/p>\n\n<h3 class=\"wp-block-heading\">Detaljerade egenskaper: Konstruerad f\u00f6r h\u00f6gsta kvalitet<\/h3>\n\n<p>Prestanda: AYANEO Flip levererar exceptionell prestanda med sin AMD Ryzen 7 7840U CPU eller AMD Ryzen 7 8840U och 780M GPU, med en 28W TDP f\u00f6r uppslukande spelupplevelser i olika titlar. Med en uppdateringsfrekvens f\u00f6r huvudsk\u00e4rmen p\u00e5 120 Hz och 100 % sRGB-f\u00e4rgskala blir bilderna levande och flytande, medan den andra sk\u00e4rmen som finns som tillval p\u00e5 DS-modellen f\u00f6rb\u00e4ttrar multitasking och spelkontroller. <\/p>\n\n<p>Minne och lagring: AYANEO Flip flyttar fram gr\u00e4nserna f\u00f6r handh\u00e5llna spel och erbjuder konfigurationer med upp till 64 GB RAM f\u00f6r blixtsnabba laddningstider och s\u00f6ml\u00f6st spelande. Den gener\u00f6sa 2TB SSD ger gott om utrymme f\u00f6r att lagra ett omfattande spelbibliotek. <\/p>\n\n<h3 class=\"wp-block-heading\">Anv\u00e4ndarupplevelse: Skr\u00e4ddarsydd f\u00f6r spelarnas behov<\/h3>\n\n<p>Att anv\u00e4nda AYANEO Flip k\u00e4nns som att hantera framtidens spel. Den k\u00f6r Windows OS och st\u00f6der ett stort antal spel, applikationer och emulatorer, vilket g\u00f6r den till ett m\u00e5ngsidigt verktyg f\u00f6r underh\u00e5llning och produktivitet. Med USB 4 Type-C-portar, en UHS-II MicroSD-kortl\u00e4sare, Wi-Fi 6E, Bluetooth 5.2 och OcuLink-st\u00f6d \u00e4r anslutningen s\u00f6ml\u00f6s och robust, vilket m\u00f6jligg\u00f6r skrivbordsliknande spelprestanda med GPD G1 2024 eGPU-dockningsstationen.  <\/p>\n\n<p>F\u00f6r anv\u00e4ndare av DS-modellen f\u00f6rb\u00e4ttrar dubbelsk\u00e4rmsupps\u00e4ttningen b\u00e5de spel och produktivitet, medan KB-modellen erbjuder effektivitet med sitt integrerade tangentbord.<\/p>\n\n<h3 class=\"wp-block-heading\">Slutsats: En ny era f\u00f6r handh\u00e5llna spel<\/h3>\n\n<p>AYANEO Flip inneb\u00e4r ett betydande framsteg inom kompakta speldatorer och kombinerar o\u00f6vertr\u00e4ffad prestanda, innovativ design och funktionalitet. Den s\u00e4tter en ny standard f\u00f6r b\u00e4rbara speldatorer, d\u00e4r mobilitet, prestanda och design samverkar f\u00f6r att ge en o\u00f6vertr\u00e4ffad spelupplevelse. <\/p>\n\n<p>Missa inte chansen att ligga i framkant n\u00e4r det g\u00e4ller innovation inom handh\u00e5llna spel. Oavsett om du \u00e4r en klassisk spelentusiast eller en modern spelare som s\u00f6ker den ultimata b\u00e4rbara spelkonsolen, erbjuder AYANEO Flip n\u00e5got extraordin\u00e4rt f\u00f6r alla. F\u00f6rbest\u00e4ll nu och s\u00e4kra din plats i spelrevolutionen med AYANEO Flip. Tillg\u00e4ngligheten \u00e4r begr\u00e4nsad, s\u00e5 agera snabbt f\u00f6r att omfamna framtidens spelande.   <\/p>\n","protected":false},"excerpt":{"rendered":"<ul>\n<li>AMD Ryzen\u2122 7<strong> 8840U<\/strong> &amp; Radeon 780M<\/li>\n<li><strong>upp till 64 GB<\/strong> LPDDR5X @ <strong>6400 MT\/s<\/strong><\/li>\n<li><strong>upp till 2 TB<\/strong> h\u00f6ghastighets PCIe <strong>4.0<\/strong> M.2 2230 SSD <\/li>\n<li>7&#8243;<strong> 120Hz<\/strong> IPS 1080P<strong> 400 nits<\/strong> peksk\u00e4rm<\/li>\n<li>St\u00f6d f\u00f6r WiFi <strong>6E<\/strong> och Bluetooth <strong>5.2<\/strong> <\/li>\n<\/ul>\n[cg_accordion title=\"BETALNINGSINFORMATION\"]<\/p>\n<p>Vi anv\u00e4nder den senaste tekniken f\u00f6r betalningshantering, vilket g\u00f6r att du kan checka ut via Apple Pay, Google Pay, ditt betalkort\/kreditkort, PayPal eller BNPL-metoder som Klarna, Affirm eller AfterPay f\u00f6r en snabb och s\u00e4ker upplevelse.[\/cg_accordion]\n[cg_accordion title=\"GARANTI\"]<\/p>\n<p>1 \u00e5rs garanti fr\u00e5n <a href=\"https:\/\/droix.net\/\" target=\"_blank\" rel=\"nofollow noopener\">DROIX Global<\/a> f\u00f6r att du ska k\u00e4nna dig trygg[\/cg_accordion]\n[cg_accordion title=\"PRISER, SKATTER OCH FRAKT\"]<\/p>\n<p><strong><u>Obs!<\/u><\/strong><\/p>\n<ul>\n<li>Kunder i F\u00f6renta staterna: Det visade priset inkluderar INTE SKATT eller tullar. Ansvaret f\u00f6r att tullklarera och betala eventuell tillh\u00f6rande skatt\/avgift ligger p\u00e5 kunden. <\/li>\n<li>EU-kunder: Det visade priset inkluderar till\u00e4mplig skatt, som kan vara upp till 25% beroende p\u00e5 ditt land.<\/li>\n<li>Kunder i Kanada: Det visade priset inkluderar till\u00e4mpliga skatter, vilket kan inkludera 5% GST och ytterligare Provincial Sales Taxes (PST), Harmonized Sales Tax (HST) eller Quebec Sales Tax (QST), beroende p\u00e5 din provins.<\/li>\n<\/ul>\n<p><strong>ENDAST f\u00f6r EU-kunder:<\/strong> Express DDP (Delivered Duty Paid). Detta betyder: <\/p>\n<ul>\n<li>Alla tullavgifter och skatter ing\u00e5r i det pris som visas p\u00e5 produktsidan.<\/li>\n<li>Du beh\u00f6ver inte betala n\u00e5gra extra avgifter vid leverans.<\/li>\n<li>I s\u00e4llsynta fall av tullrelaterade problem kommer v\u00e5rt team att hantera tullklareringsprocessen f\u00f6r din r\u00e4kning f\u00f6r att s\u00e4kerst\u00e4lla en smidig leveransupplevelse.<\/li>\n<p>Viktig information om returer:<\/p>\n<li>Om du best\u00e4mmer dig f\u00f6r att returnera din best\u00e4llning eller beg\u00e4ra \u00e5terbetalning ska du vara medveten om att skatter och avgifter som betalats f\u00f6r din r\u00e4kning enligt DDP-villkoren inte kan \u00e5terbetalas.<\/li>\n<p>F\u00f6r detaljerad information h\u00e4nvisas till v\u00e5ra allm\u00e4nna <a href=\"https:\/\/ayaneo.co\/terms-of-service-2\/\" target=\"_blank\" rel=\"nofollow noopener\">villkor<\/a>.\n<\/ul>\n<p>[\/cg_accordion]\n[cg_accordion title=\"KUNDTJ\u00c4NST\"]<\/p>\n<p>Har du en fr\u00e5ga? Vi \u00e4r bara ett kort sms bort fr\u00e5n att ha l\u00f6st ditt problem!<br \/>\n[\/cg_accordion]\n[cg_accordion title=\"Paketet inneh\u00e5ller\"]<\/p>\n<ul>\n<li>1x AYANEO FLIP KB \/ DS<\/li>\n<li>1x N\u00e4tkontakt (EU\/US)<\/li>\n<li>1x USB typ C-kabel<\/li>\n<li>1x Anv\u00e4ndarhandbok<\/li>\n<\/ul>\n<p>[\/cg_accordion]\n","protected":false},"featured_media":4492,"template":"","meta":{"_acf_changed":false},"product_brand":[],"product_cat":[541],"product_tag":[],"class_list":{"0":"post-4487","1":"product","2":"type-product","3":"status-publish","4":"has-post-thumbnail","6":"product_cat-handhallna-speldatorer","7":"product_shipping_class-premium","8":"pa_brand-ayaneo","9":"pa_graphics-gpu-model-radeon-780m","10":"pa_operating-system-windows-11-home","11":"pa_processor-cpu-brand-amd","13":"first","14":"outofstock","15":"sale","16":"taxable","17":"shipping-taxable","18":"purchasable","19":"product-type-variable","20":"has-default-attributes"},"acf":[],"_links":{"self":[{"href":"https:\/\/ayaneo.co\/sv\/wp-json\/wp\/v2\/product\/4487","targetHints":{"allow":["GET"]}}],"collection":[{"href":"https:\/\/ayaneo.co\/sv\/wp-json\/wp\/v2\/product"}],"about":[{"href":"https:\/\/ayaneo.co\/sv\/wp-json\/wp\/v2\/types\/product"}],"wp:featuredmedia":[{"embeddable":true,"href":"https:\/\/ayaneo.co\/sv\/wp-json\/wp\/v2\/media\/4492"}],"wp:attachment":[{"href":"https:\/\/ayaneo.co\/sv\/wp-json\/wp\/v2\/media?parent=4487"}],"wp:term":[{"taxonomy":"product_brand","embeddable":true,"href":"https:\/\/ayaneo.co\/sv\/wp-json\/wp\/v2\/product_brand?post=4487"},{"taxonomy":"product_cat","embeddable":true,"href":"https:\/\/ayaneo.co\/sv\/wp-json\/wp\/v2\/product_cat?post=4487"},{"taxonomy":"product_tag","embeddable":true,"href":"https:\/\/ayaneo.co\/sv\/wp-json\/wp\/v2\/product_tag?post=4487"}],"curies":[{"name":"wp","href":"https:\/\/api.w.org\/{rel}","templated":true}]}}