{"id":47530,"date":"2026-03-23T10:44:43","date_gmt":"2026-03-23T10:44:43","guid":{"rendered":"https:\/\/ayaneo.co\/product\/usb5-kabel-80-gbps-240-w-8k-60-hz-thunderbolt-5-kompatibel\/"},"modified":"2026-04-24T10:31:49","modified_gmt":"2026-04-24T10:31:49","slug":"usb5-kabel-80-gbps-240-w-8k-60-hz-thunderbolt-5-kompatibel","status":"publish","type":"product","link":"https:\/\/ayaneo.co\/sv\/product\/usb5-kabel-80-gbps-240-w-8k-60-hz-thunderbolt-5-kompatibel\/","title":{"rendered":"USB5-kabel 80 Gbps 240 W | 8K 60 Hz Thunderbolt 5-kompatibel"},"content":{"rendered":"\n<h2 class=\"wp-block-heading\">USB5-kabel 80Gbps 240W: Den ultimata Thunderbolt 5-l\u00f6sningen f\u00f6r professionella arbetsfl\u00f6den<\/h2>\n\n<p id=\"p-rc_98f34dcd8f33ef71-24\"><strong>USB5-kabeln 80Gbps 240W<\/strong> inneb\u00e4r ett monumentalt steg fram\u00e5t i anslutningstekniken f\u00f6r kraftfulla anv\u00e4ndare. Eftersom modern h\u00e5rdvara kr\u00e4ver o\u00f6vertr\u00e4ffade hastigheter har den h\u00e4r kabeln konstruerats f\u00f6r att uppfylla de senaste standarderna f\u00f6r Thunderbolt 5 och USB4 2.0. Den ger en massiv dubbelriktad bandbredd p\u00e5 80 Gbps, vilket effektivt f\u00f6rdubblar prestandan j\u00e4mf\u00f6rt med tidigare generationer.  <sup><\/sup>  F\u00f6ljaktligen kan du nu \u00f6verf\u00f6ra massiva 8K-videofiler eller projektbibliotek p\u00e5 en br\u00e5kdel av den tid som tidigare kr\u00e4vdes.<\/p>\n\n<h2 class=\"wp-block-heading\">Hur optimerar USB5-kabeln 80Gbps 240W din bildsk\u00e4rmskonfiguration?<\/h2>\n\n<p id=\"p-rc_98f34dcd8f33ef71-25\">Visuella proffs kommer att uppt\u00e4cka att <strong>USB5-kabeln 80Gbps 240W<\/strong> \u00e4r ett viktigt verktyg f\u00f6r h\u00f6guppl\u00f6st multitasking. Den h\u00e4r kabeln st\u00f6der det avancerade DisplayPort 2.1-protokollet, vilket m\u00f6jligg\u00f6r en enda 8K 60Hz-utg\u00e5ng eller till och med dubbla 8K-konfigurationer. <sup><\/sup>  Dessutom kan den innovativa &#8221;Bandwidth Boost\"-tekniken omkonfigurera datastr\u00e5ken.<sup><\/sup>  Detta g\u00f6r att kabeln kan ge upp till 120 Gbps f\u00f6r sk\u00e4rmtunga uppgifter samtidigt som den bibeh\u00e5ller robusta 40 Gbps f\u00f6r dataretur.<sup><\/sup><\/p>\n\n<p>Professionella arbetsfl\u00f6den f\u00f6rb\u00e4ttras avsev\u00e4rt av denna flexibilitet. Medan en bildsk\u00e4rm med h\u00f6g uppdateringsfrekvens drivs, s\u00e4kerst\u00e4ller <strong>USB5-kabeln 80Gbps 240W<\/strong> att extern lagring f\u00f6rblir responsiv. Tack vare PAM3-signalkodning bibeh\u00e5lls dataintegriteten \u00e4ven vid dessa h\u00e4pnadsv\u00e4ckande hastigheter. Flimrande sk\u00e4rmar och datakorruption \u00e4r d\u00e4rf\u00f6r problem som h\u00f6r till det f\u00f6rflutna.   <\/p>\n\n<h2 class=\"wp-block-heading\">O\u00f6vertr\u00e4ffad 240 W str\u00f6mf\u00f6rs\u00f6rjning och byggkvalitet<\/h2>\n\n<p id=\"p-rc_98f34dcd8f33ef71-26\">Laddningsm\u00f6jligheterna har f\u00f6rb\u00e4ttrats radikalt med denna nya standard. <strong>USB5 Cable 80Gbps 240W<\/strong> st\u00f6der de senaste PD 3.1 Extended Power Range (EPR)-specifikationerna.<sup><\/sup> Det inneb\u00e4r att upp till 240 W str\u00f6m kanaliseras s\u00e4kert genom kabeln till din enhet. D\u00e4rmed kan \u00e4ven de mest str\u00f6mhungriga b\u00e4rbara speldatorerna laddas med full hastighet utan att beh\u00f6va en egen &#8221;tegel\"-kontakt.  <\/p>\n\n<p id=\"p-rc_98f34dcd8f33ef71-27\">H\u00e5llbarhet var helt klart en prioritet vid utformningen av <strong>USB5 Cable 80Gbps 240W<\/strong>. De interna ledningarna skyddas av en fl\u00e4tad legeringssk\u00f6ld med h\u00f6g densitet f\u00f6r att minimera elektromagnetiska st\u00f6rningar. <sup><\/sup>  Dessutom \u00e4r yttermanteln tillverkad av flexibel TPE, som har testats f\u00f6r att klara \u00f6ver 2.000 b\u00f6jningscykler.<sup><\/sup>  Eftersom kontakterna \u00e4r nickelpl\u00e4terade klarar de \u00f6ver 10.000 instick, vilket garanterar en tillf\u00f6rlitlig anslutning under m\u00e5nga \u00e5r fram\u00f6ver.<\/p>\n\n<h2 class=\"wp-block-heading\">Framtidss\u00e4kra din utrustning med USB5-kabeln 80Gbps 240W<\/h2>\n\n<p id=\"p-rc_98f34dcd8f33ef71-28\">Kompatibilitet \u00e4r aldrig ett problem med det h\u00e4r m\u00e5ngsidiga tillbeh\u00f6ret. \u00c4ven om den \u00e4r byggd f\u00f6r framtiden \u00e4r <strong>USB5 Cable 80Gbps 240W<\/strong> helt bak\u00e5tkompatibel med <a href=\"https:\/\/www.intel.com\/content\/www\/us\/en\/gaming\/resources\/upgrade-gaming-accessories-thunderbolt-4.html\" target=\"_blank\" rel=\"noopener nofollow\" title=\"\">Thunderbolt 4-<\/a> och<a href=\"https:\/\/www.thunderbolttechnology.net\/blog\/thunderbolt-3-usb-c-does-it-all\" target=\"_blank\" rel=\"noopener nofollow\" title=\"\"> Thunderbolt 3-enheter<\/a>. Den fungerar ocks\u00e5 perfekt med USB4-, USB 3.2- och standard USB-C-portar. Oavsett om du ansluter en toppmodern eGPU via PCIe 4.0 eller bara synkroniserar en mobiltelefon \u00e4r prestandan alltid optimerad.   <\/p>\n\n<p>L\u00e5t inte s\u00e4mre kablar bli flaskhalsar f\u00f6r din avancerade h\u00e5rdvara och sakta ner din kreativa process. Du b\u00f6r s\u00e4kra din <strong>USB5-kabel 80Gbps 240W<\/strong> idag f\u00f6r att garantera att du ligger steget f\u00f6re. Lagren f\u00f6r denna n\u00e4sta generations teknik r\u00f6r sig snabbt, s\u00e5 agera nu f\u00f6r att s\u00e4kerst\u00e4lla att din arbetsstation \u00e4r redo f\u00f6r 80Gbps-revolutionen. Upplev h\u00f6jdpunkten av hastighet och kraft genom att best\u00e4lla fr\u00e5n v\u00e5r butik idag!   <\/p>\n\n<p><\/p>\n","protected":false},"excerpt":{"rendered":"<ul>\n<li><strong>80 Gbps Pro Data<\/strong> - blixtsnabba dubbelriktade \u00f6verf\u00f6ringar f\u00f6r stora filer.<\/li>\n<li><strong>240 W EPR-laddning<\/strong> - fullt PD 3.1-st\u00f6d f\u00f6r h\u00f6gpresterande b\u00e4rbara datorer.<\/li>\n<li><strong>8K@60Hz Visuals<\/strong> - Uppslukande 8K eller dubbel 4K-visning via DisplayPort 2.1.<\/li>\n<li><strong>E-Mark Safety IC<\/strong> - Intelligent chipset garanterar stabil, v\u00e4rmereglerad str\u00f6mf\u00f6rs\u00f6rjning.<\/li>\n<li><strong>Zinklegering och fl\u00e4tad konstruktion<\/strong> - Premiumf\u00f6rst\u00e4rkt konstruktion f\u00f6r maximal h\u00e5llbarhet.<\/li>\n<\/ul>\n[cg_accordion title=\"BETALNINGSINFORMATION\"]<\/p>\n<p>Vi anv\u00e4nder den senaste tekniken f\u00f6r betalningshantering, vilket g\u00f6r att du kan checka ut via Apple Pay, Google Pay, ditt betalkort\/kreditkort, PayPal eller BNPL-metoder som Klarna, Affirm eller AfterPay f\u00f6r en snabb och s\u00e4ker upplevelse.[\/cg_accordion]\n[cg_accordion title=\"GARANTI\"]<\/p>\n<p>1 \u00e5rs garanti fr\u00e5n <a href=\"https:\/\/droix.net\/\" target=\"_blank\" rel=\"nofollow noopener\">DROIX Global<\/a> f\u00f6r att du ska k\u00e4nna dig trygg[\/cg_accordion]\n[cg_accordion title=\"KVALITETSS\u00c4KRING OCH TESTNING F\u00d6RE AVS\u00c4NDNING\"]<\/p>\n<p>S\u00e4kerst\u00e4ller kundn\u00f6jdhet p\u00e5 h\u00f6gsta niv\u00e5: Varje enhet genomg\u00e5r rigor\u00f6s testning och en kvalitetss\u00e4kringskontroll i flera punkter innan den skickas. V\u00e5rt dedikerade team verifierar prestanda, funktionalitet och komponentintegritet f\u00f6r att garantera att din AYANEO-enhet \u00e4r i perfekt skick vid ankomst, vilket ger dig f\u00f6rtroende och sinnesfrid. [\/cg_accordion]\n[cg_accordion title=\"PRISER, SKATTER OCH FRAKT\"]<\/p>\n<p><strong><u>Obs!<\/u><\/strong><\/p>\n<ul>\n<li>Kunder i F\u00f6renta staterna: Det visade priset inkluderar INTE SKATT eller tullar. Ansvaret f\u00f6r att tullklarera och betala eventuell tillh\u00f6rande skatt\/avgift ligger p\u00e5 kunden. <\/li>\n<li>EU-kunder: Det visade priset inkluderar till\u00e4mplig skatt, som kan vara upp till 25% beroende p\u00e5 ditt land.<\/li>\n<li>Kunder i Kanada: Det visade priset inkluderar till\u00e4mpliga skatter, vilket kan inkludera 5% GST och ytterligare Provincial Sales Taxes (PST), Harmonized Sales Tax (HST) eller Quebec Sales Tax (QST), beroende p\u00e5 din provins.<\/li>\n<\/ul>\n<p>F\u00f6r v\u00e5ra kunder i USA: Best\u00e4llningar skickas DAP (Delivered At Place). Kunderna \u00e4r ansvariga f\u00f6r att betala eventuella till\u00e4mpliga avgifter, men vi anv\u00e4nder oss av v\u00e5r omfattande erfarenhet av frakt fr\u00e5n Storbritannien f\u00f6r att se till att du betalar minsta m\u00f6jliga avgift. Baserat p\u00e5 v\u00e5ra uppgifter \u00f6verstiger dessa avgifter normalt inte 10 % av varans v\u00e4rde.  <\/p>\n<p><strong>ENDAST f\u00f6r EU-kunder:<\/strong> Express DDP (Delivered Duty Paid). Detta betyder: <\/p>\n<ul>\n<li>Alla tullavgifter och skatter ing\u00e5r i det pris som visas p\u00e5 produktsidan.<\/li>\n<li>Du beh\u00f6ver inte betala n\u00e5gra extra avgifter vid leverans.<\/li>\n<li>I s\u00e4llsynta fall av tullrelaterade problem kommer v\u00e5rt team att hantera tullklareringsprocessen f\u00f6r din r\u00e4kning f\u00f6r att s\u00e4kerst\u00e4lla en smidig leveransupplevelse.<\/li>\n<p>Viktig information om returer:<\/p>\n<li>Om du best\u00e4mmer dig f\u00f6r att returnera din best\u00e4llning eller beg\u00e4ra \u00e5terbetalning ska du vara medveten om att skatter och avgifter som betalats f\u00f6r din r\u00e4kning enligt DDP-villkoren inte kan \u00e5terbetalas.<\/li>\n<p>F\u00f6r detaljerad information h\u00e4nvisas till v\u00e5ra allm\u00e4nna <a href=\"https:\/\/ayaneo.co\/sv\/villkor-for-tjansten\/\" target=\"_blank\" rel=\"nofollow noopener\">villkor<\/a>.\n<\/ul>\n<p>[\/cg_accordion]\n[cg_accordion title=\"KUNDTJ\u00c4NST\"]<\/p>\n<p>Har du en fr\u00e5ga? Vi \u00e4r bara ett kort sms bort fr\u00e5n att ha l\u00f6st ditt problem! [\/cg_accordion]\n[cg_accordion title=\"PAKETET INNEH\u00c5LLER\"]<\/p>\n<ul>\n<li>1x USB5 Typ-C-kabel | 80 Gbps 240W (1m)<\/li>\n<\/ul>\n<p>[\/cg_accordion]\n","protected":false},"featured_media":45916,"template":"","meta":{"_acf_changed":false},"product_brand":[],"product_cat":[554],"product_tag":[],"class_list":{"0":"post-47530","1":"product","2":"type-product","3":"status-publish","4":"has-post-thumbnail","6":"product_cat-tillbehor","7":"product_shipping_class-low-end","9":"first","10":"instock","11":"sale","12":"taxable","13":"shipping-taxable","14":"purchasable","15":"product-type-simple"},"acf":[],"_links":{"self":[{"href":"https:\/\/ayaneo.co\/sv\/wp-json\/wp\/v2\/product\/47530","targetHints":{"allow":["GET"]}}],"collection":[{"href":"https:\/\/ayaneo.co\/sv\/wp-json\/wp\/v2\/product"}],"about":[{"href":"https:\/\/ayaneo.co\/sv\/wp-json\/wp\/v2\/types\/product"}],"wp:featuredmedia":[{"embeddable":true,"href":"https:\/\/ayaneo.co\/sv\/wp-json\/wp\/v2\/media\/45916"}],"wp:attachment":[{"href":"https:\/\/ayaneo.co\/sv\/wp-json\/wp\/v2\/media?parent=47530"}],"wp:term":[{"taxonomy":"product_brand","embeddable":true,"href":"https:\/\/ayaneo.co\/sv\/wp-json\/wp\/v2\/product_brand?post=47530"},{"taxonomy":"product_cat","embeddable":true,"href":"https:\/\/ayaneo.co\/sv\/wp-json\/wp\/v2\/product_cat?post=47530"},{"taxonomy":"product_tag","embeddable":true,"href":"https:\/\/ayaneo.co\/sv\/wp-json\/wp\/v2\/product_tag?post=47530"}],"curies":[{"name":"wp","href":"https:\/\/api.w.org\/{rel}","templated":true}]}}