{"id":4835,"date":"2024-08-15T15:04:41","date_gmt":"2024-08-15T15:04:41","guid":{"rendered":"https:\/\/ayaneo.co\/product\/ayaneo-pocket-dmg\/"},"modified":"2025-12-11T00:11:20","modified_gmt":"2025-12-11T00:11:20","slug":"ayaneo-pocket-dmg","status":"publish","type":"product","link":"https:\/\/ayaneo.co\/sv\/product\/ayaneo-pocket-dmg\/","title":{"rendered":"AYANEO Pocket DMG"},"content":{"rendered":"\n<figure class=\"wp-block-video\"><video controls=\"\" src=\"https:\/\/droix.net\/wp-content\/uploads\/2024\/08\/AYANEO-Pocket-DMG&#xFF1A;The-Pinnacle-of-Retro-Vertical-Handhelds.mp4\"><\/video><\/figure>\n\n<div class=\"wp-block-columns is-layout-flex wp-container-core-columns-is-layout-28f84493 wp-block-columns-is-layout-flex\">\n<div class=\"wp-block-column is-layout-flow wp-block-column-is-layout-flow\" style=\"flex-basis:33.33%\">\n<figure class=\"wp-block-image size-large\"><a href=\"https:\/\/droix.net\/wp-content\/uploads\/2024\/08\/AYANEO-POCKET-DMG-ARTIC-BLACK-DONE-01.png\" target=\"_blank\" rel=\"noopener\"><img decoding=\"async\" src=\"https:\/\/droix.net\/wp-content\/uploads\/2024\/08\/AYANEO-POCKET-DMG-ARTIC-BLACK-DONE-01-1024x1024.png\" alt=\"Framsidan av AYANEO Pocket DMG i Arctic Black, som visar den retroinspirerade designen med en 3,92-tums OLED -sk&#xE4;rm, D-pad, analog joystick och knappar.\" class=\"wp-image-184226\"\/><\/a><\/figure>\n<\/div>\n\n\n\n<div class=\"wp-block-column is-layout-flow wp-block-column-is-layout-flow\" style=\"flex-basis:66.66%\">\n<h3 class=\"wp-block-heading\" id=\"h-experience-retro-gaming-like-never-before-with-the-ayaneo-pocket-dmg\">Upplev retrospel som aldrig f\u00f6rr med AYANEO Pocket DMG<\/h3>\n\n\n\n<p><strong> AYANEO Pocket DMG<\/strong> \u00e4r en banbrytande <strong>handh\u00e5llen<\/strong> <strong>spelkonsol<\/strong> som p\u00e5 ett m\u00e4sterligt s\u00e4tt kombinerar nostalgin fr\u00e5n <strong>retrospel<\/strong> med avancerad modern teknik. Denna <strong>vertikala<\/strong> handdator \u00e4r en hyllning till den ikoniska Game Boy och har b\u00e5de en v\u00e4lbekant estetik och kraftfull prestanda, vilket g\u00f6r den till ett perfekt val f\u00f6r b\u00e5de fans av <strong>retrospel<\/strong> och moderna spel. <\/p>\n<\/div>\n<\/div>\n\n<p><strong> AYANEO Pocket DMG<\/strong> \u00e4r en banbrytande <strong>handh\u00e5llen<\/strong> <strong>spelkonsol<\/strong> som p\u00e5 ett m\u00e4sterligt s\u00e4tt kombinerar nostalgin fr\u00e5n <strong>retrospel<\/strong> med avancerad modern teknik. Denna <strong>vertikala<\/strong> handdator \u00e4r en hyllning till den ikoniska Game Boy och har b\u00e5de en v\u00e4lbekant estetik och kraftfull prestanda, vilket g\u00f6r den till ett perfekt val f\u00f6r b\u00e5de fans av <strong>retrospel<\/strong> och moderna spel. <\/p>\n\n<h3 class=\"wp-block-heading\" id=\"h-design-and-display\">Design och visning<\/h3>\n\n<p><strong>AYANEO Pocket DMG<\/strong> sticker ut med sin kompakta och nostalgiska design, som p\u00e5minner om klassiska <strong>handh\u00e5llna<\/strong> konsoler i <strong>retrostil<\/strong>. I centrum st\u00e5r en 3,92-tums <strong>OLED -sk\u00e4rm<\/strong> med en skarp uppl\u00f6sning p\u00e5 1240&#215;1080 och en pixeldensitet p\u00e5 419 PPI. Denna <strong>OLED -sk\u00e4rm<\/strong> garanterar livfulla f\u00e4rger och skarpa bilder, vilket ger liv \u00e5t b\u00e5de retro- och moderna spel med fantastisk klarhet. Enheten finns tillg\u00e4nglig i tv\u00e5 olika f\u00e4rger:   <\/p>\n\n<ul class=\"wp-block-list\">\n<li>Arctic Black<\/li>\n\n\n\n<li>Moon White<\/li>\n<\/ul>\n\n<div class=\"wp-block-columns is-layout-flex wp-container-core-columns-is-layout-28f84493 wp-block-columns-is-layout-flex\">\n<div class=\"wp-block-column is-layout-flow wp-block-column-is-layout-flow\">\n<figure class=\"wp-block-image size-large\"><a href=\"https:\/\/droix.net\/wp-content\/uploads\/2024\/08\/AYANEO-POCKET-DMG-MARKETING-DONE-14.jpg\" target=\"_blank\" rel=\"noopener\"><img decoding=\"async\" src=\"https:\/\/droix.net\/wp-content\/uploads\/2024\/08\/AYANEO-POCKET-DMG-MARKETING-DONE-14-1024x1024.jpg\" alt=\"Reklambild f&#xF6;r AYANEO Pocket DMG med Snapdragon G3x Gen 2 Gaming Platform. Den betonar att den &#xE4;r den f&#xF6;rsta vertikala handdatorn med den h&#xE4;r processorn och visar upp dess 1+4+3 Octa-Core-arkitektur med Kryo Prime Ultra-k&#xE4;rnor p&#xE5; 3,36 GHz, Adreno A32 GPU p&#xE5; 816 Hz och 15 W prestanda. \" class=\"wp-image-184229\"\/><\/a><\/figure>\n\n\n\n<h3 class=\"wp-block-heading\" id=\"h-performance\">Prestanda<\/h3>\n\n\n\n<p>Hj\u00e4rtat i <strong>Pocket DMG<\/strong> \u00e4r <strong>Snapdragon G3x Gen 2-processorn<\/strong>, ett kraftfullt chip som \u00e4r skr\u00e4ddarsytt f\u00f6r <strong>handh\u00e5llna<\/strong> <strong>spel<\/strong>. <strong>Processorn<\/strong> s\u00e4kerst\u00e4ller s\u00f6ml\u00f6s emulering av retrotitlar och smidig prestanda i moderna mobilspel. Enheten k\u00f6rs p\u00e5 Android 13 och ger tillg\u00e5ng till ett stort ekosystem av appar och emulatorer, vilket g\u00f6r den till en m\u00e5ngsidig plattform f\u00f6r alla dina <strong>spelbehov<\/strong>.  <\/p>\n<\/div>\n\n\n\n<div class=\"wp-block-column is-layout-flow wp-block-column-is-layout-flow\">\n<figure class=\"wp-block-image size-large\"><a href=\"https:\/\/droix.net\/wp-content\/uploads\/2024\/08\/AYANEO-POCKET-DMG-MARKETING-DONE-19.jpg\" target=\"_blank\" rel=\"noopener\"><img decoding=\"async\" src=\"https:\/\/droix.net\/wp-content\/uploads\/2024\/08\/AYANEO-POCKET-DMG-MARKETING-DONE-19-1024x1024.jpg\" alt=\"Infografik som visar flera funktioner hos AYANEO Pocket DMG som kan j&#xE4;mf&#xF6;ras med professionella kontroller. Bland funktionerna finns en joystick med h&#xF6;g precision, justerbar k&#xE4;nslighet, standby utan str&#xF6;mf&#xF6;rbrukning, gyroskopassisterad siktning, knapptryckningsfunktion, A-B-X-Y nyckelv&#xE4;rdeutbyte och justerbar motorvibrationsintensitet. Nedan h&#xE5;ller en hand i den vita enheten som visar en f&#xE4;rgglad spelsk&#xE4;rm.  \" class=\"wp-image-184232\"\/><\/a><\/figure>\n\n\n\n<h3 class=\"wp-block-heading\" id=\"h-controls-and-inputs\">Kontroller och ing\u00e5ngar<\/h3>\n\n\n\n<p><strong>Pocket DMG<\/strong> har en m\u00e5ngsidig och innovativ kontrollayout som passar m\u00e5nga olika <strong>spelgenrer<\/strong>. Viktiga funktioner inkluderar: <\/p>\n\n\n\n<ul class=\"wp-block-list\">\n<li>En traditionell D-pad f\u00f6r exakta riktningsinmatningar<\/li>\n\n\n\n<li>ABXY-ansiktsknappar f\u00f6r klassiskt <strong>spelande<\/strong><\/li>\n\n\n\n<li>En enda analog <strong>joystick<\/strong> f\u00f6rb\u00e4ttrad med Hall Effect-teknik f\u00f6r precision och h\u00e5llbarhet<\/li>\n\n\n\n<li>En innovativ <strong>pekplatta<\/strong> som fungerar som en andra analog ing\u00e5ng<\/li>\n\n\n\n<li>Axelknappar f\u00f6r ytterligare kontrollalternativ<\/li>\n<\/ul>\n\n\n\n<p>Denna kombination av kontroller g\u00f6r att <strong>Pocket DMG<\/strong> med l\u00e4tthet kan hantera allt fr\u00e5n retroplattformar till moderna actionspel.<\/p>\n<\/div>\n\n\n\n<div class=\"wp-block-column is-layout-flow wp-block-column-is-layout-flow\">\n<figure class=\"wp-block-image size-large\"><a href=\"https:\/\/droix.net\/wp-content\/uploads\/2024\/08\/AYANEO-POCKET-DMG-MARKETING-DONE-16.jpg\" target=\"_blank\" rel=\"noopener\"><img decoding=\"async\" src=\"https:\/\/droix.net\/wp-content\/uploads\/2024\/08\/AYANEO-POCKET-DMG-MARKETING-DONE-16-1024x1024.jpg\" alt=\"Infografik som beskriver den &quot;s&#xF6;ml&#xF6;sa kraftkombinationen&quot; hos AYANEO Pocket DMG, med h&#xF6;ghastighetsminne (LPDDR5X med 8533 Mbps), snabb lagring (UFS 4.0 med 4000+ MB\/s l&#xE4;shastighet) och stor kapacitet f&#xF6;r lagring av spel och appar. Det n&#xE4;mns upp till 16GB RAM och 1TB lagringsalternativ. \" class=\"wp-image-184230\"\/><\/a><\/figure>\n\n\n\n<h3 class=\"wp-block-heading\" id=\"h-storage-and-connectivity\">Lagring och anslutningsm\u00f6jligheter<\/h3>\n\n\n\n<p><strong>AYANEO Pocket DMG<\/strong> erbjuder flexibla lagringsl\u00f6sningar f\u00f6r att tillgodose behoven hos olika <strong>handh\u00e5llna<\/strong> <strong>spelentusiaster<\/strong>:<\/p>\n\n\n\n<ul class=\"wp-block-list\">\n<li>8 GB RAM + 128 GB lagringsutrymme<\/li>\n<\/ul>\n\n\n\n<p>Dessutom finns en microSD-kortplats som g\u00f6r det enkelt att ut\u00f6ka lagringskapaciteten. N\u00e4r det g\u00e4ller anslutningsm\u00f6jligheter inkluderar enheten: <\/p>\n\n\n\n<ul class=\"wp-block-list\">\n<li>Wi-Fi och Bluetooth 5.3 f\u00f6r tr\u00e5dl\u00f6s kommunikation<\/li>\n\n\n\n<li>En USB-C-port f\u00f6r laddning och anslutning av tillbeh\u00f6r<\/li>\n<\/ul>\n<\/div>\n<\/div>\n\n<h3 class=\"wp-block-heading\" id=\"h-battery-and-additional-features\">Batteri och ytterligare funktioner<\/h3>\n\n<p><strong>Pocket DMG<\/strong> drivs av ett batteri p\u00e5 6 000 mAh, med st\u00f6d f\u00f6r 25 W PD-snabbladdning s\u00e5 att du kan spela l\u00e4ngre. Andra anm\u00e4rkningsv\u00e4rda funktioner inkluderar: <\/p>\n\n<figure class=\"wp-block-image size-large\"><a href=\"https:\/\/droix.net\/wp-content\/uploads\/2024\/08\/AYANEO-POCKET-DMG-MARKETING-DONE-18.jpg\" target=\"_blank\" rel=\"noopener\"><img decoding=\"async\" src=\"https:\/\/droix.net\/wp-content\/uploads\/2024\/08\/AYANEO-POCKET-DMG-MARKETING-DONE-18-1024x1024.jpg\" alt=\"Marknadsf&#xF6;ringsbild som visar AYANEO Pocket DMG:s 6000mAh-batteri, med betoning p&#xE5; l&#xE5;ng batteritid och st&#xF6;d f&#xF6;r PD-snabbladdning. I den nedre delen presenteras Hall Medium-joysticken, med betoning p&#xE5; precision, h&#xE5;llbarhet (5 miljoner anv&#xE4;ndningar) och f&#xF6;rb&#xE4;ttrade kontrollfunktioner. \" class=\"wp-image-184231\"\/><\/a><\/figure>\n\n<ul class=\"wp-block-list\">\n<li>Ett sexaxligt gyroskop f\u00f6r r\u00f6relsekontroll<\/li>\n\n\n\n<li>Ett aktivt kylsystem med inbyggd fl\u00e4kt f\u00f6r optimal prestanda<\/li>\n\n\n\n<li>En kompakt b\u00e4rv\u00e4ska f\u00f6r enkel transport<\/li>\n<\/ul>\n\n<h3 class=\"wp-block-heading\" id=\"h-user-experience-and-conclusion\">Anv\u00e4ndarupplevelse och slutsats<\/h3>\n\n<p><strong>AYANEO Pocket DMG<\/strong> \u00e4r ett utm\u00e4rkt val f\u00f6r <strong>retrospelsentusiaster<\/strong> och samlare som vill ha en enhet som f\u00e5ngar essensen av klassiska <strong>retrohandh\u00e5llna<\/strong> spel samtidigt som den erbjuder kraften och m\u00e5ngsidigheten hos modern teknik. Oavsett om du \u00e5terupplever klassiska spel eller utforskar nya, ger denna <strong>handh\u00e5llna<\/strong> enhet en uppslukande och trevlig <strong>spelupplevelse<\/strong>. <\/p>\n","protected":false},"excerpt":{"rendered":"<ul>\n<li>Processor: Qualcomm <strong>Snapdragon G3x Gen 2<\/strong><\/li>\n<li>Sk\u00e4rm: <strong>3,92 tum OLED<\/strong>, uppl\u00f6sning 1240&#215;1080<\/li>\n<li>RAM-minne: <strong>8 GB<\/strong> LPDDR5X @ <strong>8533 MT\/s<\/strong><\/li>\n<li>Lagringskapacitet: <strong>128 GB<\/strong> UFS 3.1<\/li>\n<li>Anslutningsm\u00f6jligheter: Wi-Fi <strong>6<\/strong> &#038; Bluetooth <strong>5.3<\/strong><\/li>\n<\/ul>\n<p><img fetchpriority=\"high\" decoding=\"async\" src=\"https:\/\/ayaneo.co\/wp-content\/uploads\/2024\/08\/DMG-FREEBIES1.jpg\" alt=\"En reklambild med ljusgr\u00e5 bakgrund anger  \" free=\"\" gifts=\"\" in=\"\" large=\"\" dark=\"\" gray=\"\" letters=\"\" at=\"\" the=\"\" top.=\"\" below=\"\" this=\"\" smaller=\"\" text=\"\" it=\"\" lists=\"\" case=\"\" and=\"\" caps=\"\" followed=\"\" by=\"\" added=\"\" to=\"\" cart=\"\" a=\"\" slightly=\"\" larger=\"\" font.=\"\" right=\"\" there=\"\" are=\"\" two=\"\" product=\"\" square=\"\" white=\"\" rainbow-colored=\"\" package=\"\" containing=\"\" four=\"\" black=\"\" thumbstick=\"\" mesh=\"\" protective=\"\" identical=\"\" one=\"\" previous=\"\" image=\"\" with=\"\" logo=\"\" bottom.=\"\" width=\"550\" height=\"140\" class=\"alignnone size-full wp-image-25170\" images:=\"\" srcset=\"https:\/\/ayaneo.co\/wp-content\/uploads\/2024\/08\/DMG-FREEBIES1.jpg 550w, https:\/\/ayaneo.co\/wp-content\/uploads\/2024\/08\/DMG-FREEBIES1-300x76.jpg 300w, https:\/\/ayaneo.co\/wp-content\/uploads\/2024\/08\/DMG-FREEBIES1-441x112.jpg 441w, https:\/\/ayaneo.co\/wp-content\/uploads\/2024\/08\/DMG-FREEBIES1-150x38.jpg 150w\" sizes=\"(max-width: 550px) 100vw, 550px\" \/><\/p>\n[cg_accordion title=\"BETALNINGSINFORMATION\"] <\/p>\n<p>Vi anv\u00e4nder den senaste tekniken f\u00f6r betalningshantering, vilket g\u00f6r att du kan checka ut via Apple Pay, Google Pay, ditt betalkort\/kreditkort, PayPal eller BNPL-metoder som Klarna, Affirm eller AfterPay f\u00f6r en snabb och s\u00e4ker upplevelse.[\/cg_accordion]\n[cg_accordion title=\"GARANTI\"] <\/p>\n<p>1 \u00e5rs garanti fr\u00e5n <a href=\"https:\/\/droix.net\/\" target=\"_blank\" rel=\"nofollow noopener\">DROIX Global<\/a> f\u00f6r att du ska k\u00e4nna dig trygg[\/cg_accordion]\n[cg_accordion title=\"PRISER, SKATTER OCH FRAKT\"] <\/p>\n<p><strong><u>Obs!<\/u><\/strong><\/p>\n<ul>\n<li>Kunder i F\u00f6renta staterna: Det visade priset inkluderar INTE SKATT eller tullar. Ansvaret f\u00f6r att tullklarera och betala eventuell tillh\u00f6rande skatt\/avgift ligger p\u00e5 kunden. <\/li>\n<li>EU-kunder: Det visade priset inkluderar till\u00e4mplig skatt, som kan vara upp till 25% beroende p\u00e5 ditt land.<\/li>\n<li>Kunder i Kanada: Det visade priset inkluderar till\u00e4mpliga skatter, vilket kan inkludera 5% GST och ytterligare Provincial Sales Taxes (PST), Harmonized Sales Tax (HST) eller Quebec Sales Tax (QST), beroende p\u00e5 din provins.<\/li>\n<\/ul>\n<p><strong>ENDAST f\u00f6r EU-kunder:<\/strong> Express DDP (Delivered Duty Paid). Detta betyder: <\/p>\n<ul>\n<li>Alla tullavgifter och skatter ing\u00e5r i det pris som visas p\u00e5 produktsidan.<\/li>\n<li>Du beh\u00f6ver inte betala n\u00e5gra extra avgifter vid leverans.<\/li>\n<li>I s\u00e4llsynta fall av tullrelaterade problem kommer v\u00e5rt team att hantera tullklareringsprocessen f\u00f6r din r\u00e4kning f\u00f6r att s\u00e4kerst\u00e4lla en smidig leveransupplevelse.<\/li>\n<p>Viktig information om returer:<\/p>\n<li>Om du best\u00e4mmer dig f\u00f6r att returnera din best\u00e4llning eller beg\u00e4ra \u00e5terbetalning ska du vara medveten om att skatter och avgifter som betalats f\u00f6r din r\u00e4kning enligt DDP-villkoren inte kan \u00e5terbetalas.<\/li>\n<p>V\u00e4nligen se v\u00e5r<\/ul>\n<\/li>\n<\/ul>\n<p><a href=\"https:\/\/ayaneo.co\/sv\/villkor-for-tjansten\/\" target=\"_blank\" rel=\"nofollow noopener\">Villkor och anvisningar<\/a><\/p>\n<ul>f\u00f6r detaljerad information.<\/ul>\n<p>[\/cg_accordion]\n[cg_accordion title=\"KUNDTJ\u00c4NST\"] <\/p>\n<p>Har du en fr\u00e5ga? Vi \u00e4r bara ett kort sms bort fr\u00e5n att ha l\u00f6st ditt problem!   [\/cg_accordion]\n[cg_accordion title=\"Paketet inneh\u00e5ller\"]<\/p>\n<ul>\n<li>1x AYANEO DMG i fickformat<\/li>\n<li>1x USB typ C-kabel<\/li>\n<li>1x Anv\u00e4ndarhandbok<\/li>\n<\/ul>\n<p>[\/cg_accordion]\n","protected":false},"featured_media":4837,"template":"","meta":{"_acf_changed":false},"product_brand":[],"product_cat":[587],"product_tag":[],"class_list":{"0":"post-4835","1":"product","2":"type-product","3":"status-publish","4":"has-post-thumbnail","6":"product_cat-android-spel-handhallen","7":"product_shipping_class-standard","8":"pa_brand-ayaneo","10":"first","11":"instock","12":"taxable","13":"shipping-taxable","14":"purchasable","15":"product-type-variable","16":"has-default-attributes"},"acf":[],"_links":{"self":[{"href":"https:\/\/ayaneo.co\/sv\/wp-json\/wp\/v2\/product\/4835","targetHints":{"allow":["GET"]}}],"collection":[{"href":"https:\/\/ayaneo.co\/sv\/wp-json\/wp\/v2\/product"}],"about":[{"href":"https:\/\/ayaneo.co\/sv\/wp-json\/wp\/v2\/types\/product"}],"wp:featuredmedia":[{"embeddable":true,"href":"https:\/\/ayaneo.co\/sv\/wp-json\/wp\/v2\/media\/4837"}],"wp:attachment":[{"href":"https:\/\/ayaneo.co\/sv\/wp-json\/wp\/v2\/media?parent=4835"}],"wp:term":[{"taxonomy":"product_brand","embeddable":true,"href":"https:\/\/ayaneo.co\/sv\/wp-json\/wp\/v2\/product_brand?post=4835"},{"taxonomy":"product_cat","embeddable":true,"href":"https:\/\/ayaneo.co\/sv\/wp-json\/wp\/v2\/product_cat?post=4835"},{"taxonomy":"product_tag","embeddable":true,"href":"https:\/\/ayaneo.co\/sv\/wp-json\/wp\/v2\/product_tag?post=4835"}],"curies":[{"name":"wp","href":"https:\/\/api.w.org\/{rel}","templated":true}]}}