{"id":48691,"date":"2026-05-08T12:11:58","date_gmt":"2026-05-08T12:11:58","guid":{"rendered":"https:\/\/ayaneo.co\/product\/droix-140w-usb-c-vaggladdare\/"},"modified":"2026-05-13T11:30:37","modified_gmt":"2026-05-13T11:30:37","slug":"droix-140w-usb-c-vaggladdare","status":"publish","type":"product","link":"https:\/\/ayaneo.co\/sv\/product\/droix-140w-usb-c-vaggladdare\/","title":{"rendered":"DROIX 140W USB-C v\u00e4ggladdare"},"content":{"rendered":"\n<div class=\"wp-block-columns is-layout-flex wp-container-core-columns-is-layout-28f84493 wp-block-columns-is-layout-flex\">\n<div class=\"wp-block-column is-layout-flow wp-block-column-is-layout-flow\" style=\"flex-basis:33.33%\">\n<figure class=\"wp-block-image size-large\"><a href=\"https:\/\/ayaneo.co\/wp-content\/uploads\/2026\/05\/DROIX-140W-BLACK-DONE-01.png\"><img fetchpriority=\"high\" decoding=\"async\" width=\"1024\" height=\"1024\" src=\"https:\/\/ayaneo.co\/wp-content\/uploads\/2026\/05\/DROIX-140W-BLACK-DONE-01-1024x1024.png\" alt=\"En detaljerad produktrendering av tv&#xE5; DROIX 140W GaN v&#xE4;ggladdare fr&#xE5;n olika perspektiv, mot en svart bakgrund. Laddaren i f&#xF6;rgrunden &#xE4;r sedd framifr&#xE5;n fr&#xE5;n trekvart. Det &#xE4;r ett mattsvart block med den amerikanska vikbara kontakten delvis utdragen p&#xE5; v&#xE4;nster sida. P&#xE5; sidan finns en framtr&#xE4;dande vit text som lyder &quot;CHARGER 140W&quot; med ett stort &quot;O&quot; och ett litet &quot;140&quot; ovanf&#xF6;r &quot;O&quot;, och DROIX-logotypen under det. Den svarta, blanka framsidan har en central cirkul&#xE4;r display med en dynamisk regnb&#xE5;gsf&#xE4;rgad ring runt den vita texten &quot;140 W&quot; och en liten gr&#xF6;n laddningsikon. Under displayen finns en knapp eller en LED-indikator. Bakgrundsladdaren &#xE4;r i en bakre trekvartsvy, som visar portarna och textdetaljerna. Den visar omfattande tekniska specifikationer p&#xE5; flera rader och s&#xE4;kerhetscertifieringar i liten vit text (t.ex. modellnummer, sp&#xE4;nnings-\/str&#xF6;mv&#xE4;rden och CE-, FCC- och UKCA-m&#xE4;rkningar). Den h&#xE4;r enheten visar sina fyra utg&#xE5;ngsportar: fr&#xE5;n topp till botten, en orangef&#xE4;rgad USB-A-port m&#xE4;rkt med liten text &quot;22,5W Max&quot;, f&#xF6;ljt av tre USB-C-portar m&#xE4;rkta i ordning &quot;40W&quot;, &quot;100W&quot; och &quot;140W&quot;. B&#xE5;da enheterna har ventilationsgaller p&#xE5; ovansidan. Denna sammans&#xE4;ttning ger en helt&#xE4;ckande bild av laddarens varum&#xE4;rke, display och portfunktioner.          \" class=\"wp-image-47708\" srcset=\"https:\/\/ayaneo.co\/wp-content\/uploads\/2026\/05\/DROIX-140W-BLACK-DONE-01-1024x1024.png 1024w, https:\/\/ayaneo.co\/wp-content\/uploads\/2026\/05\/DROIX-140W-BLACK-DONE-01-300x300.png 300w, https:\/\/ayaneo.co\/wp-content\/uploads\/2026\/05\/DROIX-140W-BLACK-DONE-01-150x150.png 150w, https:\/\/ayaneo.co\/wp-content\/uploads\/2026\/05\/DROIX-140W-BLACK-DONE-01-768x768.png 768w, https:\/\/ayaneo.co\/wp-content\/uploads\/2026\/05\/DROIX-140W-BLACK-DONE-01-65x65.png 65w, https:\/\/ayaneo.co\/wp-content\/uploads\/2026\/05\/DROIX-140W-BLACK-DONE-01-990x990.png 990w, https:\/\/ayaneo.co\/wp-content\/uploads\/2026\/05\/DROIX-140W-BLACK-DONE-01-441x441.png 441w, https:\/\/ayaneo.co\/wp-content\/uploads\/2026\/05\/DROIX-140W-BLACK-DONE-01-100x100.png 100w, https:\/\/ayaneo.co\/wp-content\/uploads\/2026\/05\/DROIX-140W-BLACK-DONE-01-600x600.png 600w, https:\/\/ayaneo.co\/wp-content\/uploads\/2026\/05\/DROIX-140W-BLACK-DONE-01.png 1500w\" sizes=\"(max-width: 1024px) 100vw, 1024px\" \/><\/a><\/figure>\n<\/div>\n\n\n\n<div class=\"wp-block-column is-layout-flow wp-block-column-is-layout-flow\" style=\"flex-basis:66.66%\">\n<h2 class=\"wp-block-heading\"><strong><strong>DROIX 140W USB-C GaN v\u00e4ggladdare: Den ultimata h\u00f6gpresterande krafthubben<\/strong><\/strong><\/h2>\n\n\n\n<p>DROIX 140W USB-C v\u00e4ggladdare \u00e4r det definitiva svaret p\u00e5 &#8221;laddningsstrul\". Detta kompakta kraftpaket \u00e4r konstruerat f\u00f6r n\u00e4sta generations kraftfulla anv\u00e4ndare och anv\u00e4nder GaN-halvledare (Gallium Nitride) f\u00f6r att leverera massiv effekt utan att beh\u00f6va anv\u00e4nda traditionella kiselblock. Oavsett om du pressar en h\u00f6gpresterande <a href=\"https:\/\/ayaneo.co\/sv\/product\/ayaneo-3\/\" target=\"_blank\" rel=\"noreferrer noopener\">AYANEO 3<\/a> till det yttersta eller snabbladdar en professionell b\u00e4rbar dator, ger den h\u00e4r laddaren det n\u00f6dv\u00e4ndiga utrymmet f\u00f6r topprestanda. S\u00e4g adj\u00f6 till en v\u00e4ska full av olikartade adaptrar och hej till en elegant, h\u00f6geffektiv l\u00f6sning.   <\/p>\n<\/div>\n<\/div>\n\n<h2 class=\"wp-block-heading has-text-align-center\"><strong>Uppt\u00e4ck varf\u00f6r DROIX 140W USB-C v\u00e4ggladdare \u00e4r din viktigaste globala f\u00f6ljeslagare<\/strong><\/h2>\n\n<div class=\"wp-block-columns is-layout-flex wp-container-core-columns-is-layout-28f84493 wp-block-columns-is-layout-flex\">\n<div class=\"wp-block-column is-layout-flow wp-block-column-is-layout-flow\">\n<figure class=\"wp-block-image size-large\"><a href=\"https:\/\/ayaneo.co\/wp-content\/uploads\/2026\/05\/DROIX-140W-MARKETING-DONE-05.jpg\"><img decoding=\"async\" width=\"1024\" height=\"1024\" src=\"https:\/\/ayaneo.co\/wp-content\/uploads\/2026\/05\/DROIX-140W-MARKETING-DONE-05-1024x1024.jpg\" alt=\"Droix 140W laddare med vikbara EU\/US-kontaktalternativ och m&#xE5;tt visas p&#xE5; en vit bakgrund\" class=\"wp-image-47738\" srcset=\"https:\/\/ayaneo.co\/wp-content\/uploads\/2026\/05\/DROIX-140W-MARKETING-DONE-05-1024x1024.jpg 1024w, https:\/\/ayaneo.co\/wp-content\/uploads\/2026\/05\/DROIX-140W-MARKETING-DONE-05-300x300.jpg 300w, https:\/\/ayaneo.co\/wp-content\/uploads\/2026\/05\/DROIX-140W-MARKETING-DONE-05-150x150.jpg 150w, https:\/\/ayaneo.co\/wp-content\/uploads\/2026\/05\/DROIX-140W-MARKETING-DONE-05-768x768.jpg 768w, https:\/\/ayaneo.co\/wp-content\/uploads\/2026\/05\/DROIX-140W-MARKETING-DONE-05-65x65.jpg 65w, https:\/\/ayaneo.co\/wp-content\/uploads\/2026\/05\/DROIX-140W-MARKETING-DONE-05-990x990.jpg 990w, https:\/\/ayaneo.co\/wp-content\/uploads\/2026\/05\/DROIX-140W-MARKETING-DONE-05-441x441.jpg 441w, https:\/\/ayaneo.co\/wp-content\/uploads\/2026\/05\/DROIX-140W-MARKETING-DONE-05-100x100.jpg 100w, https:\/\/ayaneo.co\/wp-content\/uploads\/2026\/05\/DROIX-140W-MARKETING-DONE-05-600x600.jpg 600w, https:\/\/ayaneo.co\/wp-content\/uploads\/2026\/05\/DROIX-140W-MARKETING-DONE-05.jpg 1500w\" sizes=\"(max-width: 1024px) 100vw, 1024px\" \/><\/a><\/figure>\n<\/div>\n\n\n\n<div class=\"wp-block-column is-layout-flow wp-block-column-is-layout-flow\">\n<figure class=\"wp-block-image size-large\"><a href=\"https:\/\/ayaneo.co\/wp-content\/uploads\/2026\/05\/DROIX-140W-MARKETING-DONE-012.jpg\"><img decoding=\"async\" width=\"1024\" height=\"1024\" src=\"https:\/\/ayaneo.co\/wp-content\/uploads\/2026\/05\/DROIX-140W-MARKETING-DONE-012-1024x1024.jpg\" alt=\"En DROIX 140W USB-C v&#xE4;ggladdare ansluten till ett v&#xE4;gguttag laddar samtidigt fyra enheter, inklusive en b&#xE4;rbar dator, surfplatta, smartphone och smartklocka. Bilden visar funktionen &quot;4 Devices Simultaneous Charging&quot; med fyra kablar anslutna till enhetens undersida. \" class=\"wp-image-47768\" srcset=\"https:\/\/ayaneo.co\/wp-content\/uploads\/2026\/05\/DROIX-140W-MARKETING-DONE-012-1024x1024.jpg 1024w, https:\/\/ayaneo.co\/wp-content\/uploads\/2026\/05\/DROIX-140W-MARKETING-DONE-012-300x300.jpg 300w, https:\/\/ayaneo.co\/wp-content\/uploads\/2026\/05\/DROIX-140W-MARKETING-DONE-012-150x150.jpg 150w, https:\/\/ayaneo.co\/wp-content\/uploads\/2026\/05\/DROIX-140W-MARKETING-DONE-012-768x768.jpg 768w, https:\/\/ayaneo.co\/wp-content\/uploads\/2026\/05\/DROIX-140W-MARKETING-DONE-012-65x65.jpg 65w, https:\/\/ayaneo.co\/wp-content\/uploads\/2026\/05\/DROIX-140W-MARKETING-DONE-012-990x990.jpg 990w, https:\/\/ayaneo.co\/wp-content\/uploads\/2026\/05\/DROIX-140W-MARKETING-DONE-012-441x441.jpg 441w, https:\/\/ayaneo.co\/wp-content\/uploads\/2026\/05\/DROIX-140W-MARKETING-DONE-012-100x100.jpg 100w, https:\/\/ayaneo.co\/wp-content\/uploads\/2026\/05\/DROIX-140W-MARKETING-DONE-012-600x600.jpg 600w, https:\/\/ayaneo.co\/wp-content\/uploads\/2026\/05\/DROIX-140W-MARKETING-DONE-012.jpg 1500w\" sizes=\"(max-width: 1024px) 100vw, 1024px\" \/><\/a><\/figure>\n<\/div>\n<\/div>\n\n<p class=\"has-text-align-left\">B\u00e4rbarhet \u00e4r k\u00e4rnan i v\u00e5r design. DROIX 140W USB-C GaN-laddare m\u00e4ter bara 71 mm och \u00e4r betydligt mindre \u00e4n en vanlig 16-tums laptop, men den har \u00e4nd\u00e5 tillr\u00e4ckligt med muskler f\u00f6r att ladda en MacBook Pro 16 tum med full hastighet. <\/p>\n\n<p class=\"has-text-align-left\">Det innovativa snap-on-systemet f\u00f6r\u00e4ndrar spelreglerna f\u00f6r internationella resor. Du kan enkelt byta mellan UK-, EU-, US- och AUS-kontakter p\u00e5 n\u00e5gra sekunder. Fr\u00e5n ett caf\u00e9 i London till ett hotell i Sydney kan du resa med absolut f\u00f6rtroende och veta att din iPhone 16, iPhone 17 och Nintendo Switch 2 kommer att vara laddade och redo f\u00f6r action.  <\/p>\n\n<h2 class=\"wp-block-heading has-text-align-center\"><strong>Optimerad str\u00f6mf\u00f6rdelning via DROIX 140W USB-C v\u00e4ggladdare<\/strong><\/h2>\n\n<div class=\"wp-block-columns is-layout-flex wp-container-core-columns-is-layout-28f84493 wp-block-columns-is-layout-flex\">\n<div class=\"wp-block-column is-layout-flow wp-block-column-is-layout-flow\">\n<figure class=\"wp-block-image size-large\"><a href=\"https:\/\/ayaneo.co\/wp-content\/uploads\/2026\/05\/DROIX-140W-MARKETING-DONE-011.jpg\"><img loading=\"lazy\" decoding=\"async\" width=\"1024\" height=\"1024\" src=\"https:\/\/ayaneo.co\/wp-content\/uploads\/2026\/05\/DROIX-140W-MARKETING-DONE-011-1024x1024.jpg\" alt=\"En n&#xE4;rbild p&#xE5; den silverf&#xE4;rgade DROIX 140W-laddaren visar dess fyra portar och integrerade visuella display. Texten betonar &quot;140W PD 3.1&quot;-tekniken och framh&#xE4;ver dess f&#xF6;rm&#xE5;ga att automatiskt anpassa sig och snabbladda h&#xF6;gpresterande b&#xE4;rbara datorer. \" class=\"wp-image-47798\" srcset=\"https:\/\/ayaneo.co\/wp-content\/uploads\/2026\/05\/DROIX-140W-MARKETING-DONE-011-1024x1024.jpg 1024w, https:\/\/ayaneo.co\/wp-content\/uploads\/2026\/05\/DROIX-140W-MARKETING-DONE-011-300x300.jpg 300w, https:\/\/ayaneo.co\/wp-content\/uploads\/2026\/05\/DROIX-140W-MARKETING-DONE-011-150x150.jpg 150w, https:\/\/ayaneo.co\/wp-content\/uploads\/2026\/05\/DROIX-140W-MARKETING-DONE-011-768x768.jpg 768w, https:\/\/ayaneo.co\/wp-content\/uploads\/2026\/05\/DROIX-140W-MARKETING-DONE-011-65x65.jpg 65w, https:\/\/ayaneo.co\/wp-content\/uploads\/2026\/05\/DROIX-140W-MARKETING-DONE-011-990x990.jpg 990w, https:\/\/ayaneo.co\/wp-content\/uploads\/2026\/05\/DROIX-140W-MARKETING-DONE-011-441x441.jpg 441w, https:\/\/ayaneo.co\/wp-content\/uploads\/2026\/05\/DROIX-140W-MARKETING-DONE-011-100x100.jpg 100w, https:\/\/ayaneo.co\/wp-content\/uploads\/2026\/05\/DROIX-140W-MARKETING-DONE-011-600x600.jpg 600w, https:\/\/ayaneo.co\/wp-content\/uploads\/2026\/05\/DROIX-140W-MARKETING-DONE-011.jpg 1500w\" sizes=\"(max-width: 1024px) 100vw, 1024px\" \/><\/a><\/figure>\n<\/div>\n\n\n\n<div class=\"wp-block-column is-layout-flow wp-block-column-is-layout-flow\">\n<figure class=\"wp-block-image size-large\"><a href=\"https:\/\/ayaneo.co\/wp-content\/uploads\/2026\/05\/DROIX-140W-MARKETING-DONE-09.jpg\"><img loading=\"lazy\" decoding=\"async\" width=\"1024\" height=\"1024\" src=\"https:\/\/ayaneo.co\/wp-content\/uploads\/2026\/05\/DROIX-140W-MARKETING-DONE-09-1024x1024.jpg\" alt=\"En infografik med titeln &quot;Smart Visual Charger&quot; visar de olika visningsl&#xE4;gena i realtid f&#xF6;r DROIX 140W-laddaren. Den beskriver gr&#xE4;nssnittssk&#xE4;rmarna f&#xF6;r uteffekt per port, total anv&#xE4;ndningstid (88H), termisk h&#xE4;lsostatus och dynamiska laddningsikoner. \" class=\"wp-image-47828\" srcset=\"https:\/\/ayaneo.co\/wp-content\/uploads\/2026\/05\/DROIX-140W-MARKETING-DONE-09-1024x1024.jpg 1024w, https:\/\/ayaneo.co\/wp-content\/uploads\/2026\/05\/DROIX-140W-MARKETING-DONE-09-300x300.jpg 300w, https:\/\/ayaneo.co\/wp-content\/uploads\/2026\/05\/DROIX-140W-MARKETING-DONE-09-150x150.jpg 150w, https:\/\/ayaneo.co\/wp-content\/uploads\/2026\/05\/DROIX-140W-MARKETING-DONE-09-768x768.jpg 768w, https:\/\/ayaneo.co\/wp-content\/uploads\/2026\/05\/DROIX-140W-MARKETING-DONE-09-65x65.jpg 65w, https:\/\/ayaneo.co\/wp-content\/uploads\/2026\/05\/DROIX-140W-MARKETING-DONE-09-990x990.jpg 990w, https:\/\/ayaneo.co\/wp-content\/uploads\/2026\/05\/DROIX-140W-MARKETING-DONE-09-441x441.jpg 441w, https:\/\/ayaneo.co\/wp-content\/uploads\/2026\/05\/DROIX-140W-MARKETING-DONE-09-100x100.jpg 100w, https:\/\/ayaneo.co\/wp-content\/uploads\/2026\/05\/DROIX-140W-MARKETING-DONE-09-600x600.jpg 600w, https:\/\/ayaneo.co\/wp-content\/uploads\/2026\/05\/DROIX-140W-MARKETING-DONE-09.jpg 1500w\" sizes=\"(max-width: 1024px) 100vw, 1024px\" \/><\/a><\/figure>\n<\/div>\n<\/div>\n\n<p>Genom att utnyttja avancerad GaN-halvledarteknik uppn\u00e5r denna b\u00e4sta 140 W usb c-laddare branschledande effektivitet med betydligt l\u00e4gre v\u00e4rmeutveckling. Med st\u00f6d f\u00f6r PD 3.1-standarden \u00e4r den helt optimerad f\u00f6r de mest str\u00f6mkr\u00e4vande enheterna 2026, inklusive <a href=\"https:\/\/ayaneo.co\/sv\/product\/ayaneo-pocket-evo\/\" target=\"_blank\" rel=\"noreferrer noopener\">AYANEO Pocket EVO<\/a> och <a href=\"https:\/\/ayaneo.co\/sv\/product\/ayaneo-pocket-s2\/\" target=\"_blank\" rel=\"noreferrer noopener\">AYANEO Pocket S2.<\/a> <\/p>\n\n<p>Smart trickle-laddning: V\u00e4xlar automatiskt l\u00e4ge vid 80% kapacitet f\u00f6r att bevara batteriets livsl\u00e4ngd f\u00f6r din dyra h\u00e5rdvara.<\/p>\n\n<p>Termisk excellens: GaN-arkitekturen minimerar termisk stress och h\u00e5ller dina MacBooks och <a href=\"https:\/\/ayaneo.co\/sv\/product\/konkr-pocket-fit\/\" target=\"_blank\" rel=\"noreferrer noopener\">KONKR Pocket FIT<\/a> i toppskick i flera \u00e5r.<\/p>\n\n<h2 class=\"wp-block-heading has-text-align-center\"><strong><strong>H\u00e5rdvaruspecifikationer och uteffekt f\u00f6r DROIX 140W USB-C v\u00e4ggladdare<\/strong><\/strong><\/h2>\n\n<div class=\"wp-block-columns is-layout-flex wp-container-core-columns-is-layout-28f84493 wp-block-columns-is-layout-flex\">\n<div class=\"wp-block-column is-layout-flow wp-block-column-is-layout-flow\">\n<figure class=\"wp-block-image size-large\"><a href=\"https:\/\/ayaneo.co\/wp-content\/uploads\/2026\/05\/DROIX-140W-MARKETING-DONE-07.jpg\"><img loading=\"lazy\" decoding=\"async\" width=\"1024\" height=\"1024\" src=\"https:\/\/ayaneo.co\/wp-content\/uploads\/2026\/05\/DROIX-140W-MARKETING-DONE-07-1024x1024.jpg\" alt=\"En omfattande teknisk infografik som beskriver effektuttaget och f&#xF6;rdelningen av DROIX 140W-laddaren. I det &#xF6;vre avsnittet listas specifikationerna f&#xF6;r maximal individuell watt och sp&#xE4;nning\/amperage f&#xF6;r portarna C1 (140 W), C2 (100 W), C3 (40 W) och USB-A (22,5 W). I de nedre avsnitten finns tio diagram som visar exakt hur effekten delas och f&#xF6;rdelas mellan olika konfigurationer med dubbla, tredubbla och fyrdubbla portar.  \" class=\"wp-image-47858\" srcset=\"https:\/\/ayaneo.co\/wp-content\/uploads\/2026\/05\/DROIX-140W-MARKETING-DONE-07-1024x1024.jpg 1024w, https:\/\/ayaneo.co\/wp-content\/uploads\/2026\/05\/DROIX-140W-MARKETING-DONE-07-300x300.jpg 300w, https:\/\/ayaneo.co\/wp-content\/uploads\/2026\/05\/DROIX-140W-MARKETING-DONE-07-150x150.jpg 150w, https:\/\/ayaneo.co\/wp-content\/uploads\/2026\/05\/DROIX-140W-MARKETING-DONE-07-768x768.jpg 768w, https:\/\/ayaneo.co\/wp-content\/uploads\/2026\/05\/DROIX-140W-MARKETING-DONE-07-65x65.jpg 65w, https:\/\/ayaneo.co\/wp-content\/uploads\/2026\/05\/DROIX-140W-MARKETING-DONE-07-990x990.jpg 990w, https:\/\/ayaneo.co\/wp-content\/uploads\/2026\/05\/DROIX-140W-MARKETING-DONE-07-441x441.jpg 441w, https:\/\/ayaneo.co\/wp-content\/uploads\/2026\/05\/DROIX-140W-MARKETING-DONE-07-100x100.jpg 100w, https:\/\/ayaneo.co\/wp-content\/uploads\/2026\/05\/DROIX-140W-MARKETING-DONE-07-600x600.jpg 600w, https:\/\/ayaneo.co\/wp-content\/uploads\/2026\/05\/DROIX-140W-MARKETING-DONE-07.jpg 1500w\" sizes=\"(max-width: 1024px) 100vw, 1024px\" \/><\/a><\/figure>\n<\/div>\n\n\n\n<div class=\"wp-block-column is-layout-flow wp-block-column-is-layout-flow\">\n<figure class=\"wp-block-image size-large\"><a href=\"https:\/\/ayaneo.co\/wp-content\/uploads\/2026\/05\/DROIX-140W-MARKETING-DONE-010.jpg\"><img loading=\"lazy\" decoding=\"async\" width=\"1024\" height=\"1024\" src=\"https:\/\/ayaneo.co\/wp-content\/uploads\/2026\/05\/DROIX-140W-MARKETING-DONE-010-1024x1024.jpg\" alt=\"Marknadsf&#xF6;ringsgrafik med titeln &quot;F&#xF6;rst&#xE5;r dina laddningsbehov&quot;, som framh&#xE4;ver enhetens 4 utg&#xE5;ngsportar (3 USB-C och 1 USB-A). Bilden visar en m&#xE4;ngd olika kompatibla elektronikprodukter, bland annat en b&#xE4;rbar dator, surfplattor, Nintendo Switch, smartphones, tr&#xE5;dl&#xF6;sa &#xF6;ronsn&#xE4;ckor, en dr&#xF6;nare och en gimbal-kamera, vilket visar hur m&#xE5;ngsidig laddaren &#xE4;r. \" class=\"wp-image-47888\" srcset=\"https:\/\/ayaneo.co\/wp-content\/uploads\/2026\/05\/DROIX-140W-MARKETING-DONE-010-1024x1024.jpg 1024w, https:\/\/ayaneo.co\/wp-content\/uploads\/2026\/05\/DROIX-140W-MARKETING-DONE-010-300x300.jpg 300w, https:\/\/ayaneo.co\/wp-content\/uploads\/2026\/05\/DROIX-140W-MARKETING-DONE-010-150x150.jpg 150w, https:\/\/ayaneo.co\/wp-content\/uploads\/2026\/05\/DROIX-140W-MARKETING-DONE-010-768x768.jpg 768w, https:\/\/ayaneo.co\/wp-content\/uploads\/2026\/05\/DROIX-140W-MARKETING-DONE-010-65x65.jpg 65w, https:\/\/ayaneo.co\/wp-content\/uploads\/2026\/05\/DROIX-140W-MARKETING-DONE-010-990x990.jpg 990w, https:\/\/ayaneo.co\/wp-content\/uploads\/2026\/05\/DROIX-140W-MARKETING-DONE-010-441x441.jpg 441w, https:\/\/ayaneo.co\/wp-content\/uploads\/2026\/05\/DROIX-140W-MARKETING-DONE-010-100x100.jpg 100w, https:\/\/ayaneo.co\/wp-content\/uploads\/2026\/05\/DROIX-140W-MARKETING-DONE-010-600x600.jpg 600w, https:\/\/ayaneo.co\/wp-content\/uploads\/2026\/05\/DROIX-140W-MARKETING-DONE-010.jpg 1500w\" sizes=\"(max-width: 1024px) 100vw, 1024px\" \/><\/a><\/figure>\n<\/div>\n<\/div>\n\n<p>DROIX 140W USB-C v\u00e4ggladdare anv\u00e4nder en flexibel layout med fyra portar f\u00f6r att hantera flera laddningsuppgifter samtidigt. Den ledande USB-C1-porten ger en toppeffekt p\u00e5 140 W via PD 3.1- och PPS-teknik f\u00f6r maximal hastighet. Den andra USB-C2-porten ger dessutom hela 100 W f\u00f6r att h\u00e5lla avancerade b\u00e4rbara datorer ig\u00e5ng med full kapacitet under intensiva arbetsbelastningar.  <\/p>\n\n<p>Dessutom kan anv\u00e4ndare dra nytta av 40W USB-C3-porten f\u00f6r medelstora elektronikprodukter som konsoler eller surfplattor. P\u00e5 samma s\u00e4tt st\u00f6der USB-A-porten \u00e4ldre h\u00e5rdvara med en uteffekt p\u00e5 22,5 W med SCP- och QC 3.0-protokoll. Eftersom alla fyra portarna \u00f6vervakas av intelligenta s\u00e4kerhetssystem \u00e4r din h\u00e5rdvara alltid skyddad fr\u00e5n elektriska skador. D\u00e4rf\u00f6r \u00e4r DROIX 140W USB-C v\u00e4ggladdare allm\u00e4nt ansedd som den mest effektiva hubben f\u00f6r en installation med flera enheter.   <\/p>\n\n<h2 class=\"wp-block-heading has-text-align-center\"><strong>Avancerad str\u00f6msp\u00e5rning via DROIX 140W USB-C v\u00e4ggladdare med integrerad display<\/strong><\/h2>\n\n<p>H\u00e5ll dig informerad med DROIX 140W USB-C v\u00e4ggladdare, som ger viktig laddningsstatistik i realtid. Denna integrerade smarta visuella display g\u00f6r det enkelt att sp\u00e5ra total wattstyrka och individuell portutg\u00e5ng med en \u00f6verblick. Dessutom hj\u00e4lper &#8221;Time of Use\"-sp\u00e5raren dig att f\u00f6rst\u00e5 dina personliga anv\u00e4ndningsvanor f\u00f6r h\u00e5rdvara \u00f6ver tid. Eftersom din s\u00e4kerhet kommer i f\u00f6rsta hand visar gr\u00e4nssnittet tydligt n\u00e4r enheten befinner sig i &#8221;Excellent\" v\u00e4rmezoner. D\u00e4rf\u00f6r beh\u00f6ver du aldrig oroa dig f\u00f6r hur dina anslutna enheter m\u00e5r.    <\/p>\n\n<h2 class=\"wp-block-heading has-text-align-center\"><strong><strong>Total s\u00e4kerhet: Flerskiktsskyddet f\u00f6r DROIX 140W USB-C v\u00e4ggladdare<\/strong><\/strong><\/h2>\n\n<p>DROIX 140W USB-C v\u00e4ggladdare har utvecklats med ett kompromissl\u00f6st engagemang f\u00f6r anv\u00e4ndarnas s\u00e4kerhet. Enheten har ett slagt\u00e5ligt, brandh\u00e4mmande PC-h\u00f6lje som \u00e4r utformat f\u00f6r att klara resans alla p\u00e5frestningar. Inuti finns avancerade sensorer som ger konstant \u00f6vervakning f\u00f6r \u00f6versp\u00e4nning, \u00f6verstr\u00f6m och termiska avvikelser.  <\/p>\n\n<p>Dessutom \u00e4r dina dyra mobila enheter skyddade fr\u00e5n potentiella kortslutningar och elektromagnetiska st\u00f6rningar. D\u00e4rf\u00f6r kan du alltid lita p\u00e5 att enheten levererar stabil, ren energi utan risk f\u00f6r att k\u00e4nsliga komponenter skadas. Tack vare den h\u00e4r noggranna s\u00e4kerhetst\u00e4nket kan du ladda din utrustning med absolut tillf\u00f6rsikt.  <\/p>\n\n<h2 class=\"wp-block-heading has-text-align-center\"><strong>Uppgradera ditt reseset: G\u00f6r anspr\u00e5k p\u00e5 din DROIX 140W USB-C v\u00e4ggladdare nu<\/strong><\/h2>\n\n<p>Det \u00e4r dags att f\u00f6renkla din installation. DROIX 140W USB-C v\u00e4ggladdare \u00e4r det enda verktyg som kr\u00e4vs f\u00f6r att h\u00e5lla ditt professionella kontor eller din elitspelrigg ig\u00e5ng till 100%. P\u00e5 grund av h\u00f6g efterfr\u00e5gan p\u00e5 denna allt-i-ett GaN-l\u00f6sning g\u00e5r lagret snabbt.  <\/p>\n\n<p>Uppt\u00e4ck hur DROIX 140W USB-C GaN v\u00e4ggladdare f\u00f6r\u00e4ndrar spelreglerna<strong><a href=\"https:\/\/ayaneo.co\/?p=48198\" target=\"_blank\" rel=\"noreferrer noopener\">L\u00e4s mer p\u00e5 v\u00e5r blogg!<\/a><\/strong><\/p>\n","protected":false},"excerpt":{"rendered":"<ul>\n<li><strong>140W PD 3.1 Power<\/strong> - Snabbladdar h\u00f6gpresterande b\u00e4rbara datorer och spelhanddatorer med h\u00f6gsta hastighet.<\/li>\n<li><strong>M\u00e5ngsidighet med fyra portar<\/strong> - str\u00f6mf\u00f6rs\u00f6rj fyra enheter samtidigt via tre USB-C-portar och en USB-A-port.<\/li>\n<li><strong>Visuell visning<\/strong> i realtid - \u00d6vervaka watt, termisk status och laddningsl\u00e4gen i realtid med en snabb \u00f6verblick.<\/li>\n<li><strong>Global Travel System<\/strong> - Inneh\u00e5ller utbytbara snap-on-kontaktadaptrar f\u00f6r Storbritannien, EU, USA och AUS.<\/li>\n<li><strong>Avancerad s\u00e4kerhets-IC<\/strong> - Flerskiktsskydd garanterar stabil, v\u00e4rmereglerad str\u00f6mf\u00f6rs\u00f6rjning f\u00f6r din h\u00e5rdvara.<\/li>\n<\/ul>\n[cg_accordion title=\"BETALNINGSINFORMATION\"]<\/p>\n<p>Vi anv\u00e4nder den senaste tekniken f\u00f6r betalningshantering, vilket g\u00f6r att du kan checka ut via Apple Pay, Google Pay, ditt betalkort\/kreditkort, PayPal eller BNPL-metoder som Klarna, Affirm eller AfterPay f\u00f6r en snabb och s\u00e4ker upplevelse.[\/cg_accordion]\n[cg_accordion title=\"GARANTI\"]<\/p>\n<p>1 \u00e5rs garanti fr\u00e5n <a href=\"https:\/\/droix.net\/\" target=\"_blank\" rel=\"nofollow noopener\">DROIX Global<\/a> f\u00f6r att du ska k\u00e4nna dig trygg[\/cg_accordion]\n[cg_accordion title=\"KVALITETSS\u00c4KRING OCH TESTNING F\u00d6RE AVS\u00c4NDNING\"]<\/p>\n<p>S\u00e4kerst\u00e4ller kundn\u00f6jdhet p\u00e5 h\u00f6gsta niv\u00e5: Varje enhet genomg\u00e5r rigor\u00f6s testning och en kvalitetss\u00e4kringskontroll i flera punkter innan den skickas. V\u00e5rt dedikerade team verifierar prestanda, funktionalitet och komponentintegritet f\u00f6r att garantera att din AYANEO-enhet \u00e4r i perfekt skick vid ankomst, vilket ger dig f\u00f6rtroende och sinnesfrid. [\/cg_accordion]\n[cg_accordion title=\"PRISER, SKATTER OCH FRAKT\"]<\/p>\n<p><strong><u>Obs!<\/u><\/strong><\/p>\n<ul>\n<li>Kunder i F\u00f6renta staterna: Det visade priset inkluderar INTE SKATT eller tullar. Ansvaret f\u00f6r att tullklarera och betala eventuell tillh\u00f6rande skatt\/avgift ligger p\u00e5 kunden. <\/li>\n<li>EU-kunder: Det visade priset inkluderar till\u00e4mplig skatt, som kan vara upp till 25% beroende p\u00e5 ditt land.<\/li>\n<li>Kunder i Kanada: Det visade priset inkluderar till\u00e4mpliga skatter, vilket kan inkludera 5% GST och ytterligare Provincial Sales Taxes (PST), Harmonized Sales Tax (HST) eller Quebec Sales Tax (QST), beroende p\u00e5 din provins.<\/li>\n<\/ul>\n<p>F\u00f6r v\u00e5ra kunder i USA: Best\u00e4llningar skickas DAP (Delivered At Place). Kunderna \u00e4r ansvariga f\u00f6r att betala eventuella till\u00e4mpliga avgifter, men vi anv\u00e4nder oss av v\u00e5r omfattande erfarenhet av frakt fr\u00e5n Storbritannien f\u00f6r att se till att du betalar minsta m\u00f6jliga avgift. Baserat p\u00e5 v\u00e5ra uppgifter \u00f6verstiger dessa avgifter normalt inte 10 % av varans v\u00e4rde.  <\/p>\n<p><strong>ENDAST f\u00f6r EU-kunder:<\/strong> Express DDP (Delivered Duty Paid). Detta betyder: <\/p>\n<ul>\n<li>Alla tullavgifter och skatter ing\u00e5r i det pris som visas p\u00e5 produktsidan.<\/li>\n<li>Du beh\u00f6ver inte betala n\u00e5gra extra avgifter vid leverans.<\/li>\n<li>I s\u00e4llsynta fall av tullrelaterade problem kommer v\u00e5rt team att hantera tullklareringsprocessen f\u00f6r din r\u00e4kning f\u00f6r att s\u00e4kerst\u00e4lla en smidig leveransupplevelse.<\/li>\n<p>Viktig information om returer:<\/p>\n<li>Om du best\u00e4mmer dig f\u00f6r att returnera din best\u00e4llning eller beg\u00e4ra \u00e5terbetalning ska du vara medveten om att skatter och avgifter som betalats f\u00f6r din r\u00e4kning enligt DDP-villkoren inte kan \u00e5terbetalas.<\/li>\n<p>F\u00f6r detaljerad information h\u00e4nvisas till v\u00e5ra allm\u00e4nna <a href=\"https:\/\/ayaneo.co\/terms-of-service-2\/\" target=\"_blank\" rel=\"nofollow noopener\">villkor<\/a>.\n<\/ul>\n<p>[\/cg_accordion]\n[cg_accordion title=\"KUNDTJ\u00c4NST\"]<\/p>\n<p>Har du en fr\u00e5ga? Vi \u00e4r bara ett kort sms bort fr\u00e5n att ha l\u00f6st ditt problem! [\/cg_accordion]\n[cg_accordion title=\"PAKETET INNEH\u00c5LLER\"]<\/p>\n<ul>\n<li>1x DROIX 140W USB-C v\u00e4ggladdare<\/li>\n<li>1x Adapter f\u00f6r brittisk kontakt<\/li>\n<li>1x EU-adapter f\u00f6r stickpropp<\/li>\n<li>1x Anv\u00e4ndarhandbok<\/li>\n<\/ul>\n<p>[\/cg_accordion]\n","protected":false},"featured_media":47925,"template":"","meta":{"_acf_changed":false},"product_brand":[],"product_cat":[554],"product_tag":[],"class_list":{"0":"post-48691","1":"product","2":"type-product","3":"status-publish","4":"has-post-thumbnail","6":"product_cat-tillbehor","7":"product_shipping_class-standard","9":"first","10":"onbackorder","11":"taxable","12":"shipping-taxable","13":"product-type-simple"},"acf":[],"_links":{"self":[{"href":"https:\/\/ayaneo.co\/sv\/wp-json\/wp\/v2\/product\/48691","targetHints":{"allow":["GET"]}}],"collection":[{"href":"https:\/\/ayaneo.co\/sv\/wp-json\/wp\/v2\/product"}],"about":[{"href":"https:\/\/ayaneo.co\/sv\/wp-json\/wp\/v2\/types\/product"}],"wp:featuredmedia":[{"embeddable":true,"href":"https:\/\/ayaneo.co\/sv\/wp-json\/wp\/v2\/media\/47925"}],"wp:attachment":[{"href":"https:\/\/ayaneo.co\/sv\/wp-json\/wp\/v2\/media?parent=48691"}],"wp:term":[{"taxonomy":"product_brand","embeddable":true,"href":"https:\/\/ayaneo.co\/sv\/wp-json\/wp\/v2\/product_brand?post=48691"},{"taxonomy":"product_cat","embeddable":true,"href":"https:\/\/ayaneo.co\/sv\/wp-json\/wp\/v2\/product_cat?post=48691"},{"taxonomy":"product_tag","embeddable":true,"href":"https:\/\/ayaneo.co\/sv\/wp-json\/wp\/v2\/product_tag?post=48691"}],"curies":[{"name":"wp","href":"https:\/\/api.w.org\/{rel}","templated":true}]}}