{"id":5055,"date":"2024-09-20T09:49:52","date_gmt":"2024-09-20T09:49:52","guid":{"rendered":"https:\/\/ayaneo.co\/product\/ayaneo-pocket-s-tillbehor\/"},"modified":"2025-12-09T00:26:10","modified_gmt":"2025-12-09T00:26:10","slug":"ayaneo-pocket-s-tillbehor","status":"publish","type":"product","link":"https:\/\/ayaneo.co\/sv\/product\/ayaneo-pocket-s-tillbehor\/","title":{"rendered":"AYANEO Pocket S Tillbeh\u00f6r"},"content":{"rendered":"\n<p>F\u00f6rh\u00f6j din spelupplevelse p\u00e5 AYANEO Pocket S med detta tillbeh\u00f6rspaket som \u00e4r utformat f\u00f6r skydd, komfort och f\u00f6rb\u00e4ttrad spelupplevelse.<\/p>\n\n<ul class=\"wp-block-list\">\n<li><strong>2-i-1 magnetiskt flipskyddande<\/strong> fodral: Detta fodral har en innovativ ergonomisk design och kombinerar stil och funktionalitet. Skyddsfodralet har ett magnetiskt flip-cover som s\u00e4krar din enhet samtidigt som det ger enkel \u00e5tkomst. Den halkfria ytan ger ett stadigt grepp och det stora handtaget ger ett bekv\u00e4mt grepp f\u00f6r l\u00e5nga spelsessioner. Oavsett om du \u00e4r hemma eller p\u00e5 spr\u00e5ng \u00e4r det h\u00e4r skyddsfodralet den perfekta f\u00f6ljeslagaren f\u00f6r att skydda din AYANEO Pocket S fr\u00e5n dagligt slitage.   <\/li>\n\n\n\n<li><strong>Sk\u00e4rmskydd<\/strong>: Skydda din sk\u00e4rm med ett h\u00f6gkvalitativt, ultraklart sk\u00e4rmskydd. Det \u00e4r konstruerat f\u00f6r att motst\u00e5 repor, fl\u00e4ckar och fingeravtryck och ser till att din sk\u00e4rm f\u00f6rblir lika levande och responsiv som n\u00e5gonsin. Dess l\u00e4ttapplicerade design garanterar bubbelfri installation och h\u00e5ller din sk\u00e4rm or\u00f6rd samtidigt som den bibeh\u00e5ller pekk\u00e4nsligheten f\u00f6r smidig, oavbruten spelupplevelse.  <\/li>\n\n\n\n<li><strong>Tumgrepp<\/strong>: F\u00f6rb\u00e4ttra din kontroll med premium tumgrepp. Dessa silikon\u00f6verdrag f\u00f6r de analoga spakarna ger \u00f6verl\u00e4gset grepp och precision, vilket hj\u00e4lper dig att beh\u00e5lla kontrollen \u00e4ven under de mest intensiva spelstunderna. De h\u00e4r tumgreppen \u00e4r utformade f\u00f6r att minska tr\u00f6tthet och f\u00f6rb\u00e4ttra komforten och m\u00f6jligg\u00f6r mer exakta r\u00f6relser, vilket ger dig den konkurrensf\u00f6rdel du beh\u00f6ver.  <\/li>\n<\/ul>\n\n<p>Denna tillbeh\u00f6rssats ser till att din AYANEO Pocket S f\u00f6rblir skyddad och redo f\u00f6r action, samtidigt som den f\u00f6rb\u00e4ttrar spelupplevelsen med ergonomiska f\u00f6rb\u00e4ttringar.<\/p>\n","protected":false},"excerpt":{"rendered":"[cg_accordion title=\"BETALNINGSINFORMATION\"]<\/p>\n<p>Vi anv\u00e4nder den senaste tekniken f\u00f6r betalningshantering, vilket g\u00f6r att du kan checka ut via Apple Pay, Google Pay, ditt betalkort\/kreditkort, PayPal eller BNPL-metoder som Klarna, Affirm eller AfterPay f\u00f6r en snabb och s\u00e4ker upplevelse.[\/cg_accordion]\n[cg_accordion title=\"GARANTI\"]<\/p>\n<p>1 \u00e5rs garanti fr\u00e5n <a href=\"https:\/\/droix.net\/\" target=\"_blank\" rel=\"nofollow noopener\">DROIX Global<\/a> f\u00f6r att du ska k\u00e4nna dig trygg[\/cg_accordion]\n[cg_accordion title=\"PRISER, SKATTER OCH FRAKT\"]<\/p>\n<p><strong><u>Obs!<\/u><\/strong><\/p>\n<ul>\n<li>Kunder i F\u00f6renta staterna: Det visade priset inkluderar INTE SKATT eller tullar. Ansvaret f\u00f6r att tullklarera och betala eventuell tillh\u00f6rande skatt\/avgift ligger p\u00e5 kunden. <\/li>\n<li>EU-kunder: Det visade priset inkluderar till\u00e4mplig skatt, som kan vara upp till 25% beroende p\u00e5 ditt land.<\/li>\n<li>Kunder i Kanada: Det visade priset inkluderar till\u00e4mpliga skatter, vilket kan inkludera 5% GST och ytterligare Provincial Sales Taxes (PST), Harmonized Sales Tax (HST) eller Quebec Sales Tax (QST), beroende p\u00e5 din provins.<\/li>\n<\/ul>\n<p><strong>ENDAST f\u00f6r EU-kunder:<\/strong> Express DDP (Delivered Duty Paid). Detta betyder: <\/p>\n<ul>\n<li>Alla tullavgifter och skatter ing\u00e5r i det pris som visas p\u00e5 produktsidan.<\/li>\n<li>Du beh\u00f6ver inte betala n\u00e5gra extra avgifter vid leverans.<\/li>\n<li>I s\u00e4llsynta fall av tullrelaterade problem kommer v\u00e5rt team att hantera tullklareringsprocessen f\u00f6r din r\u00e4kning f\u00f6r att s\u00e4kerst\u00e4lla en smidig leveransupplevelse.<\/li>\n<p>Viktig information om returer:<\/p>\n<li>Om du best\u00e4mmer dig f\u00f6r att returnera din best\u00e4llning eller beg\u00e4ra \u00e5terbetalning ska du vara medveten om att skatter och avgifter som betalats f\u00f6r din r\u00e4kning enligt DDP-villkoren inte kan \u00e5terbetalas.<\/li>\n<p>F\u00f6r detaljerad information h\u00e4nvisas till v\u00e5ra allm\u00e4nna <a href=\"https:\/\/ayaneo.co\/terms-of-service-2\/\" target=\"_blank\" rel=\"nofollow noopener\">villkor<\/a>.\n<\/ul>\n<p>[\/cg_accordion]\n[cg_accordion title=\"KUNDTJ\u00c4NST\"]<\/p>\n<p>Har du en fr\u00e5ga? Vi \u00e4r bara ett kort sms bort fr\u00e5n att ha l\u00f6st ditt problem!<br \/>\n[\/cg_accordion]\n","protected":false},"featured_media":5064,"template":"","meta":{"_acf_changed":false},"product_brand":[],"product_cat":[554],"product_tag":[],"class_list":{"0":"post-5055","1":"product","2":"type-product","3":"status-publish","4":"has-post-thumbnail","6":"product_cat-tillbehor","7":"product_shipping_class-low-end","8":"pa_accessory-type-grip-sv","9":"pa_accessory-type-protective-case-sv","10":"pa_accessory-type-screen-protector-sv","11":"pa_brand-ayaneo","13":"first","14":"instock","15":"sale","16":"taxable","17":"shipping-taxable","18":"purchasable","19":"product-type-simple"},"acf":[],"_links":{"self":[{"href":"https:\/\/ayaneo.co\/sv\/wp-json\/wp\/v2\/product\/5055","targetHints":{"allow":["GET"]}}],"collection":[{"href":"https:\/\/ayaneo.co\/sv\/wp-json\/wp\/v2\/product"}],"about":[{"href":"https:\/\/ayaneo.co\/sv\/wp-json\/wp\/v2\/types\/product"}],"wp:featuredmedia":[{"embeddable":true,"href":"https:\/\/ayaneo.co\/sv\/wp-json\/wp\/v2\/media\/5064"}],"wp:attachment":[{"href":"https:\/\/ayaneo.co\/sv\/wp-json\/wp\/v2\/media?parent=5055"}],"wp:term":[{"taxonomy":"product_brand","embeddable":true,"href":"https:\/\/ayaneo.co\/sv\/wp-json\/wp\/v2\/product_brand?post=5055"},{"taxonomy":"product_cat","embeddable":true,"href":"https:\/\/ayaneo.co\/sv\/wp-json\/wp\/v2\/product_cat?post=5055"},{"taxonomy":"product_tag","embeddable":true,"href":"https:\/\/ayaneo.co\/sv\/wp-json\/wp\/v2\/product_tag?post=5055"}],"curies":[{"name":"wp","href":"https:\/\/api.w.org\/{rel}","templated":true}]}}