{"id":5075,"date":"2024-10-28T15:23:02","date_gmt":"2024-10-28T15:23:02","guid":{"rendered":"https:\/\/ayaneo.co\/product\/aya-neo-2s\/"},"modified":"2025-04-11T12:11:30","modified_gmt":"2025-04-11T12:11:30","slug":"aya-neo-2s","status":"publish","type":"product","link":"https:\/\/ayaneo.co\/sv\/product\/aya-neo-2s\/","title":{"rendered":"AYA NEO 2S"},"content":{"rendered":"\n<p><strong>AYA NEO 2S: Den ultimata b\u00e4rbara speldatorn<\/strong> <\/p>\n\n<p>Vi presenterar AYA NEO 2S, sj\u00e4lva sinnebilden f\u00f6r b\u00e4rbara speldatorer. Denna mobila speldator \u00e4r utformad f\u00f6r att leverera exceptionell prestanda i en kompakt formfaktor och kommer att revolutionera hur du upplever spel n\u00e4r du \u00e4r p\u00e5 spr\u00e5ng. Med sin kraftfulla AMD Ryzen-processor, h\u00f6gkvalitativa grafik, uppslukande sk\u00e4rm och avancerade funktioner \u00e4r AYA NEO 2S den ultimata handh\u00e5llna speldatorn som kommer att \u00f6vertr\u00e4ffa dina f\u00f6rv\u00e4ntningar.    <\/p>\n\n<p><strong>Snygg och stilren: V\u00e4lj din stil<\/strong> <\/p>\n\n<p>AYA NEO 2S finns i en rad olika attraktiva f\u00e4rger f\u00f6r att passa din personliga stil. Oavsett om du f\u00f6redrar den klassiska elegansen i Starry Black, den rena sk\u00f6nheten i Sky White, retrocharmen i Retro Power eller den livfulla lekfullheten i B.Duck Pink &amp; Blue eller B.Duck Joyful Black, finns det ett f\u00e4rgalternativ f\u00f6r alla. Den erbjuder inte bara kraftfull prestanda, utan ser ocks\u00e5 snygg och stilren ut, vilket g\u00f6r den till en riktig statement piece vart du \u00e4n tar den.    <\/p>\n\n<p><strong>Sl\u00e4pp loss din spelpotential med AMD Ryzen Power<\/strong> <\/p>\n\n<p>AYA NEO 2S \u00e4r utrustad med en <a href=\"https:\/\/www.amd.com\/en\/products\/apu\/amd-ryzen-7-7840u\" target=\"_blank\" rel=\"noreferrer noopener\">AMD Ryzen 7 7840U-processor<\/a> och levererar extraordin\u00e4r processorkraft f\u00f6r s\u00f6ml\u00f6st spelande och multitasking. Med 8 k\u00e4rnor och 16 tr\u00e5dar uppn\u00e5r denna CPU en basklockhastighet p\u00e5 3,3 GHz och en maximal boostklockhastighet p\u00e5 5,1 GHz. Den ger otrolig respons och effektivitet, vilket garanterar smidigt spelande och blixtsnabba laddningstider. Oavsett om du er\u00f6vrar fiender eller skapar inneh\u00e5ll, h\u00e5ller AYA NEO 2S j\u00e4mna steg med dina krav utan anstr\u00e4ngning.     <\/p>\n\n<p><strong>Uppslukande grafik f\u00f6r of\u00f6rgl\u00f6mliga spelupplevelser<\/strong> <\/p>\n\n<p>Med <a href=\"https:\/\/www.nvidia.com\/en-gb\/geforce\/gaming-laptops\/geforce-gtx-780m\/\" target=\"_blank\" rel=\"noreferrer noopener\">AMD Radeon 780M-grafik<\/a> tar AYA NEO 2S din spelupplevelse till nya h\u00f6jder. Med 12 k\u00e4rnor och en grafikfrekvens p\u00e5 2700 MHz levererar den fantastiska bilder och j\u00e4mna bildfrekvenser. Fr\u00e5n de detaljerade milj\u00f6erna till de verklighetstrogna karakt\u00e4rsanimationerna - varje aspekt av dina favoritspel kommer till liv p\u00e5 den handh\u00e5llna speldatorn. F\u00f6rbered dig p\u00e5 att bli f\u00e4ngslad av den hisnande grafiken och f\u00f6rdjupa dig i en v\u00e4rld av spel som aldrig f\u00f6rr.     <\/p>\n\n<p><strong>S\u00f6ml\u00f6s multitasking med h\u00f6ghastighets-RAM<\/strong> <\/p>\n\n<p>AYA NEO 2S mobila speldator har ett urval av h\u00f6ghastighets RAM-alternativ, inklusive 16 GB, 32 GB eller 64 GB <a href=\"https:\/\/en.wikipedia.org\/wiki\/LPDDR\" target=\"_blank\" rel=\"noreferrer noopener\">LPDDR5X-minne<\/a> klockat till 7500 MT\/s. Detta innovativa RAM-minne s\u00e4kerst\u00e4ller s\u00f6ml\u00f6s multitasking och g\u00f6r att du kan k\u00f6ra flera program samtidigt utan f\u00f6rdr\u00f6jning eller nedg\u00e5ng. Oavsett om du spelar, streamar eller redigerar har AYA NEO 2S minneskapaciteten f\u00f6r att hantera allt med l\u00e4tthet.    <\/p>\n\n<p><strong>Massiv f\u00f6rvaring f\u00f6r ditt spelbibliotek<\/strong> <\/p>\n\n<p>Med AYA NEO 2S \u00e4r lagringsutrymme aldrig ett problem. V\u00e4lj mellan ett gener\u00f6st urval av lagringsalternativ som str\u00e4cker sig fr\u00e5n 512 GB till hela 4 TB m.2 2280 <a href=\"https:\/\/en.wikipedia.org\/wiki\/Solid-state_drive\" target=\"_blank\" rel=\"noreferrer noopener\">SSD<\/a>. Det inneb\u00e4r att du kan lagra alla dina favoritspel, videor och filer utan att beh\u00f6va oroa dig f\u00f6r att f\u00e5 slut p\u00e5 utrymme. S\u00e4g adj\u00f6 till att radera spel f\u00f6r att g\u00f6ra plats f\u00f6r nya och ha hela ditt spelbibliotek n\u00e4ra till hands.     <\/p>\n\n<p><strong>Uppslukande sk\u00e4rm f\u00f6r fantastiska bilder<\/strong> <\/p>\n\n<p>AYA NEO 2S har en lysande 7-tums IPS sk\u00e4rm med en no-bezel-design som maximerar din tittarupplevelse. Med en uppl\u00f6sning p\u00e5 1920&#215;1200 och en pixeldensitet p\u00e5 323 PPI \u00e4r varje detalj skarp och levande. Sk\u00e4rmen har en ljusstyrka p\u00e5 500 nits, vilket g\u00f6r att du kan njuta av dina spel \u00e4ven i starkt upplysta milj\u00f6er. Med en f\u00e4rgnoggrannhet p\u00e5 130 % <a href=\"https:\/\/en.wikipedia.org\/wiki\/SRGB\" target=\"_blank\" rel=\"noreferrer noopener\">sRGB<\/a> och ett kontrastf\u00f6rh\u00e5llande p\u00e5 1200:1 ger AYA NEO 2S f\u00e4rger med exceptionell livfullhet och djup. Upplev dina favoritspel som aldrig f\u00f6rr p\u00e5 den h\u00e4r fantastiska sk\u00e4rmen.      <\/p>\n\n<p><strong>Precisionskontroll f\u00f6r o\u00f6vertr\u00e4ffad spelupplevelse<\/strong> <\/p>\n\n<p>AYA NEO 2S \u00e4r utformad f\u00f6r att ge precisionskontroll och en uppslukande spelupplevelse. Den har en huvudkontroll med <a href=\"https:\/\/thegamingsetup.com\/guides\/hall-effect-joysticks\" target=\"_blank\" rel=\"noreferrer noopener\">hallsensorpinnar<\/a>, vilket garanterar smidig och exakt input f\u00f6r varje r\u00f6relse. De linj\u00e4ra hall-triggarna ger ultra-responsiv feedback, s\u00e5 att du enkelt kan utf\u00f6ra exakta \u00e5tg\u00e4rder. Med AYA NEO 2S har du den ultimata kontrollen i din handflata.     <\/p>\n\n<p><strong>Sl\u00e4pp loss din spelpotential med gyroskop med dubbla sex axlar<\/strong> <\/p>\n\n<p>AYA NEO 2S tar spelandet till n\u00e4sta niv\u00e5 med sitt dubbla sexaxliga gyroskop. Denna innovativa funktion m\u00f6jligg\u00f6r f\u00f6rb\u00e4ttrad r\u00f6relseavk\u00e4nning, vilket g\u00f6r att du kan interagera med spel p\u00e5 ett mer intuitivt och uppslukande s\u00e4tt. Oavsett om du lutar, vrider eller v\u00e4nder p\u00e5 dig \u00f6vers\u00e4tter AYA NEO 2S dina r\u00f6relser exakt till spelet, vilket ger en verkligt engagerande spelupplevelse.    <\/p>\n\n<p><strong>K\u00e4nn spelet med HD Linear Motor Vibration<\/strong> <\/p>\n\n<p>AYA NEO 2S \u00e4r utrustad med ett HD-vibrationssystem med linj\u00e4r motor som ger en ny dimension till ditt spelande. K\u00e4nn effekten av varje explosion, motorns muller och sp\u00e4nningen i striden n\u00e4r vibrationssystemet ger liv \u00e5t dina spel. F\u00f6rdjupa dig i en v\u00e4rld d\u00e4r du kan k\u00e4nna varje \u00f6gonblick och ta din spelupplevelse till en helt ny niv\u00e5 av realism.    <\/p>\n\n<p><strong>Effektiv v\u00e4rmeavledning f\u00f6r optimal prestanda<\/strong> <\/p>\n\n<p>AYA NEO 2S har avancerad teknik f\u00f6r v\u00e4rmeavledning f\u00f6r att s\u00e4kerst\u00e4lla optimal prestanda \u00e4ven under l\u00e5nga spelsessioner. Med en design med 3+1 tre kopparr\u00f6r, stora kopparpl\u00e5tar och grafenplattor avleder denna handh\u00e5llna speldator effektivt v\u00e4rme, vilket h\u00e5ller temperaturerna l\u00e5ga och prestandan h\u00f6g. S\u00e4g adj\u00f6 till \u00f6verhettning och njut av oavbrutna spelsessioner med AYA NEO 2S.    <\/p>\n\n<p><strong>Anslutningsm\u00f6jligheter f\u00f6r m\u00e5ngsidigt spelande<\/strong> <\/p>\n\n<p>AYA NEO 2S erbjuder en rad anslutningsm\u00f6jligheter f\u00f6r att f\u00f6rb\u00e4ttra din spelupplevelse. Med tv\u00e5 USB 4 Type-C-portar med eGPU-anslutning, en USB 3.2 Type-C-port och ett 3,5 mm h\u00f6rlursuttag kan du ansluta dina favorittillbeh\u00f6r f\u00f6r en anpassad spelkonfiguration. Den extremt snabba Micro SD-kortplatsen st\u00f6der upp till 300 MB\/s, vilket g\u00f6r att du enkelt kan ut\u00f6ka dina lagringsalternativ. Med AYA NEO 2S har du flexibiliteten att spela p\u00e5 ditt s\u00e4tt.     <\/p>\n\n<p><strong>S\u00f6ml\u00f6s uppkoppling med Wi-Fi 6E och Bluetooth 5.2<\/strong> <\/p>\n\n<p>AYA NEO 2S har Wi-Fi 6E och Bluetooth 5.2-teknik, vilket garanterar s\u00f6ml\u00f6s anslutning och snabba data\u00f6verf\u00f6ringshastigheter. Anslut till internet blixtsnabbt, njut av smidigt onlinespelande och para ihop dina favorit Bluetooth-enheter utan problem. Oavsett om du spelar, streamar eller surfar, h\u00e5ller AYA NEO 2S dig ansluten och redo f\u00f6r action.    <\/p>\n\n<p><strong>S\u00e4ker och bekv\u00e4m fingeravtrycksigenk\u00e4nning<\/strong> <\/p>\n\n<p>L\u00e5s upp din AYA NEO 2S snabbt och s\u00e4kert med den integrerade fingeravtrycksigenk\u00e4nningen p\u00e5 str\u00f6mknappen. Inget mer kr\u00e5ngel med l\u00f6senord eller PIN-koder - placera bara fingret p\u00e5 str\u00f6mbrytaren och du \u00e4r redo att k\u00f6ra. Den h\u00e4r praktiska funktionen ger sinnesfrid, eftersom du vet att din handh\u00e5llna speldator \u00e4r skyddad mot obeh\u00f6rig \u00e5tkomst.    <\/p>\n\n<p><strong>Batteri med l\u00e5ng livsl\u00e4ngd f\u00f6r l\u00e5nga spelsessioner<\/strong> <\/p>\n\n<p>Den handh\u00e5llna speldatorn AYA NEO 2S \u00e4r utrustad med ett uppladdningsbart batteri med h\u00f6g kapacitet p\u00e5 13050mAh 50.25Wh, s\u00e5 att du kan njuta av l\u00e5nga spelsessioner utan att beh\u00f6va oroa dig f\u00f6r att f\u00e5 slut p\u00e5 str\u00f6m. Oavsett om du spelar p\u00e5 spr\u00e5ng eller spelar hemma, h\u00e5ller AYA NEO 2S j\u00e4mna steg med dina spelkrav och ser till att du aldrig missar ett \u00f6gonblick av action.   <\/p>\n\n<p><strong>Upplev kraften i Windows 11<\/strong> <\/p>\n\n<p>AYA NEO 2S levereras f\u00f6rinstallerad med Windows 11 Home Edition, det senaste operativsystemet fr\u00e5n Microsoft. Dra nytta av ett s\u00f6ml\u00f6st och intuitivt anv\u00e4ndargr\u00e4nssnitt, f\u00f6rb\u00e4ttrad spelprestanda och tillg\u00e5ng till ett stort bibliotek med spel och applikationer. <a href=\"https:\/\/en.wikipedia.org\/wiki\/Windows_11\" target=\"_blank\" rel=\"noreferrer noopener\">Windows 11<\/a> Ta din spelupplevelse till n\u00e4sta niv\u00e5, och AYA NEO 2S \u00e4r den perfekta plattformen f\u00f6r att frig\u00f6ra dess fulla potential.   <\/p>\n\n<p><strong>Kompakt och l\u00e4tt f\u00f6r spel p\u00e5 spr\u00e5ng<\/strong> <\/p>\n\n<p>Den b\u00e4rbara speldatorn AYA NEO 2S m\u00e4ter bara 26,4 x 10,5 x 2,1 cm (10,3 x 4,1 x 0,8 tum) och v\u00e4ger bara 667 g. Den \u00e4r utformad f\u00f6r just detta. Stoppa ner den i v\u00e4skan eller fickan s\u00e5 \u00e4r du redo att ta med dig dina spel\u00e4ventyr vart som helst. Oavsett om du \u00e4r ute och reser eller bara kopplar av hemma, s\u00e5 g\u00f6r den kompakta speldatorn AYA NEO 2S det m\u00f6jligt f\u00f6r dig att njuta av spel n\u00e4r och var som helst n\u00e4r inspirationen sl\u00e5r till.    <\/p>\n\n<p><strong>Varf\u00f6r du b\u00f6r k\u00f6pa AYA NEO 2S<\/strong> <\/p>\n\n<p>Upplev framtidens spelande med AYA NEO 2S. Denna b\u00e4rbara speldator kombinerar kraftfull prestanda, fantastisk grafik, exakt kontroll och avancerade funktioner i ett kompakt och snyggt paket. Oavsett om du \u00e4r en avslappnad spelare, en hardcore-entusiast eller en inneh\u00e5llsskapare, \u00e4r AYA NEO 2S din port till o\u00e4ndliga m\u00f6jligheter. Omfamna friheten med b\u00e4rbart spelande och sl\u00e4pp loss din spelpotential med AYA NEO 2S.     <\/p>\n\n<p><strong>F\u00f6rdelar med AYA NEO 2S:<\/strong> <\/p>\n\n<ul class=\"wp-block-list\">\n<li>Kraftfull prestanda: AMD Ryzen 7 7840U-processorn och AMD Radeon 780M-grafiken ger exceptionell prestanda, vilket m\u00f6jligg\u00f6r smidigt spelande och multitasking.  <\/li>\n\n\n\n<li>Kompakt och b\u00e4rbar: Med sin lilla storlek och l\u00e4tta design \u00e4r AYA NEO 2S mycket b\u00e4rbar, vilket g\u00f6r det enkelt att ta med sig spelandet p\u00e5 resan.  <\/li>\n<\/ul>\n\n<ul class=\"wp-block-list\">\n<li>Uppslukande sk\u00e4rm: Den 7-tums IPS sk\u00e4rmen med h\u00f6g uppl\u00f6sning och levande f\u00e4rger ger en uppslukande spelupplevelse och v\u00e4cker dina spel till liv.  <\/li>\n\n\n\n<li>Exakta kontroller: Master-kontrollen med hall-effektsensorspakar och linj\u00e4ra hall-triggers ger exakt kontroll f\u00f6r f\u00f6rb\u00e4ttrad spelupplevelse.  <\/li>\n\n\n\n<li>Avancerade funktioner: AYA NEO 2S har funktioner som ett dubbelt sexaxligt gyroskop, HD-linj\u00e4r motorvibration och fingeravtrycksigenk\u00e4nning, vilket f\u00f6rb\u00e4ttrar den totala spelupplevelsen.  <\/li>\n<\/ul>\n\n<p><\/p>\n\n<p><\/p>\n","protected":false},"excerpt":{"rendered":"<ul>\n<li>AMD<strong> Ryzen\u2122 7 7840U<\/strong> \/ Radeon 780M<\/li>\n<li><strong>upp till 64 GB<\/strong> LPDDR5X @ <strong>7500 MT\/s<\/strong><\/li>\n<li><strong>upp till 4 TB<\/strong> H\u00f6ghastighets PCIe 4.0 M.2 2280 SSD <\/li>\n<li><strong>7<\/strong> \" <strong> LCD Peksk\u00e4rm<\/strong> <\/li>\n<li>St\u00f6d f\u00f6r <strong>WiFi 6E<\/strong> och <strong>Bluetooth 5.2<\/strong> <\/li>\n<\/ul>\n[cg_accordion title=\"BETALNINGSINFORMATION\"]<\/p>\n<p>Vi anv\u00e4nder den senaste tekniken f\u00f6r betalningshantering, vilket g\u00f6r att du kan checka ut via Apple Pay, Google Pay, ditt betalkort\/kreditkort, PayPal eller BNPL-metoder som Klarna, Affirm eller AfterPay f\u00f6r en snabb och s\u00e4ker upplevelse.[\/cg_accordion]\n[cg_accordion title=\"GARANTI\"]<\/p>\n<p>1 \u00e5rs garanti fr\u00e5n <a href=\"https:\/\/droix.net\/\" target=\"_blank\" rel=\"nofollow noopener\">DROIX Global<\/a> f\u00f6r att du ska k\u00e4nna dig trygg[\/cg_accordion]\n[cg_accordion title=\"PRISER, SKATTER OCH FRAKT\"]<\/p>\n<p><strong><u>Obs!<\/u><\/strong><\/p>\n<ul>\n<li>Kunder i F\u00f6renta staterna: Det visade priset inkluderar INTE SKATT eller tullar. Ansvaret f\u00f6r att tullklarera och betala eventuell tillh\u00f6rande skatt\/avgift ligger p\u00e5 kunden. <\/li>\n<li>EU-kunder: Det visade priset inkluderar till\u00e4mplig skatt, som kan vara upp till 25% beroende p\u00e5 ditt land.<\/li>\n<li>Kunder i Kanada: Det visade priset inkluderar till\u00e4mpliga skatter, vilket kan inkludera 5% GST och ytterligare Provincial Sales Taxes (PST), Harmonized Sales Tax (HST) eller Quebec Sales Tax (QST), beroende p\u00e5 din provins.<\/li>\n<\/ul>\n<p><strong>ENDAST f\u00f6r EU-kunder:<\/strong> Express DDP (Delivered Duty Paid). Detta betyder: <\/p>\n<ul>\n<li>Alla tullavgifter och skatter ing\u00e5r i det pris som visas p\u00e5 produktsidan.<\/li>\n<li>Du beh\u00f6ver inte betala n\u00e5gra extra avgifter vid leverans.<\/li>\n<li>I s\u00e4llsynta fall av tullrelaterade problem kommer v\u00e5rt team att hantera tullklareringsprocessen f\u00f6r din r\u00e4kning f\u00f6r att s\u00e4kerst\u00e4lla en smidig leveransupplevelse.<\/li>\n<p>Viktig information om returer:<\/p>\n<li>Om du best\u00e4mmer dig f\u00f6r att returnera din best\u00e4llning eller beg\u00e4ra \u00e5terbetalning ska du vara medveten om att skatter och avgifter som betalats f\u00f6r din r\u00e4kning enligt DDP-villkoren inte kan \u00e5terbetalas.<\/li>\n<p>F\u00f6r detaljerad information h\u00e4nvisas till v\u00e5ra allm\u00e4nna <a href=\"https:\/\/ayaneo.co\/terms-of-service-2\/\" target=\"_blank\" rel=\"nofollow noopener\">villkor<\/a>.\n<\/ul>\n<p>[\/cg_accordion]\n[cg_accordion title=\"KUNDTJ\u00c4NST\"]<\/p>\n<p>Har du en fr\u00e5ga? Vi \u00e4r bara ett kort sms bort fr\u00e5n att ha l\u00f6st ditt problem!<br \/>\n[\/cg_accordion]\n[cg_accordion title=\"Paketet inneh\u00e5ller\"]<\/p>\n<ul>\n<li>1x AYANEO 2S<\/li>\n<li>1x USB typ C-kabel<\/li>\n<li>2x USB C till A-adapter<\/li>\n<li>1x 100W typ A-laddare<\/li>\n<li>1x USB typ C-kabel<\/li>\n<li>1x typ G-adapter1x typ E-adapter<\/li>\n<li>1x Typ I-adapter<\/li>\n<li>1x Anv\u00e4ndarhandbok<\/li>\n<li>1x Brytverktyg &amp; klisterm\u00e4rken f\u00f6r att \u00f6ppna enheten<\/li>\n<li>1x sidoskydd f\u00f6r ers\u00e4ttning<\/li>\n<\/ul>\n<p>[\/cg_accordion]\n","protected":false},"featured_media":5077,"template":"","meta":{"_acf_changed":false},"product_brand":[],"product_cat":[541],"product_tag":[542],"class_list":{"0":"post-5075","1":"product","2":"type-product","3":"status-publish","4":"has-post-thumbnail","6":"product_cat-handhallna-speldatorer","7":"product_tag-pc-spel-handhallen","8":"product_shipping_class-premium","9":"pa_brand-ayaneo","10":"pa_graphics-gpu-model-radeon-780m","11":"pa_operating-system-windows-11","12":"pa_processor-cpu-brand-amd","14":"first","15":"outofstock","16":"sale","17":"taxable","18":"shipping-taxable","19":"purchasable","20":"product-type-variable","21":"has-default-attributes"},"acf":[],"_links":{"self":[{"href":"https:\/\/ayaneo.co\/sv\/wp-json\/wp\/v2\/product\/5075","targetHints":{"allow":["GET"]}}],"collection":[{"href":"https:\/\/ayaneo.co\/sv\/wp-json\/wp\/v2\/product"}],"about":[{"href":"https:\/\/ayaneo.co\/sv\/wp-json\/wp\/v2\/types\/product"}],"wp:featuredmedia":[{"embeddable":true,"href":"https:\/\/ayaneo.co\/sv\/wp-json\/wp\/v2\/media\/5077"}],"wp:attachment":[{"href":"https:\/\/ayaneo.co\/sv\/wp-json\/wp\/v2\/media?parent=5075"}],"wp:term":[{"taxonomy":"product_brand","embeddable":true,"href":"https:\/\/ayaneo.co\/sv\/wp-json\/wp\/v2\/product_brand?post=5075"},{"taxonomy":"product_cat","embeddable":true,"href":"https:\/\/ayaneo.co\/sv\/wp-json\/wp\/v2\/product_cat?post=5075"},{"taxonomy":"product_tag","embeddable":true,"href":"https:\/\/ayaneo.co\/sv\/wp-json\/wp\/v2\/product_tag?post=5075"}],"curies":[{"name":"wp","href":"https:\/\/api.w.org\/{rel}","templated":true}]}}