{"id":6913,"date":"2025-01-17T11:00:37","date_gmt":"2025-01-17T11:00:37","guid":{"rendered":"https:\/\/ayaneo.co\/?post_type=product&#038;p=6913"},"modified":"2026-02-12T10:15:38","modified_gmt":"2026-02-12T10:15:38","slug":"ayaneo-pocket-evo","status":"publish","type":"product","link":"https:\/\/ayaneo.co\/sv\/product\/ayaneo-pocket-evo\/","title":{"rendered":"AYANEO Pocket EVO"},"content":{"rendered":"\n<div class=\"wp-block-columns is-layout-flex wp-container-core-columns-is-layout-28f84493 wp-block-columns-is-layout-flex\">\n<div class=\"wp-block-column is-layout-flow wp-block-column-is-layout-flow\" style=\"flex-basis:33.33%\">\n<figure class=\"wp-block-image size-full\"><a href=\"https:\/\/ayaneo.co\/wp-content\/uploads\/2025\/01\/AYANEO-POCKET-EVO-MARKETING-DONE-28-1024x1024-1.jpg\"><img fetchpriority=\"high\" decoding=\"async\" width=\"1024\" height=\"1024\" src=\"https:\/\/ayaneo.co\/wp-content\/uploads\/2025\/01\/AYANEO-POCKET-EVO-MARKETING-DONE-28-1024x1024-1.jpg\" alt=\"AYANEO Pocket EVO i vitt, med en 7-tums OLED HDR 120Hz-sk&#xE4;rm och Snapdragon G3x Gen 2-spelplattform, visas mot en gradient av bl&#xE5; till orange bakgrund.\" class=\"wp-image-37442\" srcset=\"https:\/\/ayaneo.co\/wp-content\/uploads\/2025\/01\/AYANEO-POCKET-EVO-MARKETING-DONE-28-1024x1024-1.jpg 1024w, https:\/\/ayaneo.co\/wp-content\/uploads\/2025\/01\/AYANEO-POCKET-EVO-MARKETING-DONE-28-1024x1024-1-300x300.jpg 300w, https:\/\/ayaneo.co\/wp-content\/uploads\/2025\/01\/AYANEO-POCKET-EVO-MARKETING-DONE-28-1024x1024-1-150x150.jpg 150w, https:\/\/ayaneo.co\/wp-content\/uploads\/2025\/01\/AYANEO-POCKET-EVO-MARKETING-DONE-28-1024x1024-1-768x768.jpg 768w, https:\/\/ayaneo.co\/wp-content\/uploads\/2025\/01\/AYANEO-POCKET-EVO-MARKETING-DONE-28-1024x1024-1-65x65.jpg 65w, https:\/\/ayaneo.co\/wp-content\/uploads\/2025\/01\/AYANEO-POCKET-EVO-MARKETING-DONE-28-1024x1024-1-990x990.jpg 990w, https:\/\/ayaneo.co\/wp-content\/uploads\/2025\/01\/AYANEO-POCKET-EVO-MARKETING-DONE-28-1024x1024-1-441x441.jpg 441w, https:\/\/ayaneo.co\/wp-content\/uploads\/2025\/01\/AYANEO-POCKET-EVO-MARKETING-DONE-28-1024x1024-1-100x100.jpg 100w, https:\/\/ayaneo.co\/wp-content\/uploads\/2025\/01\/AYANEO-POCKET-EVO-MARKETING-DONE-28-1024x1024-1-600x600.jpg 600w\" sizes=\"(max-width: 1024px) 100vw, 1024px\" \/><\/a><\/figure>\n<\/div>\n\n\n\n<div class=\"wp-block-column is-layout-flow wp-block-column-is-layout-flow\" style=\"flex-basis:66.66%\">\n<h2 class=\"wp-block-heading\"><strong><strong>Omdefiniera handh\u00e5llet spelande med AYANEO Pocket EVO<\/strong><\/strong><\/h2>\n\n\n\n<p><strong>AYANEO Pocket EVO<\/strong> \u00e4r en banbrytande handh\u00e5llen spelkonsol som \u00e4r utformad f\u00f6r att flytta fram gr\u00e4nserna f\u00f6r b\u00e4rbart spelande. Den kombinerar banbrytande teknik med en ergonomisk, snygg design och \u00e4r byggd f\u00f6r spelare som l\u00e4ngtar efter kraft, precision och b\u00e4rbarhet. Oavsett om du tar dig an AAA-blockbusters eller uppt\u00e4cker indie-skatter, har Pocket EVO dig t\u00e4ckt.  <\/p>\n<\/div>\n<\/div>\n\n<hr class=\"wp-block-separator has-alpha-channel-opacity\"\/>\n\n<h2 class=\"wp-block-heading has-text-align-center\"><strong>AYANEO Pocket EVO: De tre pelarna f\u00f6r precisionskontroll, prestanda och ergonomi<\/strong><\/h2>\n\n<div class=\"wp-block-columns is-layout-flex wp-container-core-columns-is-layout-28f84493 wp-block-columns-is-layout-flex\">\n<div class=\"wp-block-column is-layout-flow wp-block-column-is-layout-flow\">\n<figure class=\"wp-block-image size-full\"><a href=\"https:\/\/ayaneo.co\/wp-content\/uploads\/2025\/01\/AYANEO-POCKET-EVO-MARKETING-DONE-34-1024x1024-1.jpg\"><img decoding=\"async\" width=\"1024\" height=\"1024\" src=\"https:\/\/ayaneo.co\/wp-content\/uploads\/2025\/01\/AYANEO-POCKET-EVO-MARKETING-DONE-34-1024x1024-1.jpg\" alt=\"Sida vid sida-j&#xE4;mf&#xF6;relse av de vita och svarta varianterna av AYANEO Pocket EVO, som framh&#xE4;ver dess moderna och eleganta design med en livfull sk&#xE4;rm.\" class=\"wp-image-37443\" srcset=\"https:\/\/ayaneo.co\/wp-content\/uploads\/2025\/01\/AYANEO-POCKET-EVO-MARKETING-DONE-34-1024x1024-1.jpg 1024w, https:\/\/ayaneo.co\/wp-content\/uploads\/2025\/01\/AYANEO-POCKET-EVO-MARKETING-DONE-34-1024x1024-1-300x300.jpg 300w, https:\/\/ayaneo.co\/wp-content\/uploads\/2025\/01\/AYANEO-POCKET-EVO-MARKETING-DONE-34-1024x1024-1-150x150.jpg 150w, https:\/\/ayaneo.co\/wp-content\/uploads\/2025\/01\/AYANEO-POCKET-EVO-MARKETING-DONE-34-1024x1024-1-768x768.jpg 768w, https:\/\/ayaneo.co\/wp-content\/uploads\/2025\/01\/AYANEO-POCKET-EVO-MARKETING-DONE-34-1024x1024-1-65x65.jpg 65w, https:\/\/ayaneo.co\/wp-content\/uploads\/2025\/01\/AYANEO-POCKET-EVO-MARKETING-DONE-34-1024x1024-1-990x990.jpg 990w, https:\/\/ayaneo.co\/wp-content\/uploads\/2025\/01\/AYANEO-POCKET-EVO-MARKETING-DONE-34-1024x1024-1-441x441.jpg 441w, https:\/\/ayaneo.co\/wp-content\/uploads\/2025\/01\/AYANEO-POCKET-EVO-MARKETING-DONE-34-1024x1024-1-100x100.jpg 100w, https:\/\/ayaneo.co\/wp-content\/uploads\/2025\/01\/AYANEO-POCKET-EVO-MARKETING-DONE-34-1024x1024-1-600x600.jpg 600w\" sizes=\"(max-width: 1024px) 100vw, 1024px\" \/><\/a><\/figure>\n\n\n\n<h3 class=\"wp-block-heading\"><strong>Ergonomi och estetik: Sofistikerad design f\u00f6r l\u00e5nga spelsessioner<\/strong><\/h3>\n\n\n\n<p>AYANEO Pocket EVO kombinerar sofistikerad estetik med funktionell design. Den finns i tv\u00e5 i\u00f6gonfallande f\u00e4rgst\u00e4llningar: <\/p>\n\n\n\n<ul class=\"wp-block-list\">\n<li><strong>Stj\u00e4rnklart svart<\/strong><\/li>\n\n\n\n<li><strong>Sky Mirror Vit<\/strong><\/li>\n<\/ul>\n\n\n\n<p>Den kompakta och ergonomiska konstruktionen garanterar komfort under l\u00e5nga spelsessioner. Enheten \u00e4r omsorgsfullt utrustad med v\u00e4rmeavledande fenor (20193 mm\u00b2) f\u00f6r optimal prestanda, \u00e4ven under intensivt spelande. <\/p>\n<\/div>\n\n\n\n<div class=\"wp-block-column is-layout-flow wp-block-column-is-layout-flow\">\n<figure class=\"wp-block-image size-full\"><a href=\"https:\/\/ayaneo.co\/wp-content\/uploads\/2025\/01\/AYANEO-POCKET-EVO-MARKETING-DONE-17-1024x1024-1.jpg\"><img decoding=\"async\" width=\"1024\" height=\"1024\" src=\"https:\/\/ayaneo.co\/wp-content\/uploads\/2025\/01\/AYANEO-POCKET-EVO-MARKETING-DONE-17-1024x1024-1.jpg\" alt=\"Delad bild som visar Snapdragon G3x Gen 2-spelplattformen till v&#xE4;nster och AYANEO Pocket EVO i anv&#xE4;ndning till h&#xF6;ger, med betoning p&#xE5; kraftfull prestanda och m&#xE5;ngsidigt spelande.\" class=\"wp-image-37444\" srcset=\"https:\/\/ayaneo.co\/wp-content\/uploads\/2025\/01\/AYANEO-POCKET-EVO-MARKETING-DONE-17-1024x1024-1.jpg 1024w, https:\/\/ayaneo.co\/wp-content\/uploads\/2025\/01\/AYANEO-POCKET-EVO-MARKETING-DONE-17-1024x1024-1-300x300.jpg 300w, https:\/\/ayaneo.co\/wp-content\/uploads\/2025\/01\/AYANEO-POCKET-EVO-MARKETING-DONE-17-1024x1024-1-150x150.jpg 150w, https:\/\/ayaneo.co\/wp-content\/uploads\/2025\/01\/AYANEO-POCKET-EVO-MARKETING-DONE-17-1024x1024-1-768x768.jpg 768w, https:\/\/ayaneo.co\/wp-content\/uploads\/2025\/01\/AYANEO-POCKET-EVO-MARKETING-DONE-17-1024x1024-1-65x65.jpg 65w, https:\/\/ayaneo.co\/wp-content\/uploads\/2025\/01\/AYANEO-POCKET-EVO-MARKETING-DONE-17-1024x1024-1-990x990.jpg 990w, https:\/\/ayaneo.co\/wp-content\/uploads\/2025\/01\/AYANEO-POCKET-EVO-MARKETING-DONE-17-1024x1024-1-441x441.jpg 441w, https:\/\/ayaneo.co\/wp-content\/uploads\/2025\/01\/AYANEO-POCKET-EVO-MARKETING-DONE-17-1024x1024-1-100x100.jpg 100w, https:\/\/ayaneo.co\/wp-content\/uploads\/2025\/01\/AYANEO-POCKET-EVO-MARKETING-DONE-17-1024x1024-1-600x600.jpg 600w\" sizes=\"(max-width: 1024px) 100vw, 1024px\" \/><\/a><\/figure>\n\n\n\n<h3 class=\"wp-block-heading\"><strong>Det viktigaste operativsystemet f\u00f6r spel: Kraft och precision med Master Controller och Android 13<\/strong><\/h3>\n\n\n\n<p>AYANEO Pocket EVO drivs av <strong>Master Controller<\/strong> och operativsystemet Android 13 och ger o\u00f6vertr\u00e4ffad prestanda. <strong>RGB Hall Big Joystick<\/strong> och <strong>Linear Hall Trigger<\/strong> ger 250Hz returfrekvens, vilket ger o\u00f6vertr\u00e4ffad precision och respons. Systemet har ocks\u00e5 avancerade anpassningsalternativ, inklusive:  <\/p>\n\n\n\n<ul class=\"wp-block-list\">\n<li><strong>SoundTAP Magic Ljudvibration<\/strong><\/li>\n\n\n\n<li><strong>XInput Vibration<\/strong> och knappvibration<\/li>\n\n\n\n<li><strong>Anpassade prestandamodeller<\/strong><\/li>\n<\/ul>\n\n\n\n<p>Dessa funktioner ger en m\u00e5ngsidig spelupplevelse som \u00e4r skr\u00e4ddarsydd efter dina \u00f6nskem\u00e5l.<\/p>\n<\/div>\n\n\n\n<div class=\"wp-block-column is-layout-flow wp-block-column-is-layout-flow\">\n<figure class=\"wp-block-image size-full\"><a href=\"https:\/\/ayaneo.co\/wp-content\/uploads\/2025\/01\/AYANEO-POCKET-EVO-MARKETING-DONE-20-1-1024x1024-1.jpg\"><img loading=\"lazy\" decoding=\"async\" width=\"1024\" height=\"1024\" src=\"https:\/\/ayaneo.co\/wp-content\/uploads\/2025\/01\/AYANEO-POCKET-EVO-MARKETING-DONE-20-1-1024x1024-1.jpg\" alt=\"N&#xE4;rbild av AYANEO Pocket EVO Master Controller i svart, med joysticks med h&#xF6;g precision, avtryckarknappar och &#xE5;tta anpassningsbara funktioner f&#xF6;r en professionell spelupplevelse.\" class=\"wp-image-37445\" srcset=\"https:\/\/ayaneo.co\/wp-content\/uploads\/2025\/01\/AYANEO-POCKET-EVO-MARKETING-DONE-20-1-1024x1024-1.jpg 1024w, https:\/\/ayaneo.co\/wp-content\/uploads\/2025\/01\/AYANEO-POCKET-EVO-MARKETING-DONE-20-1-1024x1024-1-300x300.jpg 300w, https:\/\/ayaneo.co\/wp-content\/uploads\/2025\/01\/AYANEO-POCKET-EVO-MARKETING-DONE-20-1-1024x1024-1-150x150.jpg 150w, https:\/\/ayaneo.co\/wp-content\/uploads\/2025\/01\/AYANEO-POCKET-EVO-MARKETING-DONE-20-1-1024x1024-1-768x768.jpg 768w, https:\/\/ayaneo.co\/wp-content\/uploads\/2025\/01\/AYANEO-POCKET-EVO-MARKETING-DONE-20-1-1024x1024-1-65x65.jpg 65w, https:\/\/ayaneo.co\/wp-content\/uploads\/2025\/01\/AYANEO-POCKET-EVO-MARKETING-DONE-20-1-1024x1024-1-990x990.jpg 990w, https:\/\/ayaneo.co\/wp-content\/uploads\/2025\/01\/AYANEO-POCKET-EVO-MARKETING-DONE-20-1-1024x1024-1-441x441.jpg 441w, https:\/\/ayaneo.co\/wp-content\/uploads\/2025\/01\/AYANEO-POCKET-EVO-MARKETING-DONE-20-1-1024x1024-1-100x100.jpg 100w, https:\/\/ayaneo.co\/wp-content\/uploads\/2025\/01\/AYANEO-POCKET-EVO-MARKETING-DONE-20-1-1024x1024-1-600x600.jpg 600w\" sizes=\"(max-width: 1024px) 100vw, 1024px\" \/><\/a><\/figure>\n\n\n\n<h3 class=\"wp-block-heading\"><strong>Precision i proffsklass: RGB-joysticks med hall-effekt f\u00f6r tillf\u00f6rlitlig och exakt inmatning<\/strong><\/h3>\n\n\n\n<p>Pocket EVO har en intuitiv och innovativ kontrollayout:<\/p>\n\n\n\n<ul class=\"wp-block-list\">\n<li><strong>RGB-joystick med hall-effekt<\/strong> f\u00f6r exakt och tillf\u00f6rlitlig inmatning<\/li>\n\n\n\n<li><strong>Linj\u00e4ra Hall Triggers<\/strong> med 250Hz returfrekvens<\/li>\n\n\n\n<li><strong>HD-linj\u00e4rmotor<\/strong> f\u00f6r f\u00f6rb\u00e4ttrad taktil \u00e5terkoppling<\/li>\n\n\n\n<li><strong>Sexaxligt gyroskop<\/strong> f\u00f6r r\u00f6relsek\u00e4nsligt spelande<\/li>\n\n\n\n<li><strong>Hemknapp<\/strong> med genv\u00e4gsfunktioner f\u00f6r emulator och samtalsmeny f\u00f6r Xbox-streaming<\/li>\n<\/ul>\n\n\n\n<p><strong>Turbo Key<\/strong> g\u00f6r det dessutom m\u00f6jligt att snabbt v\u00e4xla mellan olika prestandal\u00e4gen, och str\u00f6mknappen har fingeravtrycksigenk\u00e4nning f\u00f6r s\u00e4ker \u00e5tkomst.<\/p>\n<\/div>\n<\/div>\n\n<hr class=\"wp-block-separator has-alpha-channel-opacity\"\/>\n\n<div class=\"wp-block-columns is-layout-flex wp-container-core-columns-is-layout-28f84493 wp-block-columns-is-layout-flex\">\n<div class=\"wp-block-column is-layout-flow wp-block-column-is-layout-flow\" style=\"flex-basis:33.33%\">\n<figure class=\"wp-block-image size-full\"><a href=\"https:\/\/ayaneo.co\/wp-content\/uploads\/2025\/01\/AYANEO-POCKET-EVO-MARKETING-DONE-26-1024x1024-1.jpg\"><img loading=\"lazy\" decoding=\"async\" width=\"1024\" height=\"1024\" src=\"https:\/\/ayaneo.co\/wp-content\/uploads\/2025\/01\/AYANEO-POCKET-EVO-MARKETING-DONE-26-1024x1024-1.jpg\" alt=\"Ultrasnabb data&#xF6;verf&#xF6;ring i AYANEO Pocket EVO, med funktioner som USB 3.2 Gen 2 Type-C, LPDDR5X h&#xF6;ghastighetsminne och en microSD-plats f&#xF6;r ut&#xF6;kad lagring\" class=\"wp-image-37446\" srcset=\"https:\/\/ayaneo.co\/wp-content\/uploads\/2025\/01\/AYANEO-POCKET-EVO-MARKETING-DONE-26-1024x1024-1.jpg 1024w, https:\/\/ayaneo.co\/wp-content\/uploads\/2025\/01\/AYANEO-POCKET-EVO-MARKETING-DONE-26-1024x1024-1-300x300.jpg 300w, https:\/\/ayaneo.co\/wp-content\/uploads\/2025\/01\/AYANEO-POCKET-EVO-MARKETING-DONE-26-1024x1024-1-150x150.jpg 150w, https:\/\/ayaneo.co\/wp-content\/uploads\/2025\/01\/AYANEO-POCKET-EVO-MARKETING-DONE-26-1024x1024-1-768x768.jpg 768w, https:\/\/ayaneo.co\/wp-content\/uploads\/2025\/01\/AYANEO-POCKET-EVO-MARKETING-DONE-26-1024x1024-1-65x65.jpg 65w, https:\/\/ayaneo.co\/wp-content\/uploads\/2025\/01\/AYANEO-POCKET-EVO-MARKETING-DONE-26-1024x1024-1-990x990.jpg 990w, https:\/\/ayaneo.co\/wp-content\/uploads\/2025\/01\/AYANEO-POCKET-EVO-MARKETING-DONE-26-1024x1024-1-441x441.jpg 441w, https:\/\/ayaneo.co\/wp-content\/uploads\/2025\/01\/AYANEO-POCKET-EVO-MARKETING-DONE-26-1024x1024-1-100x100.jpg 100w, https:\/\/ayaneo.co\/wp-content\/uploads\/2025\/01\/AYANEO-POCKET-EVO-MARKETING-DONE-26-1024x1024-1-600x600.jpg 600w\" sizes=\"(max-width: 1024px) 100vw, 1024px\" \/><\/a><\/figure>\n<\/div>\n\n\n\n<div class=\"wp-block-column is-layout-flow wp-block-column-is-layout-flow\" style=\"flex-basis:66.66%\">\n<h2 class=\"wp-block-heading\"><strong>Lagring och anslutningsm\u00f6jligheter<\/strong><\/h2>\n\n\n\n<p>AYANEO Pocket EVO erbjuder robusta anslutnings- och lagringsalternativ:<\/p>\n\n\n\n<ul class=\"wp-block-list\">\n<li><strong>1x USB 3.2 Gen 2 Type-C<\/strong> med <strong>full funktion<\/strong> och \u00f6verf\u00f6ringshastighet p\u00e5 10 Gbps<\/li>\n\n\n\n<li><strong>1x Micro SD-kortplats<\/strong> med \u00f6verf\u00f6ringshastighet p\u00e5 upp till 100 MB\/s<\/li>\n\n\n\n<li><strong>H\u00f6ghastighets-WiFi och Bluetooth 5.3<\/strong><\/li>\n<\/ul>\n<\/div>\n<\/div>\n\n<hr class=\"wp-block-separator has-alpha-channel-opacity\"\/>\n\n<div class=\"wp-block-columns is-layout-flex wp-container-core-columns-is-layout-28f84493 wp-block-columns-is-layout-flex\">\n<div class=\"wp-block-column is-layout-flow wp-block-column-is-layout-flow\">\n<figure class=\"wp-block-image size-full\"><a href=\"https:\/\/ayaneo.co\/wp-content\/uploads\/2025\/01\/AYANEO-POCKET-EVO-MARKETING-DONE-12-1024x1024-1.jpg\"><img loading=\"lazy\" decoding=\"async\" width=\"1024\" height=\"1024\" src=\"https:\/\/ayaneo.co\/wp-content\/uploads\/2025\/01\/AYANEO-POCKET-EVO-MARKETING-DONE-12-1024x1024-1.jpg\" alt=\"J&#xE4;mf&#xF6;relse fr&#xE5;n sidan av de vita och svarta AYANEO Pocket EVO-modellerna, med betoning p&#xE5; den ultratunna tjockleken p&#xE5; 17 mm och den l&#xE4;tta vikten p&#xE5; 478 g j&#xE4;mf&#xF6;rt med andra handh&#xE5;llna enheter.\" class=\"wp-image-37447\" srcset=\"https:\/\/ayaneo.co\/wp-content\/uploads\/2025\/01\/AYANEO-POCKET-EVO-MARKETING-DONE-12-1024x1024-1.jpg 1024w, https:\/\/ayaneo.co\/wp-content\/uploads\/2025\/01\/AYANEO-POCKET-EVO-MARKETING-DONE-12-1024x1024-1-300x300.jpg 300w, https:\/\/ayaneo.co\/wp-content\/uploads\/2025\/01\/AYANEO-POCKET-EVO-MARKETING-DONE-12-1024x1024-1-150x150.jpg 150w, https:\/\/ayaneo.co\/wp-content\/uploads\/2025\/01\/AYANEO-POCKET-EVO-MARKETING-DONE-12-1024x1024-1-768x768.jpg 768w, https:\/\/ayaneo.co\/wp-content\/uploads\/2025\/01\/AYANEO-POCKET-EVO-MARKETING-DONE-12-1024x1024-1-65x65.jpg 65w, https:\/\/ayaneo.co\/wp-content\/uploads\/2025\/01\/AYANEO-POCKET-EVO-MARKETING-DONE-12-1024x1024-1-990x990.jpg 990w, https:\/\/ayaneo.co\/wp-content\/uploads\/2025\/01\/AYANEO-POCKET-EVO-MARKETING-DONE-12-1024x1024-1-441x441.jpg 441w, https:\/\/ayaneo.co\/wp-content\/uploads\/2025\/01\/AYANEO-POCKET-EVO-MARKETING-DONE-12-1024x1024-1-100x100.jpg 100w, https:\/\/ayaneo.co\/wp-content\/uploads\/2025\/01\/AYANEO-POCKET-EVO-MARKETING-DONE-12-1024x1024-1-600x600.jpg 600w\" sizes=\"(max-width: 1024px) 100vw, 1024px\" \/><\/a><\/figure>\n<\/div>\n\n\n\n<div class=\"wp-block-column is-layout-flow wp-block-column-is-layout-flow\">\n<figure class=\"wp-block-image size-full\"><a href=\"https:\/\/ayaneo.co\/wp-content\/uploads\/2025\/01\/AYANEO-POCKET-EVO-MARKETING-DONE-27-1024x1024-1.jpg\"><img loading=\"lazy\" decoding=\"async\" width=\"1024\" height=\"1024\" src=\"https:\/\/ayaneo.co\/wp-content\/uploads\/2025\/01\/AYANEO-POCKET-EVO-MARKETING-DONE-27-1024x1024-1.jpg\" alt=\"Startgr&#xE4;nssnitten AYASpace och AYAHome, som visar upp anpassningsbara prestandal&#xE4;gen, optimerad hantering av spelbibliotek och en s&#xF6;ml&#xF6;s anv&#xE4;ndarupplevelse p&#xE5; AYANEO Pocket EVO.\" class=\"wp-image-37448\" srcset=\"https:\/\/ayaneo.co\/wp-content\/uploads\/2025\/01\/AYANEO-POCKET-EVO-MARKETING-DONE-27-1024x1024-1.jpg 1024w, https:\/\/ayaneo.co\/wp-content\/uploads\/2025\/01\/AYANEO-POCKET-EVO-MARKETING-DONE-27-1024x1024-1-300x300.jpg 300w, https:\/\/ayaneo.co\/wp-content\/uploads\/2025\/01\/AYANEO-POCKET-EVO-MARKETING-DONE-27-1024x1024-1-150x150.jpg 150w, https:\/\/ayaneo.co\/wp-content\/uploads\/2025\/01\/AYANEO-POCKET-EVO-MARKETING-DONE-27-1024x1024-1-768x768.jpg 768w, https:\/\/ayaneo.co\/wp-content\/uploads\/2025\/01\/AYANEO-POCKET-EVO-MARKETING-DONE-27-1024x1024-1-65x65.jpg 65w, https:\/\/ayaneo.co\/wp-content\/uploads\/2025\/01\/AYANEO-POCKET-EVO-MARKETING-DONE-27-1024x1024-1-990x990.jpg 990w, https:\/\/ayaneo.co\/wp-content\/uploads\/2025\/01\/AYANEO-POCKET-EVO-MARKETING-DONE-27-1024x1024-1-441x441.jpg 441w, https:\/\/ayaneo.co\/wp-content\/uploads\/2025\/01\/AYANEO-POCKET-EVO-MARKETING-DONE-27-1024x1024-1-100x100.jpg 100w, https:\/\/ayaneo.co\/wp-content\/uploads\/2025\/01\/AYANEO-POCKET-EVO-MARKETING-DONE-27-1024x1024-1-600x600.jpg 600w\" sizes=\"(max-width: 1024px) 100vw, 1024px\" \/><\/a><\/figure>\n<\/div>\n<\/div>\n\n<h2 class=\"wp-block-heading\"><strong>Batteri och ytterligare funktioner<\/strong><\/h2>\n\n<p>Pocket EVO drivs av ett <strong>8600mAh-batteri<\/strong> med st\u00f6d f\u00f6r <strong>PD-snabbladdning<\/strong> (laddare ing\u00e5r ej). Dess kompakta m\u00e5tt p\u00e5 <strong>260,5 x 100 x 17 mm<\/strong> (33,9 mm grepptjocklek) och l\u00e4tta design p\u00e5 <strong>478 g<\/strong> g\u00f6r den mycket portabel. <\/p>\n\n<p>Ytterligare funktioner inkluderar:<\/p>\n\n<ul class=\"wp-block-list\">\n<li><strong>AYASpace System<\/strong> och <strong>AYAHome Launcher<\/strong> f\u00f6r s\u00f6ml\u00f6s navigering<\/li>\n\n\n\n<li>Avancerat kylsystem f\u00f6r bibeh\u00e5llen prestanda<\/li>\n<\/ul>\n\n<hr class=\"wp-block-separator has-alpha-channel-opacity\"\/>\n\n<p>AYANEO Pocket EVO \u00e4r ett m\u00e4sterverk av teknik och design, som erbjuder spelare en f\u00f6rstklassig handh\u00e5llen upplevelse. Oavsett om du \u00e4r hemma eller p\u00e5 resande fot levererar Pocket EVO prestanda och b\u00e4rbarhet utan kompromisser. <\/p>\n\n<figure class=\"wp-block-image size-full\"><a href=\"https:\/\/ayaneo.co\/wp-content\/uploads\/2025\/01\/AYANEO-POCKET-EVO-MARKETING-DONE-30-1024x1024-1.jpg\"><img loading=\"lazy\" decoding=\"async\" width=\"1024\" height=\"1024\" src=\"https:\/\/ayaneo.co\/wp-content\/uploads\/2025\/01\/AYANEO-POCKET-EVO-MARKETING-DONE-30-1024x1024-1.jpg\" alt=\"Specifikationsblad f&#xF6;r AYANEO Pocket EVO, med detaljer som Snapdragon G3x Gen 2 plattform, 7-tums 1080p OLED HDR 120Hz sk&#xE4;rm, ergonomisk design och 8600mAh batterikapacitet.\" class=\"wp-image-37449\" srcset=\"https:\/\/ayaneo.co\/wp-content\/uploads\/2025\/01\/AYANEO-POCKET-EVO-MARKETING-DONE-30-1024x1024-1.jpg 1024w, https:\/\/ayaneo.co\/wp-content\/uploads\/2025\/01\/AYANEO-POCKET-EVO-MARKETING-DONE-30-1024x1024-1-300x300.jpg 300w, https:\/\/ayaneo.co\/wp-content\/uploads\/2025\/01\/AYANEO-POCKET-EVO-MARKETING-DONE-30-1024x1024-1-150x150.jpg 150w, https:\/\/ayaneo.co\/wp-content\/uploads\/2025\/01\/AYANEO-POCKET-EVO-MARKETING-DONE-30-1024x1024-1-768x768.jpg 768w, https:\/\/ayaneo.co\/wp-content\/uploads\/2025\/01\/AYANEO-POCKET-EVO-MARKETING-DONE-30-1024x1024-1-65x65.jpg 65w, https:\/\/ayaneo.co\/wp-content\/uploads\/2025\/01\/AYANEO-POCKET-EVO-MARKETING-DONE-30-1024x1024-1-990x990.jpg 990w, https:\/\/ayaneo.co\/wp-content\/uploads\/2025\/01\/AYANEO-POCKET-EVO-MARKETING-DONE-30-1024x1024-1-441x441.jpg 441w, https:\/\/ayaneo.co\/wp-content\/uploads\/2025\/01\/AYANEO-POCKET-EVO-MARKETING-DONE-30-1024x1024-1-100x100.jpg 100w, https:\/\/ayaneo.co\/wp-content\/uploads\/2025\/01\/AYANEO-POCKET-EVO-MARKETING-DONE-30-1024x1024-1-600x600.jpg 600w\" sizes=\"(max-width: 1024px) 100vw, 1024px\" \/><\/a><\/figure>\n","protected":false},"excerpt":{"rendered":"<ul>\n<li>Processor: Qualcomm <strong>Snapdragon G3x Gen 2<\/strong><\/li>\n<li>Sk\u00e4rm: <strong>7 tum OLED<\/strong>, 1920&#215;1080 uppl\u00f6sning<\/li>\n<li>RAM: Upp till <strong>12 GB<\/strong> LPDDR5X @ <strong>8533 MT\/s<\/strong><\/li>\n<li>Lagringskapacitet: Upp till <strong>256 GB<\/strong> UFS<\/li>\n<li>Anslutningsm\u00f6jligheter: Wi-Fi <strong>6E<\/strong> &amp; Bluetooth <strong>5.3<\/strong><\/li>\n<\/ul>\n<p><img loading=\"lazy\" decoding=\"async\" src=\"https:\/\/ayaneo.co\/wp-content\/uploads\/2025\/01\/EVO-FREE-GIFTS-NEW.png\" alt=\"Reklambanner som erbjuder gratis g\u00e5vor vid k\u00f6p av AYANEO Pocket EVO, inklusive ett skyddsfodral och sk\u00e4rmskydd. Fodralets f\u00e4rg \u00e4r anpassad till enheten och artiklarna l\u00e4ggs automatiskt till i varukorgen. Banderollen inneh\u00e5ller bilder av enheten, svartvita skyddsfodral och ett sk\u00e4rmskydd.\" width=\"550\" height=\"140\" class=\"alignnone size-full wp-image-11050\" srcset=\"https:\/\/ayaneo.co\/wp-content\/uploads\/2025\/01\/EVO-FREE-GIFTS-NEW.png 550w, https:\/\/ayaneo.co\/wp-content\/uploads\/2025\/01\/EVO-FREE-GIFTS-NEW-300x76.png 300w, https:\/\/ayaneo.co\/wp-content\/uploads\/2025\/01\/EVO-FREE-GIFTS-NEW-441x112.png 441w, https:\/\/ayaneo.co\/wp-content\/uploads\/2025\/01\/EVO-FREE-GIFTS-NEW-150x38.png 150w\" sizes=\"(max-width: 550px) 100vw, 550px\" \/><\/p>\n[cg_accordion title=\"BETALNINGSINFORMATION\"]<\/p>\n<p>Vi anv\u00e4nder den senaste tekniken f\u00f6r betalningshantering, vilket g\u00f6r att du kan checka ut via Apple Pay, Google Pay, ditt betalkort\/kreditkort, PayPal eller BNPL-metoder som Klarna, Affirm eller AfterPay f\u00f6r en snabb och s\u00e4ker upplevelse.[\/cg_accordion]\n[cg_accordion title=\"GARANTI\"]<\/p>\n<p>1 \u00e5rs garanti fr\u00e5n <a href=\"https:\/\/droix.net\/\" target=\"_blank\" rel=\"nofollow noopener\">DROIX Global<\/a> f\u00f6r att du ska k\u00e4nna dig trygg[\/cg_accordion]\n[cg_accordion title=\"KVALITETSS\u00c4KRING OCH TESTNING F\u00d6RE AVS\u00c4NDNING\"]<\/p>\n<p>S\u00e4kerst\u00e4ller kundn\u00f6jdhet p\u00e5 h\u00f6gsta niv\u00e5: Varje enhet genomg\u00e5r rigor\u00f6s testning och en kvalitetss\u00e4kringskontroll i flera punkter innan den skickas. V\u00e5rt dedikerade team verifierar prestanda, funktionalitet och komponentintegritet f\u00f6r att garantera att din AYANEO-enhet \u00e4r i perfekt skick vid ankomst, vilket ger dig f\u00f6rtroende och sinnesfrid. [\/cg_accordion]\n[cg_accordion title=\"PRISER, SKATTER OCH FRAKT\"]<\/p>\n<p><strong><u>Obs!<\/u><\/strong><\/p>\n<ul>\n<li>Kunder i F\u00f6renta staterna: Det visade priset inkluderar INTE SKATT eller tullar. Ansvaret f\u00f6r att tullklarera och betala eventuell tillh\u00f6rande skatt\/avgift ligger p\u00e5 kunden. <\/li>\n<li>EU-kunder: Det visade priset inkluderar till\u00e4mplig skatt, som kan vara upp till 25% beroende p\u00e5 ditt land.<\/li>\n<li>Kunder i Kanada: Det visade priset inkluderar till\u00e4mpliga skatter, vilket kan inkludera 5% GST och ytterligare Provincial Sales Taxes (PST), Harmonized Sales Tax (HST) eller Quebec Sales Tax (QST), beroende p\u00e5 din provins.<\/li>\n<\/ul>\n<p>F\u00f6r v\u00e5ra kunder i USA: Best\u00e4llningar skickas DAP (Delivered At Place). Kunderna \u00e4r ansvariga f\u00f6r att betala eventuella till\u00e4mpliga avgifter, men vi anv\u00e4nder oss av v\u00e5r omfattande erfarenhet av frakt fr\u00e5n Storbritannien f\u00f6r att se till att du betalar minsta m\u00f6jliga avgift. Baserat p\u00e5 v\u00e5ra uppgifter \u00f6verstiger dessa avgifter normalt inte 10 % av varans v\u00e4rde.  <\/p>\n<p><strong>ENDAST f\u00f6r EU-kunder:<\/strong> Express DDP (Delivered Duty Paid). Detta betyder: <\/p>\n<ul>\n<li>Alla tullavgifter och skatter ing\u00e5r i det pris som visas p\u00e5 produktsidan.<\/li>\n<li>Du beh\u00f6ver inte betala n\u00e5gra extra avgifter vid leverans.<\/li>\n<li>I s\u00e4llsynta fall av tullrelaterade problem kommer v\u00e5rt team att hantera tullklareringsprocessen f\u00f6r din r\u00e4kning f\u00f6r att s\u00e4kerst\u00e4lla en smidig leveransupplevelse.<\/li>\n<p>Viktig information om returer:<\/p>\n<li>Om du best\u00e4mmer dig f\u00f6r att returnera din best\u00e4llning eller beg\u00e4ra \u00e5terbetalning ska du vara medveten om att skatter och avgifter som betalats f\u00f6r din r\u00e4kning enligt DDP-villkoren inte kan \u00e5terbetalas.<\/li>\n<p>F\u00f6r detaljerad information h\u00e4nvisas till v\u00e5ra allm\u00e4nna <a href=\"https:\/\/ayaneo.co\/sv\/villkor-for-tjansten\/\" target=\"_blank\" rel=\"nofollow noopener\">villkor<\/a>.\n<\/ul>\n<p>[\/cg_accordion]\n[cg_accordion title=\"KUNDTJ\u00c4NST\"]<\/p>\n<p>Har du en fr\u00e5ga? Vi \u00e4r bara ett kort sms bort fr\u00e5n att ha l\u00f6st ditt problem! [\/cg_accordion]\n[cg_accordion title=\"PAKETET INNEH\u00c5LLER\"]<\/p>\n<ul>\n<li>1x AYANEO Pocket EVO<\/li>\n<li>1x USB typ C-kabel<\/li>\n<li>1x Anv\u00e4ndarhandbok<\/li>\n<\/ul>\n<p>[\/cg_accordion]\n","protected":false},"featured_media":7068,"template":"","meta":{"_acf_changed":false},"product_brand":[],"product_cat":[587],"product_tag":[],"class_list":{"0":"post-6913","1":"product","2":"type-product","3":"status-publish","4":"has-post-thumbnail","6":"product_cat-android-spel-handhallen","7":"product_shipping_class-premium","8":"pa_brand-ayaneo","9":"pa_graphics-gpu-model-adreno-a32","10":"pa_operating-system-android-13","11":"pa_processor-cpu-brand-qualcomm","13":"first","14":"instock","15":"taxable","16":"shipping-taxable","17":"purchasable","18":"product-type-variable","19":"has-default-attributes"},"acf":[],"_links":{"self":[{"href":"https:\/\/ayaneo.co\/sv\/wp-json\/wp\/v2\/product\/6913","targetHints":{"allow":["GET"]}}],"collection":[{"href":"https:\/\/ayaneo.co\/sv\/wp-json\/wp\/v2\/product"}],"about":[{"href":"https:\/\/ayaneo.co\/sv\/wp-json\/wp\/v2\/types\/product"}],"wp:featuredmedia":[{"embeddable":true,"href":"https:\/\/ayaneo.co\/sv\/wp-json\/wp\/v2\/media\/7068"}],"wp:attachment":[{"href":"https:\/\/ayaneo.co\/sv\/wp-json\/wp\/v2\/media?parent=6913"}],"wp:term":[{"taxonomy":"product_brand","embeddable":true,"href":"https:\/\/ayaneo.co\/sv\/wp-json\/wp\/v2\/product_brand?post=6913"},{"taxonomy":"product_cat","embeddable":true,"href":"https:\/\/ayaneo.co\/sv\/wp-json\/wp\/v2\/product_cat?post=6913"},{"taxonomy":"product_tag","embeddable":true,"href":"https:\/\/ayaneo.co\/sv\/wp-json\/wp\/v2\/product_tag?post=6913"}],"curies":[{"name":"wp","href":"https:\/\/api.w.org\/{rel}","templated":true}]}}