{"id":7482,"date":"2025-01-20T12:04:53","date_gmt":"2025-01-20T12:04:53","guid":{"rendered":"https:\/\/ayaneo.co\/?post_type=product&#038;p=7482"},"modified":"2025-04-11T12:11:30","modified_gmt":"2025-04-11T12:11:30","slug":"aya-neo-glidsko-copy","status":"publish","type":"product","link":"https:\/\/ayaneo.co\/sv\/product\/aya-neo-glidsko-copy\/","title":{"rendered":"AYANEO N\u00c4STA"},"content":{"rendered":"\n<figure class=\"wp-block-image\"><img decoding=\"async\" src=\"https:\/\/droix.net\/wp-content\/uploads\/2022\/01\/product-overview-1024x584.png\" alt=\"\" title=\"AYA NEO NEXT 1\"\/><\/figure>\n\n<h2 class=\"wp-block-heading\">AMD Ryzen Zen 3-konsol<\/h2>\n\n<p>Upp till 4,5 Ghz r\u00e5 kraft<\/p>\n\n<p>N\u00e4r det g\u00e4ller processorkraft \u00e4r AYANEO Next PC Gaming Handheld inte att leka med i soffan.<\/p>\n\n<p>&#8221;H\u00e4stkrafterna\" kommer fr\u00e5n en AMD Ryzen 7 5825U-processor, baserad p\u00e5 den senaste ZEN 3-arkitekturen. Detta ger en smidig spelupplevelse samtidigt som batterif\u00f6rbrukningen h\u00e5lls p\u00e5 ett minimum. Ryzen 7 APU som finns i AYANEO Next \u00e4r baserad p\u00e5 TSMC:s 7nm FinFET-litografi  <\/p>\n\n<p>5825U Ryzen 7-processorn \u00e4r en \u00e5ttak\u00e4rnig processor med 16 exekveringstr\u00e5dar. Den kan g\u00e5 p\u00e5 tomg\u00e5ng vid 2,0 GHz och \u00f6ka till 4,5 GHz under tung belastning. I kombination med programvaran AYA Space kan du konfigurera TDP p\u00e5 AYANEO Next Handheld upp till 32 W f\u00f6r \u00e4nnu b\u00e4ttre prestanda.  <\/p>\n\n<p>Dina spel kommer att bli betydligt snabbare j\u00e4mf\u00f6rt med den senaste generationens PC-spelkonsoler.  <\/p>\n\n<p>F\u00f6r att hj\u00e4lpa till med processorkraften finns ocks\u00e5 16 GB dubbelkanals LPDDR4x RAM ombord, vilket h\u00e5ller j\u00e4mna steg med de st\u00e4ndigt v\u00e4xande systemkraven. P\u00e5 tal om systemkrav finns det tv\u00e5 lagringsalternativ: 1TB och 2TB - Detta s\u00e4kerst\u00e4ller att du har tillr\u00e4ckligt med utrymme f\u00f6r de senaste PC-spelen. (Jag tittar p\u00e5 dig, Call of Duty) j  <\/p>\n\n<figure class=\"wp-block-image\"><img decoding=\"async\" src=\"https:\/\/droix.net\/wp-content\/uploads\/elementor\/thumbs\/processor-q8z5das1ql6n9ve6zhwvyxoict8wyvevo2ttgvwkqo.png\" alt=\"processor\" title=\"processor\"\/><\/figure>\n\n<h2 class=\"wp-block-heading\">AYANEO N\u00e4sta AMD GPU<\/h2>\n\n<p>Spela de senaste AAA-spelen<\/p>\n\n<p>Den AMD-grafik som finns i AYANEO Next \u00e4r perfekt f\u00f6r spel i farten. Det \u00e4r v\u00e4lk\u00e4nt inom spelv\u00e4rlden att AMD l\u00e4gger ner extra arbete p\u00e5 integration och kompatibilitet med de senaste spelen p\u00e5 marknaden. <\/p>\n\n<p>Grafikchipsetet i AYANEO Next \u00e4r 17% snabbare i benchmarks j\u00e4mf\u00f6rt med den gamla generationens AMD Graphics. Tillsammans med programvaran AYA Space, som g\u00f6r att du kan styra din konsols TDP, och den fantastiska kylningsl\u00f6sningen \u00e4r AYANEO Next en riktig speldjur. <\/p>\n\n<h2 class=\"wp-block-heading\">Dj\u00e4rv och ljus<\/h2>\n\n<p>7\u2033 H-IPS Display<\/p>\n\n<p>N\u00e4r du spelar \u00e4r hastighet och FPS inte allt (ok, det \u00e4r ungef\u00e4r 90% av upplevelsen) men det medium genom vilket du absorberar upplevelsen \u00e4r mycket viktigt.<\/p>\n\n<p>Det \u00e4r anledningen till att AYANEO Next levereras med en vacker 1280*800 H-IPS peksk\u00e4rm.<\/p>\n\n<figure class=\"wp-block-image\"><img decoding=\"async\" src=\"https:\/\/droix.net\/wp-content\/uploads\/2022\/01\/AYANEO-NEXT-BRIGHT-WHITE-MARKETING-PICTURE-2-scaled.jpg\" alt=\"AYANEO-N&#xC4;ST-LYSANDE-VIT-MARKNADSF&#xD6;RING-BILD-2\" title=\"AYA NEO NEXT 2\"\/><\/figure>\n\n<figure class=\"wp-block-image\"><img decoding=\"async\" src=\"https:\/\/droix.net\/wp-content\/uploads\/2022\/01\/AYANEO-NEXT-JET-BLACK-MARKETING-PICTURE-2-scaled.jpg\" alt=\"AYANEO-N&#xC4;STA-JET-SVART-MARKNADSF&#xD6;RING-BILD-2\" title=\"AYA NEO NEXT 3\"\/><\/figure>\n\n<figure class=\"wp-block-image\"><img decoding=\"async\" src=\"https:\/\/droix.net\/wp-content\/uploads\/2022\/01\/AYANEO-NEXT-MIDNIGHT-BLUE-MARKETING-PICTURE-4-scaled.jpg\" alt=\"AYANEO-N&#xC4;STA-MIDNATT-BL&#xC5;-MARKNADSF&#xD6;RING-BILD-4\" title=\"AYA NEO NEXT 4\"\/><\/figure>\n\n<figure class=\"wp-block-image\"><img decoding=\"async\" src=\"https:\/\/droix.net\/wp-content\/uploads\/2022\/01\/AYANEO-NEXT-PASTEL-BLUE-MARKETING-PICTURE-7-scaled.jpg\" alt=\"AYANEO-N&#xC4;STA-PASTELLBL&#xC5;-MARKNADSF&#xD6;RINGSBILD-7\" title=\"AYA NEO NEXT 5\"\/><\/figure>\n\n<h2 class=\"wp-block-heading\">Spel A-Z<\/h2>\n\n<p>AYANEO Next PC Gaming Handheld uppfyller alla krav - den levereras med den b\u00e4sta h\u00e5rdvaran f\u00f6r att g\u00f6ra dina spelsessioner s\u00e5 bekv\u00e4ma som m\u00f6jligt.<\/p>\n\n<figure class=\"wp-block-image\"><img decoding=\"async\" src=\"https:\/\/droix.net\/wp-content\/uploads\/2022\/01\/high-quality-build.png\" alt=\"\" title=\"AYA NEO NEXT 6\"\/><\/figure>\n\n<figure class=\"wp-block-image\"><img decoding=\"async\" src=\"https:\/\/droix.net\/wp-content\/uploads\/2022\/01\/shoulder-buttons.png\" alt=\"\" title=\"AYA NEO NEXT 7\"\/><\/figure>\n\n<figure class=\"wp-block-image\"><img decoding=\"async\" src=\"https:\/\/droix.net\/wp-content\/uploads\/2022\/01\/fingerprint.png\" alt=\"\" title=\"AYA NEO NEXT 8\"\/><\/figure>\n","protected":false},"excerpt":{"rendered":"<ul>\n<li>AMD\u00ae <strong>Ryzen\u2122 7 5825U<\/strong> med AMD Radeon\u2122 Vega 8-grafik<\/li>\n<li><strong>16 GB<\/strong> dubbelkanalig LPDDR4x @ 4266 MHz<\/li>\n<li><strong>2<\/strong><strong>TB\/2<\/strong> <strong>TB<\/strong> h\u00f6ghastighets PCI-E NVMe SSD<\/li>\n<li><strong>7\u2033<\/strong> H-IPS Peksk\u00e4rm<\/li>\n<li>St\u00f6d f\u00f6r <strong>WiFi 6<\/strong> IEEE och <strong>Bluetooth 5.2<\/strong> <\/li>\n<\/ul>\n[cg_accordion title=\"BETALNINGSINFORMATION\"]<\/p>\n<p>Vi anv\u00e4nder den senaste tekniken f\u00f6r betalningshantering, vilket g\u00f6r att du kan checka ut via Apple Pay, Google Pay, ditt betalkort\/kreditkort, PayPal eller BNPL-metoder som Klarna, Affirm eller AfterPay f\u00f6r en snabb och s\u00e4ker upplevelse.[\/cg_accordion]\n[cg_accordion title=\"GARANTI\"]<\/p>\n<p>1 \u00e5rs garanti fr\u00e5n <a href=\"https:\/\/droix.net\/\" target=\"_blank\" rel=\"nofollow noopener\">DROIX Global<\/a> f\u00f6r att du ska k\u00e4nna dig trygg[\/cg_accordion]\n[cg_accordion title=\"PRISER, SKATTER OCH FRAKT\"]<\/p>\n<p><strong><u>Obs!<\/u><\/strong><\/p>\n<ul>\n<li>Kunder i F\u00f6renta staterna: Det visade priset inkluderar INTE SKATT eller tullar. Ansvaret f\u00f6r att tullklarera och betala eventuell tillh\u00f6rande skatt\/avgift ligger p\u00e5 kunden. <\/li>\n<li>EU-kunder: Det visade priset inkluderar till\u00e4mplig skatt, som kan vara upp till 25% beroende p\u00e5 ditt land.<\/li>\n<li>Kunder i Kanada: Det visade priset inkluderar till\u00e4mpliga skatter, vilket kan inkludera 5% GST och ytterligare Provincial Sales Taxes (PST), Harmonized Sales Tax (HST) eller Quebec Sales Tax (QST), beroende p\u00e5 din provins.<\/li>\n<\/ul>\n<p><strong>ENDAST f\u00f6r EU-kunder:<\/strong> Express DDP (Delivered Duty Paid). Detta betyder: <\/p>\n<ul>\n<li>Alla tullavgifter och skatter ing\u00e5r i det pris som visas p\u00e5 produktsidan.<\/li>\n<li>Du beh\u00f6ver inte betala n\u00e5gra extra avgifter vid leverans.<\/li>\n<li>I s\u00e4llsynta fall av tullrelaterade problem kommer v\u00e5rt team att hantera tullklareringsprocessen f\u00f6r din r\u00e4kning f\u00f6r att s\u00e4kerst\u00e4lla en smidig leveransupplevelse.<\/li>\n<p>Viktig information om returer:<\/p>\n<li>Om du best\u00e4mmer dig f\u00f6r att returnera din best\u00e4llning eller beg\u00e4ra \u00e5terbetalning ska du vara medveten om att skatter och avgifter som betalats f\u00f6r din r\u00e4kning enligt DDP-villkoren inte kan \u00e5terbetalas.<\/li>\n<p>F\u00f6r detaljerad information h\u00e4nvisas till v\u00e5ra allm\u00e4nna <a href=\"https:\/\/ayaneo.co\/terms-of-service-2\/\" target=\"_blank\" rel=\"nofollow noopener\">villkor<\/a>.\n<\/ul>\n<p>[\/cg_accordion]\n[cg_accordion title=\"KUNDTJ\u00c4NST\"]<\/p>\n<p>Har du en fr\u00e5ga? Vi \u00e4r bara ett kort sms bort fr\u00e5n att ha l\u00f6st ditt problem!<br \/>\n[\/cg_accordion]\n[cg_accordion title=\"Paketet inneh\u00e5ller\"]<\/p>\n<ul>\n<li>1x AYANEO N\u00c4STA<\/li>\n<li>1x USB typ C-kabel<\/li>\n<li>1x Anv\u00e4ndarhandbok<\/li>\n<\/ul>\n<p>[\/cg_accordion]\n","protected":false},"featured_media":7503,"template":"","meta":{"_acf_changed":false},"product_brand":[],"product_cat":[541],"product_tag":[],"class_list":{"0":"post-7482","1":"product","2":"type-product","3":"status-publish","4":"has-post-thumbnail","6":"product_cat-handhallna-speldatorer","7":"product_shipping_class-premium","8":"pa_brand-ayaneo","9":"pa_graphics-gpu-model-radeon-graphics","10":"pa_operating-system-windows-11-home","11":"pa_processor-cpu-brand-amd","13":"first","14":"outofstock","15":"sale","16":"taxable","17":"shipping-taxable","18":"purchasable","19":"product-type-variable","20":"has-default-attributes"},"acf":[],"_links":{"self":[{"href":"https:\/\/ayaneo.co\/sv\/wp-json\/wp\/v2\/product\/7482","targetHints":{"allow":["GET"]}}],"collection":[{"href":"https:\/\/ayaneo.co\/sv\/wp-json\/wp\/v2\/product"}],"about":[{"href":"https:\/\/ayaneo.co\/sv\/wp-json\/wp\/v2\/types\/product"}],"wp:featuredmedia":[{"embeddable":true,"href":"https:\/\/ayaneo.co\/sv\/wp-json\/wp\/v2\/media\/7503"}],"wp:attachment":[{"href":"https:\/\/ayaneo.co\/sv\/wp-json\/wp\/v2\/media?parent=7482"}],"wp:term":[{"taxonomy":"product_brand","embeddable":true,"href":"https:\/\/ayaneo.co\/sv\/wp-json\/wp\/v2\/product_brand?post=7482"},{"taxonomy":"product_cat","embeddable":true,"href":"https:\/\/ayaneo.co\/sv\/wp-json\/wp\/v2\/product_cat?post=7482"},{"taxonomy":"product_tag","embeddable":true,"href":"https:\/\/ayaneo.co\/sv\/wp-json\/wp\/v2\/product_tag?post=7482"}],"curies":[{"name":"wp","href":"https:\/\/api.w.org\/{rel}","templated":true}]}}